{"id":71689,"date":"2023-01-19T15:47:49","date_gmt":"2023-01-19T14:47:49","guid":{"rendered":"https:\/\/secureus.se\/produkt\/klamma-i-metall-genomskinligt-band-langd-70-mm-mellan-knappfasten-100-pack-2\/"},"modified":"2026-04-23T12:31:42","modified_gmt":"2026-04-23T10:31:42","slug":"klamma-i-metall-genomskinligt-band-langd-70-mm-mellan-knappfasten-100-pack-2","status":"publish","type":"product","link":"https:\/\/secureus.se\/es\/klamma-i-metall-genomskinligt-band-langd-70-mm-mellan-knappfasten-100-pack-2\/","title":{"rendered":"Pasador met\u00e1lico con pinza de cocodrilo y correa reforzada adicional de 70 mm (paquete de 100)"},"content":{"rendered":"<p>Pasador met\u00e1lico con pinza de cocodrilo y correa reforzada adicional de 70 mm (paquete de 100)<\/p>\n<p>Se vende en paquetes de 100.<\/p>","protected":false},"excerpt":{"rendered":"<p>Krokodilkl\u00e4mma metallp och 70 mm extra f\u00f6rst\u00e4rkt band (100-pack) S\u00e4ljes i 100 pack<\/p>","protected":false},"featured_media":141031,"template":"","meta":{"_acf_changed":false},"product_brand":[],"product_cat":[1692],"product_tag":[3069],"class_list":{"0":"post-71689","1":"product","2":"type-product","3":"status-publish","4":"has-post-thumbnail","6":"product_cat-kortklamma-montering","7":"product_tag-trade-produkt","8":"product_shipping_class-postnord-varubrev","9":"tm-no-options","11":"first","12":"instock","13":"sale","14":"taxable","15":"shipping-taxable","16":"purchasable","17":"product-type-simple"},"acf":[],"_links":{"self":[{"href":"https:\/\/secureus.se\/es\/wp-json\/wp\/v2\/product\/71689","targetHints":{"allow":["GET"]}}],"collection":[{"href":"https:\/\/secureus.se\/es\/wp-json\/wp\/v2\/product"}],"about":[{"href":"https:\/\/secureus.se\/es\/wp-json\/wp\/v2\/types\/product"}],"wp:featuredmedia":[{"embeddable":true,"href":"https:\/\/secureus.se\/es\/wp-json\/wp\/v2\/media\/141031"}],"wp:attachment":[{"href":"https:\/\/secureus.se\/es\/wp-json\/wp\/v2\/media?parent=71689"}],"wp:term":[{"taxonomy":"product_brand","embeddable":true,"href":"https:\/\/secureus.se\/es\/wp-json\/wp\/v2\/product_brand?post=71689"},{"taxonomy":"product_cat","embeddable":true,"href":"https:\/\/secureus.se\/es\/wp-json\/wp\/v2\/product_cat?post=71689"},{"taxonomy":"product_tag","embeddable":true,"href":"https:\/\/secureus.se\/es\/wp-json\/wp\/v2\/product_tag?post=71689"}],"curies":[{"name":"wp","href":"https:\/\/api.w.org\/{rel}","templated":true}]}}