{"id":71697,"date":"2023-01-19T15:55:13","date_gmt":"2023-01-19T14:55:13","guid":{"rendered":"https:\/\/secureus.se\/produkt\/clips-for-korthallare-med-nylonrem-och-plastband-100-pack-2\/"},"modified":"2026-04-08T16:19:23","modified_gmt":"2026-04-08T14:19:23","slug":"clips-for-korthallare-med-nylonrem-och-plastband-100-pack-2","status":"publish","type":"product","link":"https:\/\/secureus.se\/es\/clips-for-korthallare-med-nylonrem-och-plastband-100-pack-2\/","title":{"rendered":"Clip para tarjeta de identificaci\u00f3n de cocodrilo con correa de nailon (paquete de 100)"},"content":{"rendered":"<p>Pinza de cocodrilo con correa de nailon.<\/p>\n<p>Con estos clips, puedes sujetar tu tarjeta o soporte al clip para que se puedan exhibir f\u00e1cilmente.<\/p>\n<p>Se vende en paquetes de 100.<\/p>","protected":false},"excerpt":{"rendered":"<p>Krokodilkl\u00e4mma med nylonrem. Med dessa kl\u00e4mmor kan du f\u00e4sta ditt kort eller h\u00e5llare p\u00e5 klippet s\u00e5 att de enkelt kan visas. S\u00e4ljes i 100 pack.<\/p>","protected":false},"featured_media":141014,"template":"","meta":{"_acf_changed":false},"product_brand":[],"product_cat":[1692],"product_tag":[3069],"class_list":{"0":"post-71697","1":"product","2":"type-product","3":"status-publish","4":"has-post-thumbnail","6":"product_cat-kortklamma-montering","7":"product_tag-trade-produkt","8":"product_shipping_class-postnord-varubrev","9":"tm-no-options","11":"first","12":"instock","13":"taxable","14":"shipping-taxable","15":"purchasable","16":"product-type-simple"},"acf":[],"_links":{"self":[{"href":"https:\/\/secureus.se\/es\/wp-json\/wp\/v2\/product\/71697","targetHints":{"allow":["GET"]}}],"collection":[{"href":"https:\/\/secureus.se\/es\/wp-json\/wp\/v2\/product"}],"about":[{"href":"https:\/\/secureus.se\/es\/wp-json\/wp\/v2\/types\/product"}],"wp:featuredmedia":[{"embeddable":true,"href":"https:\/\/secureus.se\/es\/wp-json\/wp\/v2\/media\/141014"}],"wp:attachment":[{"href":"https:\/\/secureus.se\/es\/wp-json\/wp\/v2\/media?parent=71697"}],"wp:term":[{"taxonomy":"product_brand","embeddable":true,"href":"https:\/\/secureus.se\/es\/wp-json\/wp\/v2\/product_brand?post=71697"},{"taxonomy":"product_cat","embeddable":true,"href":"https:\/\/secureus.se\/es\/wp-json\/wp\/v2\/product_cat?post=71697"},{"taxonomy":"product_tag","embeddable":true,"href":"https:\/\/secureus.se\/es\/wp-json\/wp\/v2\/product_tag?post=71697"}],"curies":[{"name":"wp","href":"https:\/\/api.w.org\/{rel}","templated":true}]}}