{"id":71715,"date":"2023-01-19T16:57:00","date_gmt":"2023-01-19T15:57:00","guid":{"rendered":"https:\/\/secureus.se\/produkt\/metalkrokodil-id-kortklamma-med-stift-och-sjalvhaftande\/"},"modified":"2026-04-23T12:40:51","modified_gmt":"2026-04-23T10:40:51","slug":"metalkrokodil-id-kortklamma-med-stift-och-sjalvhaftande","status":"publish","type":"product","link":"https:\/\/secureus.se\/es\/metalkrokodil-id-kortklamma-med-stift-och-sjalvhaftande\/","title":{"rendered":"Clip met\u00e1lico para tarjeta de identificaci\u00f3n con forma de cocodrilo, con alfiler y adhesivo."},"content":{"rendered":"<p>El clip para tarjeta de identificaci\u00f3n de metal con forma de cocodrilo y alfiler se puede sujetar de forma segura a la ropa del usuario final.<\/p>\n<p>Tambi\u00e9n cuenta con una almohadilla adhesiva para la fijaci\u00f3n segura de tarjetas de identificaci\u00f3n, credenciales, tarjetas de visitantes, etc.<\/p>\n<p>Se vende en paquetes de 100.<\/p>\n<p>Con almohadilla autoadhesiva de 23 mm x 13 mm<\/p>\n<p>Se puede usar con una pinza de cocodrilo o con un imperdible.<\/p>","protected":false},"excerpt":{"rendered":"<p>El clip para tarjeta de identificaci\u00f3n de metal con forma de cocodrilo y alfiler se puede sujetar de forma segura a la ropa del usuario final. Tambi\u00e9n tiene una almohadilla adhesiva para la fijaci\u00f3n segura de tarjetas de identificaci\u00f3n, credenciales, tarjetas de visitantes, etc. Se vende en paquetes de<\/p>","protected":false},"featured_media":140695,"template":"","meta":{"_acf_changed":false},"product_brand":[],"product_cat":[1692],"product_tag":[3069],"class_list":{"0":"post-71715","1":"product","2":"type-product","3":"status-publish","4":"has-post-thumbnail","6":"product_cat-kortklamma-montering","7":"product_tag-trade-produkt","8":"product_shipping_class-postnord-varubrev","9":"tm-no-options","11":"first","12":"instock","13":"sale","14":"taxable","15":"shipping-taxable","16":"purchasable","17":"product-type-simple"},"acf":[],"_links":{"self":[{"href":"https:\/\/secureus.se\/es\/wp-json\/wp\/v2\/product\/71715","targetHints":{"allow":["GET"]}}],"collection":[{"href":"https:\/\/secureus.se\/es\/wp-json\/wp\/v2\/product"}],"about":[{"href":"https:\/\/secureus.se\/es\/wp-json\/wp\/v2\/types\/product"}],"wp:featuredmedia":[{"embeddable":true,"href":"https:\/\/secureus.se\/es\/wp-json\/wp\/v2\/media\/140695"}],"wp:attachment":[{"href":"https:\/\/secureus.se\/es\/wp-json\/wp\/v2\/media?parent=71715"}],"wp:term":[{"taxonomy":"product_brand","embeddable":true,"href":"https:\/\/secureus.se\/es\/wp-json\/wp\/v2\/product_brand?post=71715"},{"taxonomy":"product_cat","embeddable":true,"href":"https:\/\/secureus.se\/es\/wp-json\/wp\/v2\/product_cat?post=71715"},{"taxonomy":"product_tag","embeddable":true,"href":"https:\/\/secureus.se\/es\/wp-json\/wp\/v2\/product_tag?post=71715"}],"curies":[{"name":"wp","href":"https:\/\/api.w.org\/{rel}","templated":true}]}}