{"id":71717,"date":"2023-01-19T16:06:26","date_gmt":"2023-01-19T15:06:26","guid":{"rendered":"https:\/\/secureus.se\/produkt\/sjalvhaftande-krokodilklammor-i-plast-10-pack\/"},"modified":"2026-04-08T16:14:34","modified_gmt":"2026-04-08T14:14:34","slug":"sjalvhaftande-krokodilklammor-i-plast-10-pack","status":"publish","type":"product","link":"https:\/\/secureus.se\/es\/sjalvhaftande-krokodilklammor-i-plast-10-pack\/","title":{"rendered":"Pinzas de cocodrilo de pl\u00e1stico autoadhesivas (paquete de 10)"},"content":{"rendered":"<p>Estas pinzas de cocodrilo de pl\u00e1stico autoadhesivas son una excelente soluci\u00f3n para fijar directamente tarjetas de pl\u00e1stico.<\/p>\n<p>La pinza de cocodrilo se adhiere de forma segura a todo tipo de materiales, lo que facilita su fijaci\u00f3n a la ropa del usuario.<\/p>\n<p>Las almohadillas autoadhesivas se adhieren f\u00e1cilmente a las tarjetas, creando una alternativa rentable a la exhibici\u00f3n de tarjetas de pl\u00e1stico.<\/p>\n<p>Se vende en paquetes de 100.<\/p>\n<p>Almohadilla autoadhesiva de 23 x 14 mm<\/p>","protected":false},"excerpt":{"rendered":"<p>Dessa sj\u00e4lvh\u00e4ftande krokodilkl\u00e4mmor i plast \u00e4r en utm\u00e4rkt l\u00f6sning f\u00f6r att f\u00e4sta direkt plastkort. Krokodilkl\u00e4mman f\u00e4ster s\u00e4kert p\u00e5 alla typer av material vilket g\u00f6r det enkelt att f\u00e4sta p\u00e5 anv\u00e4ndarens<\/p>","protected":false},"featured_media":140715,"template":"","meta":{"_acf_changed":false},"product_brand":[],"product_cat":[1692],"product_tag":[3069],"class_list":{"0":"post-71717","1":"product","2":"type-product","3":"status-publish","4":"has-post-thumbnail","6":"product_cat-kortklamma-montering","7":"product_tag-trade-produkt","8":"product_shipping_class-postnord-varubrev","9":"tm-no-options","11":"first","12":"instock","13":"sale","14":"taxable","15":"shipping-taxable","16":"purchasable","17":"product-type-simple"},"acf":[],"_links":{"self":[{"href":"https:\/\/secureus.se\/es\/wp-json\/wp\/v2\/product\/71717","targetHints":{"allow":["GET"]}}],"collection":[{"href":"https:\/\/secureus.se\/es\/wp-json\/wp\/v2\/product"}],"about":[{"href":"https:\/\/secureus.se\/es\/wp-json\/wp\/v2\/types\/product"}],"wp:featuredmedia":[{"embeddable":true,"href":"https:\/\/secureus.se\/es\/wp-json\/wp\/v2\/media\/140715"}],"wp:attachment":[{"href":"https:\/\/secureus.se\/es\/wp-json\/wp\/v2\/media?parent=71717"}],"wp:term":[{"taxonomy":"product_brand","embeddable":true,"href":"https:\/\/secureus.se\/es\/wp-json\/wp\/v2\/product_brand?post=71717"},{"taxonomy":"product_cat","embeddable":true,"href":"https:\/\/secureus.se\/es\/wp-json\/wp\/v2\/product_cat?post=71717"},{"taxonomy":"product_tag","embeddable":true,"href":"https:\/\/secureus.se\/es\/wp-json\/wp\/v2\/product_tag?post=71717"}],"curies":[{"name":"wp","href":"https:\/\/api.w.org\/{rel}","templated":true}]}}