{"id":71893,"date":"2023-01-20T13:15:23","date_gmt":"2023-01-20T12:15:23","guid":{"rendered":"https:\/\/secureus.se\/produkt\/sandare-for-tredjepartsdetektorer\/"},"modified":"2026-04-30T14:50:40","modified_gmt":"2026-04-30T12:50:40","slug":"ajax-transmitter-sandare-for-tredjepart","status":"publish","type":"product","link":"https:\/\/secureus.se\/es\/ajax-transmitter-sandare-for-tredjepart\/","title":{"rendered":"Transmisor Ajax Transmisor para detectores de terceros \/ Transmisor Joyero"},"content":{"rendered":"<h3><strong>Transmisor Ajax: Transmisor para detectores de terceros<\/strong><\/h3>\n<p>El transmisor Ajax es una unidad transmisora inal\u00e1mbrica que permite conectar detectores de terceros y otros dispositivos al sistema de seguridad Ajax.<\/p>\n<p>Este innovador producto proporciona al usuario flexibilidad y precisi\u00f3n, garantizando que todas las partes de su sistema de seguridad trabajen juntas para proteger su propiedad contra intrusiones, incendios, fugas de gas u otros peligros.<\/p>\n<p><strong>F\u00e1cil integraci\u00f3n con el sistema Ajax<\/strong><\/p>\n<p>El transmisor est\u00e1 dise\u00f1ado para integrarse f\u00e1cilmente con todos los concentradores y repetidores Ajax, brindando a los usuarios la posibilidad de conectar detectores cableados e inal\u00e1mbricos.<\/p>\n<p>Con un alcance inal\u00e1mbrico de hasta 1600 metros en terreno abierto, el transmisor Ajax se puede colocar en varias ubicaciones estrat\u00e9gicas para maximizar la cobertura y garantizar que toda el \u00e1rea est\u00e9 protegida.<\/p>\n<p><strong>Funciones de alarma y flexibilidad<\/strong><\/p>\n<p>El transmisor Ajax tiene varios tipos de alarma ajustables en sus entradas, lo que lo convierte en una soluci\u00f3n flexible para todo tipo de necesidades de seguridad. Puedes elegir entre:<\/p>\n<ul>\n<li><strong>Alarma antirrobo<\/strong> \u2013 Para detectar robos no deseados.<\/li>\n<li><strong>Alarma de incendios<\/strong> \u2013 Para detectar fuego o humo.<\/li>\n<li><strong>Alarma de emergencia<\/strong> \u2013 Enviar una alarma en caso de emergencia.<\/li>\n<li><strong>Alarma de p\u00e1nico<\/strong> \u2013 Para advertir r\u00e1pidamente si ocurre un asalto.<\/li>\n<li><strong>Alarma de gas<\/strong> \u2013 Detectar fugas de gas peligrosas en el entorno.<\/li>\n<\/ul>\n<p>La naturaleza ajustable de los tipos de alarma permite al usuario configurar el sistema seg\u00fan sus propias necesidades, lo que hace que el transmisor Ajax sea ideal para usar en entornos privados y comerciales.<\/p>\n<p><strong>Monitoreo de temperatura y bater\u00eda de larga duraci\u00f3n<\/strong><\/p>\n<p>Un sensor de temperatura incorporado en el transmisor Ajax mide la temperatura ambiente, proporcionando una capa adicional de seguridad.<\/p>\n<p>La temperatura se controla continuamente y puede ayudar a detectar cualquier riesgo que pueda surgir debido a temperaturas extremas. Esta caracter\u00edstica es especialmente \u00fatil en entornos donde el control de la temperatura es crucial, como en salas de servidores o almacenes.<\/p>\n<p>En cuanto a la alimentaci\u00f3n de energ\u00eda, el transmisor Ajax utiliza tres bater\u00edas CR123A, que est\u00e1n incluidas en el paquete.<\/p>\n<p>Las bater\u00edas tienen una vida \u00fatil prolongada de hasta cinco a\u00f1os, lo que significa que no tendr\u00e1 que preocuparse por cambiarlas con frecuencia. Esto hace que el transmisor Ajax sea una opci\u00f3n rentable para la seguridad a largo plazo.<\/p>\n<p><strong>Dise\u00f1o duradero y robusto<\/strong><\/p>\n<p>El transmisor Ajax est\u00e1 dise\u00f1ado para durar y funciona en un amplio rango de temperatura de -25 \u00b0C a +50 \u00b0C, lo que lo hace \u00fatil tanto en climas fr\u00edos como c\u00e1lidos.<\/p>\n<p>Su construcci\u00f3n robusta le permite soportar duras condiciones ambientales y continuar brindando seguridad confiable durante un largo per\u00edodo de tiempo. Tambi\u00e9n est\u00e1 dise\u00f1ado para soportar alta humedad, lo que lo hace ideal para su uso en \u00e1reas h\u00famedas.<\/p>\n<p><strong>F\u00e1cil instalaci\u00f3n y uso<\/strong><\/p>\n<p>La instalaci\u00f3n de Ajax Transmission es sencilla y no requiere conocimientos t\u00e9cnicos. El sistema se puede configurar r\u00e1pidamente a trav\u00e9s de la aplicaci\u00f3n m\u00f3vil Ajax y los detectores se conectan f\u00e1cilmente con un clic.<\/p>\n<p>La aplicaci\u00f3n f\u00e1cil de usar tambi\u00e9n permite el monitoreo y control remoto del sistema de seguridad, brindando al usuario control total sobre la seguridad de su hogar o negocio.<\/p>\n<p><strong>Compatibilidad con el sistema Ajax<\/strong><\/p>\n<p>El transmisor Ajax es compatible con todos los concentradores y repetidores Ajax, lo que lo convierte en una soluci\u00f3n perfecta para los usuarios que ya tienen un sistema Ajax instalado.<\/p>\n<p>Ya sea que lo utilice para conectar detectores adicionales o para crear un sistema de seguridad completamente personalizado, el transmisor Ajax se adaptar\u00e1 perfectamente a su sistema existente.<\/p>\n<p><strong>Presupuesto:<\/strong><\/p>\n<ul>\n<li><strong>Alcance inal\u00e1mbrico:<\/strong> Hasta 1600 metros en terreno abierto<\/li>\n<li><strong>Rango de temperatura:<\/strong> -25\u00b0C a +50\u00b0C<\/li>\n<li><strong>Tipo de bater\u00eda:<\/strong> 3 \u00d7 CR123A (3 V)<\/li>\n<li><strong>Duraci\u00f3n de la bater\u00eda:<\/strong> Hasta 5 a\u00f1os<\/li>\n<li><strong>Tipos de alarma:<\/strong> Robo, incendio, alarma de emergencia, asalto, gas<\/li>\n<li><strong>Humedad:<\/strong> Hasta 75%<\/li>\n<li><strong>Compatibilidad:<\/strong> Todos los concentradores y repetidores Ajax<\/li>\n<li><strong>Tama\u00f1o:<\/strong> 80 \u00d7 50 \u00d7 28 mm<\/li>\n<li><strong>Peso:<\/strong> 60 gramos<\/li>\n<\/ul>\n<p><strong>Contenido del paquete:<\/strong><\/p>\n<ul>\n<li>Transmisor Ajax<\/li>\n<li>3 pilas CR123A<\/li>\n<li>Manual de usuario<\/li>\n<\/ul>\n<p><strong>Conclusi\u00f3n:<\/strong><\/p>\n<p>El transmisor Ajax es una soluci\u00f3n vers\u00e1til y confiable para conectar detectores de terceros a su sistema de seguridad Ajax.<\/p>\n<p>Con largo alcance, tipos de alarma ajustables, monitoreo de temperatura incorporado y bater\u00eda de larga duraci\u00f3n, este transmisor proporciona una soluci\u00f3n flexible y rentable para fortalecer su sistema de seguridad.<\/p>","protected":false},"excerpt":{"rendered":"<p>El transmisor Ajax es un transmisor inal\u00e1mbrico que le permite conectar detectores de terceros a su sistema Ajax.<\/p>\n<p>Con un sensor de temperatura incorporado y tipos de alarma ajustables, puede crear un sistema de seguridad personalizado.<\/p>\n<p>Alcance hasta 1600m en terreno abierto.<\/p>","protected":false},"featured_media":151888,"template":"","meta":{"_acf_changed":false},"product_brand":[],"product_cat":[3170,1319],"product_tag":[3152,4863],"class_list":{"0":"post-71893","1":"product","2":"type-product","3":"status-publish","4":"has-post-thumbnail","6":"product_cat-integration","7":"product_cat-ajax-larm","8":"product_tag-cr123-tillbehor","9":"product_tag-pf","10":"product_shipping_class-tunga-paket","11":"pa_brands-ajax-systems","12":"pa_color-svart","13":"pa_farg-svart","14":"tm-no-options","16":"first","17":"instock","18":"sale","19":"featured","20":"taxable","21":"shipping-taxable","22":"purchasable","23":"product-type-simple"},"acf":[],"_links":{"self":[{"href":"https:\/\/secureus.se\/es\/wp-json\/wp\/v2\/product\/71893","targetHints":{"allow":["GET"]}}],"collection":[{"href":"https:\/\/secureus.se\/es\/wp-json\/wp\/v2\/product"}],"about":[{"href":"https:\/\/secureus.se\/es\/wp-json\/wp\/v2\/types\/product"}],"wp:featuredmedia":[{"embeddable":true,"href":"https:\/\/secureus.se\/es\/wp-json\/wp\/v2\/media\/151888"}],"wp:attachment":[{"href":"https:\/\/secureus.se\/es\/wp-json\/wp\/v2\/media?parent=71893"}],"wp:term":[{"taxonomy":"product_brand","embeddable":true,"href":"https:\/\/secureus.se\/es\/wp-json\/wp\/v2\/product_brand?post=71893"},{"taxonomy":"product_cat","embeddable":true,"href":"https:\/\/secureus.se\/es\/wp-json\/wp\/v2\/product_cat?post=71893"},{"taxonomy":"product_tag","embeddable":true,"href":"https:\/\/secureus.se\/es\/wp-json\/wp\/v2\/product_tag?post=71893"}],"curies":[{"name":"wp","href":"https:\/\/api.w.org\/{rel}","templated":true}]}}