{"id":72311,"date":"2023-01-26T17:57:48","date_gmt":"2023-01-26T16:57:48","guid":{"rendered":"https:\/\/secureus.se\/?post_type=product&#038;p=72311"},"modified":"2026-01-06T20:51:09","modified_gmt":"2026-01-06T19:51:09","slug":"dsc-power-supply-pgm-module-pc5204","status":"publish","type":"product","link":"https:\/\/secureus.se\/es\/dsc-power-supply-pgm-module-pc5204\/","title":{"rendered":"Fuente de alimentaci\u00f3n DSC M\u00f3dulo PGM PC5204 (este producto es Fin de L\u00ednea)"},"content":{"rendered":"<p><strong>M\u00f3dulo PGM de fuente de alimentaci\u00f3n DSC PC5204<\/strong> Es un m\u00f3dulo de salida y fuente de alimentaci\u00f3n avanzado dise\u00f1ado para proporcionar una gesti\u00f3n de energ\u00eda flexible y confiable dentro de los sistemas DSC PowerSeries NEO.<\/p>\n<p>Con una salida principal de 12 V CC y una capacidad de 1 A, el m\u00f3dulo puede alimentar f\u00e1cilmente sirenas u otros dispositivos que requieran alta corriente.<\/p>\n<p>Adem\u00e1s, ofrece cuatro salidas de transistor programables, lo que permite diferentes funciones y personalizaci\u00f3n seg\u00fan necesidades de seguridad espec\u00edficas.<\/p>\n<p>Una entrada de protecci\u00f3n contra manipulaciones independiente garantiza que el m\u00f3dulo pueda protegerse contra acceso no autorizado y puede conectarse con cuatro cables para una f\u00e1cil instalaci\u00f3n.<\/p>\n<p>Tenga en cuenta que el m\u00f3dulo se entrega sin carcasa, lo que lo hace flexible para diferentes entornos de instalaci\u00f3n.<\/p>\n<p>Para alimentar el m\u00f3dulo, se requiere una bater\u00eda de respaldo independiente (7 Ah) y un transformador (17 VCA).<\/p>\n<p>Con su dise\u00f1o f\u00e1cil de usar y funciones integrales, el m\u00f3dulo PGM de fuente de alimentaci\u00f3n DSC PC5204 es una excelente soluci\u00f3n para optimizar el rendimiento y la confiabilidad del sistema de seguridad.<\/p>","protected":false},"excerpt":{"rendered":"<p>El m\u00f3dulo de fuente de alimentaci\u00f3n DSC PGM PC5204 es un potente accesorio para el PowerSeries NEO, con una salida de 12 V y 1 Amp.<\/p>\n<p>Contiene cuatro salidas de transistor programables para control de LED o rel\u00e9.<\/p>\n<p>El m\u00f3dulo requiere una bater\u00eda de respaldo separada y es ideal para controlar sirenas y otras funciones dentro del sistema de seguridad.<\/p>","protected":false},"featured_media":141111,"template":"","meta":{"_acf_changed":false},"product_brand":[],"product_cat":[1322,3330],"product_tag":[3311,3027],"class_list":{"0":"post-72311","1":"product","2":"type-product","3":"status-publish","4":"has-post-thumbnail","6":"product_cat-dsc-larm-neo-power-hybridlarm","7":"product_cat-powerseries-1616-1864","8":"product_tag-dsc-neo-svensk-manual","9":"product_tag-power-pc1616-1864-aldre-versionen-av-neo","10":"product_shipping_class-postnord-varubrev","11":"pa_brands-4dsc","12":"tm-has-options","14":"first","15":"outofstock","16":"sale","17":"featured","18":"taxable","19":"shipping-taxable","20":"purchasable","21":"product-type-simple"},"acf":[],"_links":{"self":[{"href":"https:\/\/secureus.se\/es\/wp-json\/wp\/v2\/product\/72311","targetHints":{"allow":["GET"]}}],"collection":[{"href":"https:\/\/secureus.se\/es\/wp-json\/wp\/v2\/product"}],"about":[{"href":"https:\/\/secureus.se\/es\/wp-json\/wp\/v2\/types\/product"}],"wp:featuredmedia":[{"embeddable":true,"href":"https:\/\/secureus.se\/es\/wp-json\/wp\/v2\/media\/141111"}],"wp:attachment":[{"href":"https:\/\/secureus.se\/es\/wp-json\/wp\/v2\/media?parent=72311"}],"wp:term":[{"taxonomy":"product_brand","embeddable":true,"href":"https:\/\/secureus.se\/es\/wp-json\/wp\/v2\/product_brand?post=72311"},{"taxonomy":"product_cat","embeddable":true,"href":"https:\/\/secureus.se\/es\/wp-json\/wp\/v2\/product_cat?post=72311"},{"taxonomy":"product_tag","embeddable":true,"href":"https:\/\/secureus.se\/es\/wp-json\/wp\/v2\/product_tag?post=72311"}],"curies":[{"name":"wp","href":"https:\/\/api.w.org\/{rel}","templated":true}]}}