{"id":72375,"date":"2023-01-23T09:55:52","date_gmt":"2023-01-23T08:55:52","guid":{"rendered":"https:\/\/secureus.se\/produkt\/dsc-neo-power-g-wireless-temperaturdetektor-pg8905-2\/"},"modified":"2025-12-31T20:53:04","modified_gmt":"2025-12-31T19:53:04","slug":"dsc-temperature-detector-pg8905","status":"publish","type":"product","link":"https:\/\/secureus.se\/es\/dsc-temperature-detector-pg8905\/","title":{"rendered":"Detector de temperatura DSC PG8905"},"content":{"rendered":"<p><strong>Detector de temperatura DSC PG8905<\/strong> Es un sensor de temperatura avanzado que es perfecto tanto para entornos residenciales como comerciales.<\/p>\n<p>Utiliza tecnolog\u00eda PowerG para garantizar una comunicaci\u00f3n confiable y puede medir temperaturas entre -40\u00b0C y +85\u00b0C.<\/p>\n<p>Con la capacidad de mostrar datos de temperatura en el teclado, el PG8905 proporciona a los usuarios una soluci\u00f3n simple y efectiva para monitorear los cambios de temperatura en tiempo real.<\/p>\n<p>El sensor tiene un indicador de intensidad de se\u00f1al LED incorporado, que facilita el proceso de instalaci\u00f3n al ayudar al usuario a seleccionar la ubicaci\u00f3n de instalaci\u00f3n \u00f3ptima sin tener que volver al teclado.<\/p>\n<p>El PG8905 tambi\u00e9n se puede programar para enviar alarmas tanto a temperaturas altas como bajas, lo que lo hace ideal para proteger \u00e1reas sensibles como refrigeradores y congeladores o para monitorear temperaturas en otros entornos cr\u00edticos.<\/p>\n<p>Con una duraci\u00f3n de bater\u00eda de hasta 7 a\u00f1os y un indicador de bater\u00eda baja, el detector de temperatura DSC PG8905 es una soluci\u00f3n duradera y confiable para cualquier persona que necesite un monitoreo preciso de la temperatura.<\/p>","protected":false},"excerpt":{"rendered":"<p>El detector de temperatura DSC PG8905 es un sensor de temperatura inal\u00e1mbrico dise\u00f1ado para DSC PowerSeries Neo y Pro.<\/p>\n<p>Monitorea la temperatura interior y tambi\u00e9n se puede conectar a un sensor externo para medir la temperatura en exteriores o en refrigeradores y congeladores.<\/p>\n<p>Con una duraci\u00f3n de bater\u00eda de hasta 7 a\u00f1os, el PG8905 ofrece vigilancia confiable tanto para hogares como para empresas.<\/p>","protected":false},"featured_media":140706,"template":"","meta":{"_acf_changed":false},"product_brand":[],"product_cat":[1322,3324],"product_tag":[3311],"class_list":{"0":"post-72375","1":"product","2":"type-product","3":"status-publish","4":"has-post-thumbnail","6":"product_cat-dsc-larm-neo-power-hybridlarm","7":"product_cat-vatten-och-temperaturlarm","8":"product_tag-dsc-neo-svensk-manual","9":"product_shipping_class-postnord-varubrev","10":"pa_brands-4dsc","11":"tm-has-options","13":"first","14":"instock","15":"sale","16":"featured","17":"taxable","18":"shipping-taxable","19":"purchasable","20":"product-type-simple"},"acf":[],"_links":{"self":[{"href":"https:\/\/secureus.se\/es\/wp-json\/wp\/v2\/product\/72375","targetHints":{"allow":["GET"]}}],"collection":[{"href":"https:\/\/secureus.se\/es\/wp-json\/wp\/v2\/product"}],"about":[{"href":"https:\/\/secureus.se\/es\/wp-json\/wp\/v2\/types\/product"}],"wp:featuredmedia":[{"embeddable":true,"href":"https:\/\/secureus.se\/es\/wp-json\/wp\/v2\/media\/140706"}],"wp:attachment":[{"href":"https:\/\/secureus.se\/es\/wp-json\/wp\/v2\/media?parent=72375"}],"wp:term":[{"taxonomy":"product_brand","embeddable":true,"href":"https:\/\/secureus.se\/es\/wp-json\/wp\/v2\/product_brand?post=72375"},{"taxonomy":"product_cat","embeddable":true,"href":"https:\/\/secureus.se\/es\/wp-json\/wp\/v2\/product_cat?post=72375"},{"taxonomy":"product_tag","embeddable":true,"href":"https:\/\/secureus.se\/es\/wp-json\/wp\/v2\/product_tag?post=72375"}],"curies":[{"name":"wp","href":"https:\/\/api.w.org\/{rel}","templated":true}]}}