{"id":72381,"date":"2023-01-23T09:55:50","date_gmt":"2023-01-23T08:55:50","guid":{"rendered":"https:\/\/secureus.se\/produkt\/dsc-neo-power-g-wireless-ir-detektor-kamera-detektor-pg8934-2\/"},"modified":"2025-12-31T20:52:05","modified_gmt":"2025-12-31T19:52:05","slug":"dsc-motion-detector-camera-pg8934","status":"publish","type":"product","link":"https:\/\/secureus.se\/es\/dsc-motion-detector-camera-pg8934\/","title":{"rendered":"Detector de movimiento DSC con c\u00e1mara PG8934"},"content":{"rendered":"<p><strong>Detector de movimiento DSC con c\u00e1mara PG8934<\/strong> Combina detecci\u00f3n y verificaci\u00f3n de im\u00e1genes para una soluci\u00f3n de seguridad eficaz. Dise\u00f1ado para usarse con los sistemas DSC PowerSeries NEO y PRO, este detector IR utiliza tecnolog\u00eda PowerG avanzada y proporciona un alcance de comunicaci\u00f3n de hasta 2 km en aire libre.<\/p>\n<p>Al detectar movimiento, el PG8934 toma inmediatamente im\u00e1genes de alta resoluci\u00f3n que se env\u00edan al centro de alarma, lo que permite al personal de seguridad ver lo que est\u00e1 sucediendo en tiempo real.<\/p>\n<p>Tiene un radio de vigilancia de 12 metros y est\u00e1 equipado con tecnolog\u00eda True Motion Recognition\u2122 para distinguir entre el movimiento humano y otras perturbaciones, minimizando el riesgo de falsas alarmas.<\/p>\n<p>La c\u00e1mara tambi\u00e9n est\u00e1 equipada con iluminaci\u00f3n IR para garantizar una calidad de imagen durante todo el d\u00eda.<\/p>\n<p>El PG8934 es f\u00e1cil de instalar, tiene una vida \u00fatil de bater\u00eda de tres a\u00f1os y viene con dos bater\u00edas de litio CR-123A.<\/p>\n<p>Es compatible con m\u00faltiples sistemas y tiene una capacidad m\u00e1xima de 10 dispositivos por sistema.<\/p>","protected":false},"excerpt":{"rendered":"<p>El detector de movimiento DSC con c\u00e1mara PG8934 es un detector de infrarrojos avanzado para Iotega, PowerSeries NEO y PRO.<\/p>\n<p>En caso de alarma, la c\u00e1mara toma inmediatamente im\u00e1genes que se env\u00edan a la central de alarmas, permitiendo el monitoreo en tiempo real. Con un radio de detecci\u00f3n de 12 metros y tecnolog\u00eda True Motion Recognition\u2122, se garantiza una seguridad confiable sin falsas alarmas.<\/p>\n<p>Est\u00e1 alimentado por dos bater\u00edas de litio CR-123A con una vida \u00fatil de hasta tres a\u00f1os.<\/p>","protected":false},"featured_media":140555,"template":"","meta":{"_acf_changed":false},"product_brand":[],"product_cat":[3326,1322,3325],"product_tag":[3311,3016,2472],"class_list":{"0":"post-72381","1":"product","2":"type-product","3":"status-publish","4":"has-post-thumbnail","6":"product_cat-rorelsedetektor","7":"product_cat-dsc-larm-neo-power-hybridlarm","8":"product_cat-kameradetektor","9":"product_tag-dsc-neo-svensk-manual","10":"product_tag-neo-detektorer","11":"product_tag-sbsc-larmklassr","12":"product_shipping_class-postnord-varubrev","13":"pa_brands-4dsc","14":"tm-has-options","16":"first","17":"instock","18":"sale","19":"featured","20":"taxable","21":"shipping-taxable","22":"purchasable","23":"product-type-simple"},"acf":[],"_links":{"self":[{"href":"https:\/\/secureus.se\/es\/wp-json\/wp\/v2\/product\/72381","targetHints":{"allow":["GET"]}}],"collection":[{"href":"https:\/\/secureus.se\/es\/wp-json\/wp\/v2\/product"}],"about":[{"href":"https:\/\/secureus.se\/es\/wp-json\/wp\/v2\/types\/product"}],"wp:featuredmedia":[{"embeddable":true,"href":"https:\/\/secureus.se\/es\/wp-json\/wp\/v2\/media\/140555"}],"wp:attachment":[{"href":"https:\/\/secureus.se\/es\/wp-json\/wp\/v2\/media?parent=72381"}],"wp:term":[{"taxonomy":"product_brand","embeddable":true,"href":"https:\/\/secureus.se\/es\/wp-json\/wp\/v2\/product_brand?post=72381"},{"taxonomy":"product_cat","embeddable":true,"href":"https:\/\/secureus.se\/es\/wp-json\/wp\/v2\/product_cat?post=72381"},{"taxonomy":"product_tag","embeddable":true,"href":"https:\/\/secureus.se\/es\/wp-json\/wp\/v2\/product_tag?post=72381"}],"curies":[{"name":"wp","href":"https:\/\/api.w.org\/{rel}","templated":true}]}}