{"id":72382,"date":"2023-01-23T09:55:50","date_gmt":"2023-01-23T08:55:50","guid":{"rendered":"https:\/\/secureus.se\/produkt\/dsc-neo-power-g-wireless-overfallsknapp-dubbel-tryck-pg8949-2\/"},"modified":"2026-03-02T11:38:31","modified_gmt":"2026-03-02T10:38:31","slug":"dsc-2-button-hand-transmitter-pg8949","status":"publish","type":"product","link":"https:\/\/secureus.se\/es\/dsc-2-button-hand-transmitter-pg8949\/","title":{"rendered":"Transmisor manual DSC de 2 botones PowerG PG8949"},"content":{"rendered":"<p><strong>Transmisor manual DSC de 2 botones PG8949<\/strong> es una unidad de control inal\u00e1mbrica para sistemas de seguridad que ofrece una soluci\u00f3n fluida y eficiente para la gesti\u00f3n de alarmas.<\/p>\n<p>Con dos botones grandes, es f\u00e1cil de usar y brinda al usuario la posibilidad de activar la alarma, as\u00ed como apagarla, con solo presionar un bot\u00f3n.<\/p>\n<p>Los indicadores de confirmaci\u00f3n de estado proporcionan al usuario informaci\u00f3n visual y audible despu\u00e9s de cada comando, lo que garantiza que las acciones se realicen correctamente.<\/p>\n<p>El transmisor est\u00e1 dise\u00f1ado con un retraso de 2 segundos para las alarmas de p\u00e1nico, lo que minimiza el riesgo de activaciones accidentales.<\/p>\n<p>Tiene una impresionante duraci\u00f3n de bater\u00eda de hasta 5 a\u00f1os y utiliza una bater\u00eda de litio CR2032, lo que lo convierte en un compa\u00f1ero confiable en cualquier sistema de seguridad.<\/p>\n<p>Con la capacidad de conectar hasta 16 botones al panel de control HS2016 y 32 botones a otros modelos, no ocupa ranuras de zona, lo que proporciona una instalaci\u00f3n flexible.<\/p>\n<p>Se incluyen un clip para cintur\u00f3n y un collar, lo que hace que sea f\u00e1cil llevar el transmisor contigo.<\/p>\n<p>Este dispositivo es perfecto tanto para entornos comerciales como privados, ofreciendo una soluci\u00f3n segura para el manejo r\u00e1pido de alarmas.<\/p>","protected":false},"excerpt":{"rendered":"<p>El transmisor manual de 2 botones DSC PG8949 es un bot\u00f3n de p\u00e1nico inal\u00e1mbrico dise\u00f1ado para usarse con el sistema de alarma DSC NEO.<\/p>\n<p>Tiene dos botones para facilitar la activaci\u00f3n de la alarma y el control del sistema.<\/p>\n<p>Con una duraci\u00f3n de bater\u00eda de hasta 5 a\u00f1os y un dise\u00f1o robusto, es perfecto para soluciones de seguridad tanto en el hogar como en el lugar de trabajo.<\/p>","protected":false},"featured_media":141591,"template":"","meta":{"_acf_changed":false},"product_brand":[],"product_cat":[3327,1322],"product_tag":[3311],"class_list":{"0":"post-72382","1":"product","2":"type-product","3":"status-publish","4":"has-post-thumbnail","6":"product_cat-overfall-fjarrkontrol","7":"product_cat-dsc-larm-neo-power-hybridlarm","8":"product_tag-dsc-neo-svensk-manual","9":"product_shipping_class-postnord-varubrev","10":"pa_brands-4dsc","11":"tm-has-options","13":"first","14":"instock","15":"sale","16":"featured","17":"taxable","18":"shipping-taxable","19":"purchasable","20":"product-type-simple"},"acf":[],"_links":{"self":[{"href":"https:\/\/secureus.se\/es\/wp-json\/wp\/v2\/product\/72382","targetHints":{"allow":["GET"]}}],"collection":[{"href":"https:\/\/secureus.se\/es\/wp-json\/wp\/v2\/product"}],"about":[{"href":"https:\/\/secureus.se\/es\/wp-json\/wp\/v2\/types\/product"}],"wp:featuredmedia":[{"embeddable":true,"href":"https:\/\/secureus.se\/es\/wp-json\/wp\/v2\/media\/141591"}],"wp:attachment":[{"href":"https:\/\/secureus.se\/es\/wp-json\/wp\/v2\/media?parent=72382"}],"wp:term":[{"taxonomy":"product_brand","embeddable":true,"href":"https:\/\/secureus.se\/es\/wp-json\/wp\/v2\/product_brand?post=72382"},{"taxonomy":"product_cat","embeddable":true,"href":"https:\/\/secureus.se\/es\/wp-json\/wp\/v2\/product_cat?post=72382"},{"taxonomy":"product_tag","embeddable":true,"href":"https:\/\/secureus.se\/es\/wp-json\/wp\/v2\/product_tag?post=72382"}],"curies":[{"name":"wp","href":"https:\/\/api.w.org\/{rel}","templated":true}]}}