{"id":72383,"date":"2023-01-23T09:55:50","date_gmt":"2023-01-23T08:55:50","guid":{"rendered":"https:\/\/secureus.se\/produkt\/power-g-wireless-pir-utomhus-kamera-pg8944-2\/"},"modified":"2025-12-31T20:37:55","modified_gmt":"2025-12-31T19:37:55","slug":"dsc-detector-camera-utomhus-pg8944","status":"publish","type":"product","link":"https:\/\/secureus.se\/es\/dsc-detector-camera-utomhus-pg8944\/","title":{"rendered":"Detector DSC con c\u00e1mara PIR inal\u00e1mbrico para exteriores PG8944"},"content":{"rendered":"<p><strong>Detector DSC con c\u00e1mara para exteriores PG8944<\/strong> Es un detector inal\u00e1mbrico de alta tecnolog\u00eda que combina la detecci\u00f3n de movimiento con confirmaci\u00f3n visual.<\/p>\n<p>Equipado con una potente c\u00e1mara que captura im\u00e1genes inmediatamente en caso de alarma, el PG8944 brinda a los administradores de seguridad la capacidad de ver lo que est\u00e1 sucediendo en tiempo real.<\/p>\n<p>Gracias al uso de la tecnolog\u00eda PowerG se garantiza un alcance de comunicaci\u00f3n de hasta 2 km en aire libre.<\/p>\n<p>El detector tiene un \u00e1rea de cobertura de 12 metros con un \u00e1ngulo de visi\u00f3n de 90\u00b0 y est\u00e1 dise\u00f1ado para soportar condiciones exteriores con un rango de temperatura de -35\u00b0C a +60\u00b0C.<\/p>\n<p>Con su innovadora tecnolog\u00eda Octa-Quad y ocho sensores IR, puede distinguir de forma fiable entre personas, \u00e1rboles en movimiento y animales m\u00e1s peque\u00f1os, minimizando las falsas alarmas.<\/p>\n<p>Es f\u00e1cil de instalar y se puede configurar a trav\u00e9s del panel de control sin necesidad de realizar ajustes in situ.<\/p>\n<p>Con una bater\u00eda de larga duraci\u00f3n de hasta 3 a\u00f1os, el PG8944 es una soluci\u00f3n rentable para monitorear la seguridad del hogar y la empresa.<\/p>","protected":false},"excerpt":{"rendered":"<p>El detector DSC con c\u00e1mara PG8944 es un detector inal\u00e1mbrico para exteriores con c\u00e1mara que ofrece monitoreo en tiempo real y verificaci\u00f3n de alarmas.<\/p>\n<p>Con un \u00e1rea de cobertura de 12 metros y tecnolog\u00eda avanzada Octa-Quad, minimiza las falsas alarmas y permite la detecci\u00f3n confiable de intrusiones no autorizadas.<\/p>\n<p>Equipado con una c\u00e1mara IR y una bater\u00eda de larga duraci\u00f3n, es ideal tanto para aplicaciones residenciales como comerciales.<\/p>","protected":false},"featured_media":140896,"template":"","meta":{"_acf_changed":false},"product_brand":[],"product_cat":[3325,1322],"product_tag":[3311,3016,2472],"class_list":{"0":"post-72383","1":"product","2":"type-product","3":"status-publish","4":"has-post-thumbnail","6":"product_cat-kameradetektor","7":"product_cat-dsc-larm-neo-power-hybridlarm","8":"product_tag-dsc-neo-svensk-manual","9":"product_tag-neo-detektorer","10":"product_tag-sbsc-larmklassr","11":"product_shipping_class-postnord-varubrev","12":"pa_brands-4dsc","13":"tm-has-options","15":"first","16":"onbackorder","17":"sale","18":"featured","19":"taxable","20":"shipping-taxable","21":"purchasable","22":"product-type-simple"},"acf":[],"_links":{"self":[{"href":"https:\/\/secureus.se\/es\/wp-json\/wp\/v2\/product\/72383","targetHints":{"allow":["GET"]}}],"collection":[{"href":"https:\/\/secureus.se\/es\/wp-json\/wp\/v2\/product"}],"about":[{"href":"https:\/\/secureus.se\/es\/wp-json\/wp\/v2\/types\/product"}],"wp:featuredmedia":[{"embeddable":true,"href":"https:\/\/secureus.se\/es\/wp-json\/wp\/v2\/media\/140896"}],"wp:attachment":[{"href":"https:\/\/secureus.se\/es\/wp-json\/wp\/v2\/media?parent=72383"}],"wp:term":[{"taxonomy":"product_brand","embeddable":true,"href":"https:\/\/secureus.se\/es\/wp-json\/wp\/v2\/product_brand?post=72383"},{"taxonomy":"product_cat","embeddable":true,"href":"https:\/\/secureus.se\/es\/wp-json\/wp\/v2\/product_cat?post=72383"},{"taxonomy":"product_tag","embeddable":true,"href":"https:\/\/secureus.se\/es\/wp-json\/wp\/v2\/product_tag?post=72383"}],"curies":[{"name":"wp","href":"https:\/\/api.w.org\/{rel}","templated":true}]}}