{"id":72386,"date":"2023-01-23T09:55:50","date_gmt":"2023-01-23T08:55:50","guid":{"rendered":"https:\/\/secureus.se\/produkt\/dsc-neo-power-g-wireless-detektor-mirror-husdjur-pg8974p-2\/"},"modified":"2026-04-01T14:11:04","modified_gmt":"2026-04-01T12:11:04","slug":"dsc-pir-motion-detector-pet-mirror-powerg-pg8974p","status":"publish","type":"product","link":"https:\/\/secureus.se\/es\/dsc-pir-motion-detector-pet-mirror-powerg-pg8974p\/","title":{"rendered":"Detector de movimiento PIR DSC con espejo para mascotas PowerG PG8974P"},"content":{"rendered":"<h1>Detector de movimiento PIR DSC PG8974P: detecci\u00f3n de movimiento sin falsas alarmas<\/h1>\n<p>DSC <strong>Detector de movimiento PIR PG8974P<\/strong> Es un detector de movimiento avanzado y confiable que es perfecto tanto para entornos residenciales como comerciales.<\/p>\n<p>Con su innovadora \u00f3ptica de espejo y <strong>inmunidad de las mascotas<\/strong> Elimina falsas alarmas de mascotas de hasta 18 kg.<\/p>\n<p>Con <strong>Tecnolog\u00eda PowerG<\/strong> El PG8974P ofrece un rendimiento inal\u00e1mbrico superior, un alcance excepcional y una alta eficiencia energ\u00e9tica, proporcionando una vida \u00fatil de la bater\u00eda de hasta 7 a\u00f1os.<\/p>\n<h5>Caracter\u00edsticas principales<\/h5>\n<ul>\n<li><strong>Inmunidad de las mascotas<\/strong>:Ignora los movimientos de animales de hasta 18 kg, minimizando el riesgo de falsas alarmas.<\/li>\n<li><strong>\u00d3ptica de espejo<\/strong>:Proporciona una detecci\u00f3n precisa y confiable dentro de un rango de hasta 15 metros con un \u00e1ngulo de 90\u00b0.<\/li>\n<li><strong>Tecnolog\u00eda inal\u00e1mbrica PowerG<\/strong>:Comunicaci\u00f3n segura con un alcance de hasta 2 km en aire libre.<\/li>\n<li><strong>Compensaci\u00f3n digital de temperatura<\/strong>:Ajusta la sensibilidad a la temperatura ambiente para un rendimiento \u00f3ptimo.<\/li>\n<li><strong>Bater\u00eda de larga duraci\u00f3n<\/strong>:Hasta 7 a\u00f1os de funcionamiento con una bater\u00eda de litio CR123A 3V.<\/li>\n<li><strong>Dise\u00f1o resistente al vandalismo<\/strong>:Protecci\u00f3n contra enmascaramiento frontal y trasero para mayor seguridad.<\/li>\n<\/ul>\n<h5>Beneficios<\/h5>\n<ul>\n<li><strong>Instalaci\u00f3n r\u00e1pida y sencilla<\/strong>:El dise\u00f1o inal\u00e1mbrico elimina la necesidad de cableado.<\/li>\n<li><strong>Alta confiabilidad<\/strong>:Detecci\u00f3n precisa sin interferencia de mascotas o temperaturas ambientales.<\/li>\n<li><strong>Largo alcance<\/strong>:La tecnolog\u00eda PowerG permite colocar el detector en edificios m\u00e1s grandes sin p\u00e9rdida de se\u00f1al.<\/li>\n<\/ul>\n<h5>\u00c1reas de uso<\/h5>\n<ul>\n<li><strong>Alojamiento<\/strong>:Perfecto para hogares con mascotas y altos est\u00e1ndares de seguridad.<\/li>\n<li><strong>Bienes ra\u00edces comerciales<\/strong>:Protege oficinas, tiendas y almacenes sin falsas alarmas.<\/li>\n<li><strong>Espacios p\u00fablicos<\/strong>:Ideal para escuelas y otros entornos que requieren una vigilancia cercana.<\/li>\n<\/ul>\n<p>Con <strong>PG8974P<\/strong> Obtendr\u00e1 un detector de movimiento inteligente y confiable que ofrece larga vida \u00fatil, alto rendimiento y funcionamiento seguro.<\/p>","protected":false},"excerpt":{"rendered":"<p>El DSC PG8974P es un detector de movimiento PIR inal\u00e1mbrico con \u00f3ptica de espejo e inmunidad a mascotas.<\/p>\n<p>La tecnolog\u00eda PowerG proporciona largo alcance, alta precisi\u00f3n y hasta 7 a\u00f1os de duraci\u00f3n de bater\u00eda.<\/p>","protected":false},"featured_media":140731,"template":"","meta":{"_acf_changed":false},"product_brand":[],"product_cat":[3326,1322],"product_tag":[3152,3311,3016,2472],"class_list":{"0":"post-72386","1":"product","2":"type-product","3":"status-publish","4":"has-post-thumbnail","6":"product_cat-rorelsedetektor","7":"product_cat-dsc-larm-neo-power-hybridlarm","8":"product_tag-cr123-tillbehor","9":"product_tag-dsc-neo-svensk-manual","10":"product_tag-neo-detektorer","11":"product_tag-sbsc-larmklassr","12":"product_shipping_class-postnord-varubrev","13":"pa_brands-4dsc","14":"tm-has-options","16":"first","17":"instock","18":"sale","19":"featured","20":"taxable","21":"shipping-taxable","22":"purchasable","23":"product-type-simple"},"acf":[],"_links":{"self":[{"href":"https:\/\/secureus.se\/es\/wp-json\/wp\/v2\/product\/72386","targetHints":{"allow":["GET"]}}],"collection":[{"href":"https:\/\/secureus.se\/es\/wp-json\/wp\/v2\/product"}],"about":[{"href":"https:\/\/secureus.se\/es\/wp-json\/wp\/v2\/types\/product"}],"wp:featuredmedia":[{"embeddable":true,"href":"https:\/\/secureus.se\/es\/wp-json\/wp\/v2\/media\/140731"}],"wp:attachment":[{"href":"https:\/\/secureus.se\/es\/wp-json\/wp\/v2\/media?parent=72386"}],"wp:term":[{"taxonomy":"product_brand","embeddable":true,"href":"https:\/\/secureus.se\/es\/wp-json\/wp\/v2\/product_brand?post=72386"},{"taxonomy":"product_cat","embeddable":true,"href":"https:\/\/secureus.se\/es\/wp-json\/wp\/v2\/product_cat?post=72386"},{"taxonomy":"product_tag","embeddable":true,"href":"https:\/\/secureus.se\/es\/wp-json\/wp\/v2\/product_tag?post=72386"}],"curies":[{"name":"wp","href":"https:\/\/api.w.org\/{rel}","templated":true}]}}