{"id":72394,"date":"2023-01-23T09:55:49","date_gmt":"2023-01-23T08:55:49","guid":{"rendered":"https:\/\/secureus.se\/produkt\/dsc-neo-power-g-wireless-overfallsknapp-singel-tryck-pg8938-2\/"},"modified":"2025-12-31T20:44:31","modified_gmt":"2025-12-31T19:44:31","slug":"dsc-1-button-hand-transmitter-pg8938","status":"publish","type":"product","link":"https:\/\/secureus.se\/es\/dsc-1-button-hand-transmitter-pg8938\/","title":{"rendered":"Transmisor manual inal\u00e1mbrico DSC de 1 bot\u00f3n PG8938"},"content":{"rendered":"<p><strong>Transmisor manual DSC de 1 bot\u00f3n PG8938<\/strong> Es un bot\u00f3n de emergencia inal\u00e1mbrico de una sola pulsaci\u00f3n para Iotega, PowerSeries NEO y PRO. Este dispositivo ofrece un bot\u00f3n grande y f\u00e1cil de usar para facilitar la activaci\u00f3n de la alarma de emergencia, lo que lo hace ideal para una respuesta r\u00e1pida en situaciones de emergencia.<\/p>\n<h4>Caracter\u00edsticas:<\/h4>\n<ul>\n<li><strong>Activaci\u00f3n<\/strong>:El bot\u00f3n debe mantenerse presionado durante al menos dos segundos para evitar presionarlo incorrectamente.<\/li>\n<li><strong>Confirmaci\u00f3n de estado<\/strong>:Confirmaci\u00f3n visual mediante LED cuando se activa la alarma.<\/li>\n<li><strong>Clip para cintur\u00f3n y collar<\/strong>:Incluido para f\u00e1cil portabilidad.<\/li>\n<li><strong>Compatibilidad<\/strong>:Se pueden utilizar un m\u00e1ximo de 16 botones con el panel de control HS2016 y hasta 32 con otros dispositivos, sin ocupar ranuras de secci\u00f3n.<\/li>\n<li><strong>Duraci\u00f3n de la bater\u00eda<\/strong>:5 a\u00f1os (uso normal).<\/li>\n<li><strong>Tipo de bater\u00eda<\/strong>:Bater\u00eda de litio CR2032 de 3 V.<\/li>\n<\/ul>\n<h4>Por qu\u00e9 PowerSeries es excepcional<\/h4>\n<p>Poder monitorear hasta 128 zonas de forma inal\u00e1mbrica y por hardware hace que PowerSeries Neo sea excepcional para instalaciones grandes. Adem\u00e1s, 8 particiones permiten soluciones de seguridad personalizadas para diferentes secciones del negocio o el hogar.<\/p>\n<h4>PowerSeries: Seguridad a nuevos niveles<\/h4>\n<p>Introducci\u00f3n PowerSeries de DSC redefine la seguridad contra intrusiones al combinar la modularidad y el cableado con la simplicidad de una amplia gama de dispositivos y accesorios inal\u00e1mbricos. El resultado es el sistema h\u00edbrido m\u00e1s completo disponible en el mercado hoy en d\u00eda.<\/p>\n<h4>Por qu\u00e9 PowerSeries Neo es una soluci\u00f3n innovadora<\/h4>\n<p>Esta plataforma flexible aprovecha las caracter\u00edsticas superiores de PowerG, la tecnolog\u00eda de intrusi\u00f3n inal\u00e1mbrica l\u00edder de la industria. Las innovadoras soluciones de verificaci\u00f3n de alarmas, junto con un completo paquete de software de servicio remoto, hacen de PowerSeries la soluci\u00f3n premium \u00f3ptima para hogares y empresas.<\/p>\n<h4>Flexibilidad en seguridad<\/h4>\n<p>PowerSeries combina lo mejor de dos mundos: la estabilidad de un sistema cableado y la flexibilidad de los dispositivos inal\u00e1mbricos. Esto permite la personalizaci\u00f3n seg\u00fan necesidades \u00fanicas y lo convierte en el sistema m\u00e1s personalizable del mercado.<\/p>\n<h4>Tecnolog\u00eda innovadora para una seguridad superior<\/h4>\n<p>Al utilizar la tecnolog\u00eda PowerG, PowerSeries lleva la seguridad a un nuevo nivel. No solo proporciona protecci\u00f3n confiable contra intrusiones, sino que tambi\u00e9n permite una integraci\u00f3n fluida con varios dispositivos inal\u00e1mbricos.<\/p>\n<h3>Verificaci\u00f3n de alarmas y servicios remotos<\/h3>\n<p>PowerSeries viene con innovadoras soluciones de verificaci\u00f3n de alarmas para garantizar respuestas correctas a cada alarma. El completo software de servicio remoto permite el monitoreo y control desde cualquier lugar.<\/p>\n<h3>Preguntas frecuentes sobre PowerSeries<\/h3>\n<ul>\n<li><strong>P: \u00bfPor qu\u00e9 se considera que PowerSeries es una soluci\u00f3n h\u00edbrida?<\/strong>\n<ul>\n<li><strong>A:<\/strong> PowerSeries es un h\u00edbrido porque combina tecnolog\u00eda cableada e inal\u00e1mbrica para una soluci\u00f3n de seguridad completa y personalizable.<\/li>\n<\/ul>\n<\/li>\n<li><strong>P: \u00bfC\u00f3mo garantiza la tecnolog\u00eda PowerG una seguridad inal\u00e1mbrica superior?<\/strong>\n<ul>\n<li><strong>A:<\/strong> La tecnolog\u00eda PowerG no solo ofrece conectividad confiable sino tambi\u00e9n encriptaci\u00f3n y resistencia a interferencias para una seguridad superior.<\/li>\n<\/ul>\n<\/li>\n<li><strong>P: \u00bfQu\u00e9 tipos de dispositivos inal\u00e1mbricos se pueden integrar con PowerSeries?<\/strong>\n<ul>\n<li><strong>A:<\/strong> PowerSeries admite una amplia variedad de dispositivos inal\u00e1mbricos, incluidos detectores, c\u00e1maras y accesorios para hogares inteligentes.<\/li>\n<\/ul>\n<\/li>\n<li><strong>P: \u00bfQu\u00e9 significa la verificaci\u00f3n de alarma y por qu\u00e9 es importante?<\/strong>\n<ul>\n<li><strong>A:<\/strong> La verificaci\u00f3n de alarmas garantiza que cada alarma sea genuina, lo que reduce las falsas alarmas y proporciona respuestas m\u00e1s r\u00e1pidas y precisas del sistema de seguridad.<\/li>\n<\/ul>\n<\/li>\n<li><strong>P: \u00bfPuedo monitorear y controlar el PowerSeries de forma remota?<\/strong>\n<ul>\n<li><strong>A:<\/strong> S\u00ed, el completo software de servicio remoto permite el monitoreo y control a trav\u00e9s de una aplicaci\u00f3n m\u00f3vil o computadora donde quiera que est\u00e9s.<\/li>\n<\/ul>\n<\/li>\n<li><strong>P: \u00bfPowerSeries es adecuado tanto para uso residencial como comercial?<\/strong>\n<ul>\n<li><strong>A:<\/strong> S\u00ed, su flexibilidad y soluciones personalizadas lo hacen ideal tanto para hogares como para empresas.<\/li>\n<\/ul>\n<\/li>\n<\/ul>\n<h3>Conclusi\u00f3n<\/h3>\n<p>Con el transmisor manual de 1 bot\u00f3n PowerSeries Neo DSC PG8938 no solo obtiene una soluci\u00f3n de seguridad; Obtendr\u00e1s innovaci\u00f3n, flexibilidad y tecnolog\u00eda superior. Es seguridad en un nuevo nivel, adaptada a sus necesidades \u00fanicas.<\/p>","protected":false},"excerpt":{"rendered":"<p>El transmisor manual de 1 bot\u00f3n DSC PG8938 es un bot\u00f3n de emergencia inal\u00e1mbrico f\u00e1cil de usar dise\u00f1ado para los sistemas de alarma DSC NEO.<\/p>\n<p>Con su gran bot\u00f3n, permite una f\u00e1cil activaci\u00f3n de la alarma de emergencia, aumentando la seguridad tanto en hogares como en negocios.<\/p>\n<p>Equipado con un LED para confirmaci\u00f3n de estado y una bater\u00eda de larga duraci\u00f3n de hasta 5 a\u00f1os, este transmisor ofrece una soluci\u00f3n de protecci\u00f3n confiable y efectiva.<\/p>","protected":false},"featured_media":141621,"template":"","meta":{"_acf_changed":false},"product_brand":[],"product_cat":[3327,1322],"product_tag":[3311],"class_list":{"0":"post-72394","1":"product","2":"type-product","3":"status-publish","4":"has-post-thumbnail","6":"product_cat-overfall-fjarrkontrol","7":"product_cat-dsc-larm-neo-power-hybridlarm","8":"product_tag-dsc-neo-svensk-manual","9":"product_shipping_class-postnord-varubrev","10":"pa_brands-4dsc","11":"tm-has-options","13":"first","14":"instock","15":"sale","16":"featured","17":"taxable","18":"shipping-taxable","19":"purchasable","20":"product-type-simple"},"acf":[],"_links":{"self":[{"href":"https:\/\/secureus.se\/es\/wp-json\/wp\/v2\/product\/72394","targetHints":{"allow":["GET"]}}],"collection":[{"href":"https:\/\/secureus.se\/es\/wp-json\/wp\/v2\/product"}],"about":[{"href":"https:\/\/secureus.se\/es\/wp-json\/wp\/v2\/types\/product"}],"wp:featuredmedia":[{"embeddable":true,"href":"https:\/\/secureus.se\/es\/wp-json\/wp\/v2\/media\/141621"}],"wp:attachment":[{"href":"https:\/\/secureus.se\/es\/wp-json\/wp\/v2\/media?parent=72394"}],"wp:term":[{"taxonomy":"product_brand","embeddable":true,"href":"https:\/\/secureus.se\/es\/wp-json\/wp\/v2\/product_brand?post=72394"},{"taxonomy":"product_cat","embeddable":true,"href":"https:\/\/secureus.se\/es\/wp-json\/wp\/v2\/product_cat?post=72394"},{"taxonomy":"product_tag","embeddable":true,"href":"https:\/\/secureus.se\/es\/wp-json\/wp\/v2\/product_tag?post=72394"}],"curies":[{"name":"wp","href":"https:\/\/api.w.org\/{rel}","templated":true}]}}