{"id":72395,"date":"2023-01-23T09:55:49","date_gmt":"2023-01-23T08:55:49","guid":{"rendered":"https:\/\/secureus.se\/produkt\/dsc-neo-power-g-wireless-ir-detektor-kamera-detektor-husdjur-pg8934p-2\/"},"modified":"2026-04-01T14:39:27","modified_gmt":"2026-04-01T12:39:27","slug":"dsc-pir-camera-detector-wireless-pg8934p","status":"publish","type":"product","link":"https:\/\/secureus.se\/es\/dsc-pir-camera-detector-wireless-pg8934p\/","title":{"rendered":"Detector de c\u00e1mara PIR DSC inal\u00e1mbrico PG8934P"},"content":{"rendered":"<p><strong>Detector de c\u00e1mara PIR DSC inal\u00e1mbrico PG8934P<\/strong> Combina detecci\u00f3n de movimiento de alta calidad con tecnolog\u00eda de c\u00e1mara para garantizar una soluci\u00f3n de seguridad eficaz.<\/p>\n<p>Con un \u00e1rea de cobertura de 12 metros y un campo de visi\u00f3n de 90\u00b0, este detector es perfecto tanto para hogares como para negocios.<\/p>\n<p>Utiliza tecnolog\u00eda PowerG que ofrece un alcance de hasta 2 km en aire libre.<\/p>\n<p>Al detectar movimiento, el PG8934P activa la c\u00e1mara, que captura r\u00e1pidamente im\u00e1genes que se env\u00edan al centro de alarma para su revisi\u00f3n inmediata.<\/p>\n<p>El detector tambi\u00e9n est\u00e1 equipado con True Motion Recognition\u2122 para minimizar las falsas alarmas y tiene una funci\u00f3n para mascotas que permite animales de hasta 38 kg.<\/p>\n<p><strong>Caracter\u00edsticas y beneficios:<\/strong><\/p>\n<ul>\n<li>C\u00e1mara CMOS con iluminaci\u00f3n IR para vigilancia diurna y nocturna.<\/li>\n<li>Verificaci\u00f3n de alarma visual en tiempo real para mayor seguridad.<\/li>\n<li>Bater\u00eda de larga duraci\u00f3n de hasta 3 a\u00f1os.<\/li>\n<li>Compatible con sistemas PowerSeries Neo.<\/li>\n<li>Dise\u00f1o de f\u00e1cil instalaci\u00f3n que minimiza los costos de instalaci\u00f3n.<\/li>\n<\/ul>\n<p><strong>Especificaci\u00f3n t\u00e9cnica:<\/strong><\/p>\n<ul>\n<li>\u00c1rea de cobertura: 12 metros, 90\u00b0.<\/li>\n<li>Duraci\u00f3n de la bater\u00eda: 3 a\u00f1os (t\u00edpico).<\/li>\n<li>Tipo de bater\u00eda: 2 bater\u00edas de litio CR-123A de 3 V.<\/li>\n<li>Funci\u00f3n mascota: Hasta 38 kg.<\/li>\n<li>Dimensiones: 125 x 63 x 60 mm.<\/li>\n<li>Temperatura de funcionamiento: -10\u00b0 a 50\u00b0C.<\/li>\n<\/ul>","protected":false},"excerpt":{"rendered":"<p>El detector de c\u00e1mara PIR inal\u00e1mbrico DSC PG8934P es un detector IR inal\u00e1mbrico con c\u00e1mara, adaptado para mascotas y dise\u00f1ado para Iotega, PowerSeries NEO y PRO.<\/p>\n<p>En caso de alarma, el detector activa la c\u00e1mara, que inmediatamente toma fotograf\u00edas y las env\u00eda a la central de alarmas, permitiendo el monitoreo en tiempo real.<\/p>\n<p>Tiene un \u00e1rea de cobertura de 12 metros y una duraci\u00f3n de bater\u00eda de hasta 3 a\u00f1os.<\/p>","protected":false},"featured_media":141634,"template":"","meta":{"_acf_changed":false},"product_brand":[],"product_cat":[3325,1322],"product_tag":[3311,3016,2472],"class_list":{"0":"post-72395","1":"product","2":"type-product","3":"status-publish","4":"has-post-thumbnail","6":"product_cat-kameradetektor","7":"product_cat-dsc-larm-neo-power-hybridlarm","8":"product_tag-dsc-neo-svensk-manual","9":"product_tag-neo-detektorer","10":"product_tag-sbsc-larmklassr","11":"product_shipping_class-postnord-varubrev","12":"pa_brands-4dsc","13":"tm-has-options","15":"first","16":"instock","17":"sale","18":"featured","19":"taxable","20":"shipping-taxable","21":"purchasable","22":"product-type-simple"},"acf":[],"_links":{"self":[{"href":"https:\/\/secureus.se\/es\/wp-json\/wp\/v2\/product\/72395","targetHints":{"allow":["GET"]}}],"collection":[{"href":"https:\/\/secureus.se\/es\/wp-json\/wp\/v2\/product"}],"about":[{"href":"https:\/\/secureus.se\/es\/wp-json\/wp\/v2\/types\/product"}],"wp:featuredmedia":[{"embeddable":true,"href":"https:\/\/secureus.se\/es\/wp-json\/wp\/v2\/media\/141634"}],"wp:attachment":[{"href":"https:\/\/secureus.se\/es\/wp-json\/wp\/v2\/media?parent=72395"}],"wp:term":[{"taxonomy":"product_brand","embeddable":true,"href":"https:\/\/secureus.se\/es\/wp-json\/wp\/v2\/product_brand?post=72395"},{"taxonomy":"product_cat","embeddable":true,"href":"https:\/\/secureus.se\/es\/wp-json\/wp\/v2\/product_cat?post=72395"},{"taxonomy":"product_tag","embeddable":true,"href":"https:\/\/secureus.se\/es\/wp-json\/wp\/v2\/product_tag?post=72395"}],"curies":[{"name":"wp","href":"https:\/\/api.w.org\/{rel}","templated":true}]}}