{"id":72398,"date":"2023-01-23T09:55:48","date_gmt":"2023-01-23T08:55:48","guid":{"rendered":"https:\/\/secureus.se\/produkt\/dsc-neo-knappsats-tradlos-hs2lcd-wf-p-prox-engelsk-text-2\/"},"modified":"2026-01-06T20:44:29","modified_gmt":"2026-01-06T19:44:29","slug":"dsc-hs2lcdwfp-svensk-text","status":"publish","type":"product","link":"https:\/\/secureus.se\/es\/dsc-hs2lcdwfp-svensk-text\/","title":{"rendered":"Teclado de seguridad inal\u00e1mbrico DSC HS2LCDWFP con proximidad y texto en sueco"},"content":{"rendered":"<p><strong>DSC HS2LCDWFP<\/strong> es un teclado de seguridad inal\u00e1mbrico avanzado dise\u00f1ado para usarse con el sistema de alarma DSC Neo.<\/p>\n<p>Este teclado tiene una pantalla LCD de f\u00e1cil lectura que muestra informaci\u00f3n en sueco, lo que facilita su uso para los usuarios suecos.<\/p>\n<p>Dispone de una radio incorporada que permite la comunicaci\u00f3n hasta 2000 metros en aire libre, lo que proporciona una gran flexibilidad a la hora de instalar sensores inal\u00e1mbricos y otros productos Neo.<\/p>\n<p>Una de las caracter\u00edsticas distintivas es el lector PROX\/EM integrado, que permite utilizar tarjetas de proximidad para activar o desactivar r\u00e1pida y f\u00e1cilmente el sistema de alarma.<\/p>\n<p>Ofrece textos programables para zonas y \u00e1reas de alarma, as\u00ed como la posibilidad de leer la memoria de eventos directamente en la pantalla.<\/p>\n<p>Con cinco botones de funci\u00f3n, tres botones de emergencia y un terminal de tornillo para entrada de zona cableada o salida PGM, el HS2LCDWFP es vers\u00e1til y f\u00e1cil de usar.<\/p>\n<p>El consumo de energ\u00eda est\u00e1 entre 55 y 105 mA, lo que lo hace eficiente y confiable para un uso a largo plazo.<\/p>","protected":false},"excerpt":{"rendered":"<p>DSC HS2LCDWFP es un teclado inal\u00e1mbrico con pantalla LCD que admite texto en sueco para sistemas de alarma Neo.<\/p>\n<p>Tiene una radio incorporada para dispositivos inal\u00e1mbricos y un lector PROX para iniciar sesi\u00f3n f\u00e1cilmente.<\/p>\n<p>Con textos programables para zonas y memoria de eventos, este teclado es f\u00e1cil de usar y funcional.<\/p>\n<p>&nbsp;<\/p>","protected":false},"featured_media":141643,"template":"","meta":{"_acf_changed":false},"product_brand":[],"product_cat":[3329,1322],"product_tag":[3311,3028,3029],"class_list":{"0":"post-72398","1":"product","2":"type-product","3":"status-publish","4":"has-post-thumbnail","6":"product_cat-knappsats-kod","7":"product_cat-dsc-larm-neo-power-hybridlarm","8":"product_tag-dsc-neo-svensk-manual","9":"product_tag-neo-knappsats-manoverpaneler","10":"product_tag-neo-dsc-knappsats-manoverpaneler","11":"product_shipping_class-postnord-varubrev","12":"pa_brands-4dsc","13":"tm-has-options","15":"first","16":"outofstock","17":"sale","18":"featured","19":"taxable","20":"shipping-taxable","21":"purchasable","22":"product-type-simple"},"acf":[],"_links":{"self":[{"href":"https:\/\/secureus.se\/es\/wp-json\/wp\/v2\/product\/72398","targetHints":{"allow":["GET"]}}],"collection":[{"href":"https:\/\/secureus.se\/es\/wp-json\/wp\/v2\/product"}],"about":[{"href":"https:\/\/secureus.se\/es\/wp-json\/wp\/v2\/types\/product"}],"wp:featuredmedia":[{"embeddable":true,"href":"https:\/\/secureus.se\/es\/wp-json\/wp\/v2\/media\/141643"}],"wp:attachment":[{"href":"https:\/\/secureus.se\/es\/wp-json\/wp\/v2\/media?parent=72398"}],"wp:term":[{"taxonomy":"product_brand","embeddable":true,"href":"https:\/\/secureus.se\/es\/wp-json\/wp\/v2\/product_brand?post=72398"},{"taxonomy":"product_cat","embeddable":true,"href":"https:\/\/secureus.se\/es\/wp-json\/wp\/v2\/product_cat?post=72398"},{"taxonomy":"product_tag","embeddable":true,"href":"https:\/\/secureus.se\/es\/wp-json\/wp\/v2\/product_tag?post=72398"}],"curies":[{"name":"wp","href":"https:\/\/api.w.org\/{rel}","templated":true}]}}