{"id":72399,"date":"2023-01-23T09:55:48","date_gmt":"2023-01-23T08:55:48","guid":{"rendered":"https:\/\/secureus.se\/produkt\/powerg-fjarrkontroll-wireless-key-slim-pg8929\/"},"modified":"2025-12-31T20:35:15","modified_gmt":"2025-12-31T19:35:15","slug":"dsc-pg8929fjarrkontroll","status":"publish","type":"product","link":"https:\/\/secureus.se\/es\/dsc-pg8929fjarrkontroll\/","title":{"rendered":"Transmisor manual de 4 botones DSC PG8929 Control remoto PowerG Llave inal\u00e1mbrica delgada"},"content":{"rendered":"<p><strong>DSC PG8929<\/strong> es un control remoto de 4 botones dise\u00f1ado para brindar a los usuarios una soluci\u00f3n fluida y eficiente para controlar sus sistemas de alarma Iotega y Neo.<\/p>\n<p>Con su dise\u00f1o compacto y delgado, el PG8929 es perfecto tanto para entornos residenciales como comerciales.<\/p>\n<p>El control remoto puede activar alarmas y controlar las salidas del sistema con facilidad, y tambi\u00e9n tiene un bot\u00f3n espec\u00edfico para emergencias.<\/p>\n<p>Una caracter\u00edstica importante es la confirmaci\u00f3n de cada comando ejecutado, que se da mediante indicaci\u00f3n LED y sonora, garantizando que el usuario siempre sepa que la acci\u00f3n ha sido registrada.<\/p>\n<p>El PG8929 tiene un retraso de 1 segundo para activar todas las funciones y un retraso de 3 segundos para las alarmas de emergencia, lo que evita activaciones accidentales.<\/p>\n<p>Con una impresionante duraci\u00f3n de bater\u00eda de hasta 5 a\u00f1os y un tipo de bater\u00eda CR2032, ofrece confiabilidad y un rendimiento duradero.<\/p>\n<p>Es una parte invaluable de cualquier sistema de seguridad, brindando a los usuarios tranquilidad y control.<\/p>","protected":false},"excerpt":{"rendered":"<p>El DSC PG8929 es un control remoto delgado de cuatro botones para los sistemas de alarma DSC Iotega y Neo.<\/p>\n<p>Con la capacidad de armar y desarmar, as\u00ed como activar alarmas de emergencia y p\u00e1nico, ofrece facilidad de uso y una r\u00e1pida confirmaci\u00f3n del estado.<\/p>\n<p>Tiene una duraci\u00f3n de bater\u00eda de hasta 5 a\u00f1os y es perfecto para garantizar una experiencia de seguridad fluida.<\/p>\n<p>&nbsp;<\/p>","protected":false},"featured_media":141668,"template":"","meta":{"_acf_changed":false},"product_brand":[],"product_cat":[3327,1322],"product_tag":[3311,3031],"class_list":{"0":"post-72399","1":"product","2":"type-product","3":"status-publish","4":"has-post-thumbnail","6":"product_cat-overfall-fjarrkontrol","7":"product_cat-dsc-larm-neo-power-hybridlarm","8":"product_tag-dsc-neo-svensk-manual","9":"product_tag-neo-ovriga-tillbehor","10":"product_shipping_class-postnord-varubrev","11":"pa_brands-4dsc","12":"tm-has-options","14":"first","15":"instock","16":"sale","17":"featured","18":"taxable","19":"shipping-taxable","20":"purchasable","21":"product-type-simple"},"acf":[],"_links":{"self":[{"href":"https:\/\/secureus.se\/es\/wp-json\/wp\/v2\/product\/72399","targetHints":{"allow":["GET"]}}],"collection":[{"href":"https:\/\/secureus.se\/es\/wp-json\/wp\/v2\/product"}],"about":[{"href":"https:\/\/secureus.se\/es\/wp-json\/wp\/v2\/types\/product"}],"wp:featuredmedia":[{"embeddable":true,"href":"https:\/\/secureus.se\/es\/wp-json\/wp\/v2\/media\/141668"}],"wp:attachment":[{"href":"https:\/\/secureus.se\/es\/wp-json\/wp\/v2\/media?parent=72399"}],"wp:term":[{"taxonomy":"product_brand","embeddable":true,"href":"https:\/\/secureus.se\/es\/wp-json\/wp\/v2\/product_brand?post=72399"},{"taxonomy":"product_cat","embeddable":true,"href":"https:\/\/secureus.se\/es\/wp-json\/wp\/v2\/product_cat?post=72399"},{"taxonomy":"product_tag","embeddable":true,"href":"https:\/\/secureus.se\/es\/wp-json\/wp\/v2\/product_tag?post=72399"}],"curies":[{"name":"wp","href":"https:\/\/api.w.org\/{rel}","templated":true}]}}