{"id":72406,"date":"2023-01-23T09:55:47","date_gmt":"2023-01-23T08:55:47","guid":{"rendered":"https:\/\/secureus.se\/produkt\/neo-power-g-wireless-keypad-lcd-hs2lcdwf-svensk-text\/"},"modified":"2026-05-04T14:12:54","modified_gmt":"2026-05-04T12:12:54","slug":"dsc-power-g-wireless-keypad-lcd-hs2lcdwf","status":"publish","type":"product","link":"https:\/\/secureus.se\/es\/dsc-power-g-wireless-keypad-lcd-hs2lcdwf\/","title":{"rendered":"Teclado inal\u00e1mbrico LCD DSC Power G HS2LCDWF (texto en sueco)"},"content":{"rendered":"<p><strong>Teclado inal\u00e1mbrico LCD DSC Power G HS2LCDWF<\/strong> es un teclado inal\u00e1mbrico avanzado dise\u00f1ado para brindar a los usuarios un control simple y eficiente sobre los sistemas de alarma Neo.<\/p>\n<p>Con su pantalla LCD de alta resoluci\u00f3n y soporte para sueco y varios otros idiomas, ofrece una experiencia f\u00e1cil de usar que facilita la navegaci\u00f3n por la configuraci\u00f3n de seguridad.<\/p>\n<p>El teclado puede comunicarse a distancias de hasta 2000 metros, lo que proporciona una gran flexibilidad durante la instalaci\u00f3n.<\/p>\n<p>Admite hasta 128 zonas cableadas o inal\u00e1mbricas, lo que lo hace ideal tanto para locales residenciales como comerciales.<\/p>\n<p>Los usuarios pueden programar sus propios textos para diferentes zonas y \u00e1reas de alarma, lo que aumenta la claridad y la eficiencia en la gesti\u00f3n del sistema de seguridad.<\/p>\n<p>Con cinco botones de funci\u00f3n programables y tres botones de emergencia, el HS2LCDWF ofrece acceso r\u00e1pido a funciones importantes, lo que facilita la gesti\u00f3n de la configuraci\u00f3n de seguridad en situaciones estresantes.<\/p>\n<p>El teclado tambi\u00e9n tiene un terminal de tornillo para conectar dispositivos externos y un bajo consumo de corriente de 55-105 mA, lo que contribuye a su eficiencia energ\u00e9tica.<\/p>\n<p>En conclusi\u00f3n, el DSC HS2LCDWF es un teclado vers\u00e1til y f\u00e1cil de usar que combina tecnolog\u00eda avanzada con funciones pr\u00e1cticas, lo que lo convierte en una excelente opci\u00f3n para quienes buscan una soluci\u00f3n de seguridad confiable.<\/p>","protected":false},"excerpt":{"rendered":"<p>DSC HS2LCDWF es un teclado inal\u00e1mbrico para sistemas de alarma Neo, equipado con una pantalla LCD con texto en sueco.<\/p>\n<p>Tiene un alcance de hasta 2000 metros y permite la programaci\u00f3n de secciones y zonas de alarma.<\/p>\n<p>Con 5 botones de funci\u00f3n y 3 botones de emergencia, ofrece a los usuarios un control r\u00e1pido y eficiente sobre el sistema de seguridad.<\/p>","protected":false},"featured_media":140774,"template":"","meta":{"_acf_changed":false},"product_brand":[],"product_cat":[3329,1322],"product_tag":[3311,3028,3029],"class_list":{"0":"post-72406","1":"product","2":"type-product","3":"status-publish","4":"has-post-thumbnail","6":"product_cat-knappsats-kod","7":"product_cat-dsc-larm-neo-power-hybridlarm","8":"product_tag-dsc-neo-svensk-manual","9":"product_tag-neo-knappsats-manoverpaneler","10":"product_tag-neo-dsc-knappsats-manoverpaneler","11":"product_shipping_class-postnord-varubrev","12":"pa_brands-4dsc","13":"tm-has-options","15":"first","16":"outofstock","17":"sale","18":"featured","19":"taxable","20":"shipping-taxable","21":"purchasable","22":"product-type-simple"},"acf":[],"_links":{"self":[{"href":"https:\/\/secureus.se\/es\/wp-json\/wp\/v2\/product\/72406","targetHints":{"allow":["GET"]}}],"collection":[{"href":"https:\/\/secureus.se\/es\/wp-json\/wp\/v2\/product"}],"about":[{"href":"https:\/\/secureus.se\/es\/wp-json\/wp\/v2\/types\/product"}],"wp:featuredmedia":[{"embeddable":true,"href":"https:\/\/secureus.se\/es\/wp-json\/wp\/v2\/media\/140774"}],"wp:attachment":[{"href":"https:\/\/secureus.se\/es\/wp-json\/wp\/v2\/media?parent=72406"}],"wp:term":[{"taxonomy":"product_brand","embeddable":true,"href":"https:\/\/secureus.se\/es\/wp-json\/wp\/v2\/product_brand?post=72406"},{"taxonomy":"product_cat","embeddable":true,"href":"https:\/\/secureus.se\/es\/wp-json\/wp\/v2\/product_cat?post=72406"},{"taxonomy":"product_tag","embeddable":true,"href":"https:\/\/secureus.se\/es\/wp-json\/wp\/v2\/product_tag?post=72406"}],"curies":[{"name":"wp","href":"https:\/\/api.w.org\/{rel}","templated":true}]}}