{"id":72408,"date":"2023-01-23T09:55:47","date_gmt":"2023-01-23T08:55:47","guid":{"rendered":"https:\/\/secureus.se\/produkt\/neo-keypad-lcd-hs2lcd-svensk-text\/"},"modified":"2026-01-06T20:44:06","modified_gmt":"2026-01-06T19:44:06","slug":"dsc-security-keypad-hs2lcd","status":"publish","type":"product","link":"https:\/\/secureus.se\/es\/dsc-security-keypad-hs2lcd\/","title":{"rendered":"Teclado de seguridad DSC HS2LCD (texto en sueco)"},"content":{"rendered":"<p><strong>Teclado de seguridad DSC HS2LCD<\/strong> es un teclado avanzado y f\u00e1cil de usar dise\u00f1ado para funcionar con el sistema de alarma Neo.<\/p>\n<p>Esta unidad tiene una pantalla LCD clara con textos en sueco, lo que facilita la navegaci\u00f3n para los usuarios en entornos suecos. Con soporte para hasta 128 zonas cableadas o inal\u00e1mbricas, el teclado se puede personalizar para adaptarse a una variedad de necesidades de seguridad, ya sea para instalaciones residenciales o comerciales.<\/p>\n<p>HS2LCD ofrece etiquetas totalmente programables con hasta 32 caracteres, lo que permite la personalizaci\u00f3n y la identificaci\u00f3n clara de diferentes zonas y \u00e1reas de alarma.<\/p>\n<p>El teclado tiene cinco teclas de funci\u00f3n programables para acceso r\u00e1pido y tres teclas de emergencia para respuesta inmediata en situaciones de emergencia.<\/p>\n<p>Adem\u00e1s, el dispositivo tiene una pantalla de temperatura incorporada, que proporciona informaci\u00f3n adicional al usuario.<\/p>\n<p>El dise\u00f1o moderno y delgado del HS2LCD, con botones retroiluminados, garantiza que sea f\u00e1cil de usar incluso con poca luz.<\/p>\n<p>Con un consumo de energ\u00eda entre 55 y 105 mA, este teclado tambi\u00e9n es energ\u00e9ticamente eficiente.<\/p>\n<p>Con caracter\u00edsticas como memoria de eventos, retroiluminaci\u00f3n programable y montaje en pared doble, el HS2LCD ofrece una combinaci\u00f3n de funcionalidad y flexibilidad dif\u00edcil de superar.<\/p>\n<p>Si busca mejorar la seguridad de su hogar o negocio, el teclado de seguridad DSC HS2LCD es una soluci\u00f3n confiable y eficaz.<\/p>","protected":false},"excerpt":{"rendered":"<p>El teclado de seguridad DSC HS2LCD es un teclado con cable con pantalla LCD y texto en sueco, dise\u00f1ado para el sistema de alarma Neo.<\/p>\n<p>Dispone de textos programables para secciones y memorias de eventos que pueden ser le\u00eddos en el display.<\/p>\n<p>Con cinco botones de funci\u00f3n, tres botones de emergencia y la capacidad de admitir hasta 128 zonas, ofrece una soluci\u00f3n f\u00e1cil de usar para un monitoreo y control efectivos.<\/p>","protected":false},"featured_media":140615,"template":"","meta":{"_acf_changed":false},"product_brand":[],"product_cat":[3329,1322],"product_tag":[3311,3028,3029],"class_list":{"0":"post-72408","1":"product","2":"type-product","3":"status-publish","4":"has-post-thumbnail","6":"product_cat-knappsats-kod","7":"product_cat-dsc-larm-neo-power-hybridlarm","8":"product_tag-dsc-neo-svensk-manual","9":"product_tag-neo-knappsats-manoverpaneler","10":"product_tag-neo-dsc-knappsats-manoverpaneler","11":"product_shipping_class-postnord-varubrev","12":"pa_brands-4dsc","13":"tm-has-options","15":"first","16":"outofstock","17":"sale","18":"featured","19":"taxable","20":"shipping-taxable","21":"purchasable","22":"product-type-simple"},"acf":[],"_links":{"self":[{"href":"https:\/\/secureus.se\/es\/wp-json\/wp\/v2\/product\/72408","targetHints":{"allow":["GET"]}}],"collection":[{"href":"https:\/\/secureus.se\/es\/wp-json\/wp\/v2\/product"}],"about":[{"href":"https:\/\/secureus.se\/es\/wp-json\/wp\/v2\/types\/product"}],"wp:featuredmedia":[{"embeddable":true,"href":"https:\/\/secureus.se\/es\/wp-json\/wp\/v2\/media\/140615"}],"wp:attachment":[{"href":"https:\/\/secureus.se\/es\/wp-json\/wp\/v2\/media?parent=72408"}],"wp:term":[{"taxonomy":"product_brand","embeddable":true,"href":"https:\/\/secureus.se\/es\/wp-json\/wp\/v2\/product_brand?post=72408"},{"taxonomy":"product_cat","embeddable":true,"href":"https:\/\/secureus.se\/es\/wp-json\/wp\/v2\/product_cat?post=72408"},{"taxonomy":"product_tag","embeddable":true,"href":"https:\/\/secureus.se\/es\/wp-json\/wp\/v2\/product_tag?post=72408"}],"curies":[{"name":"wp","href":"https:\/\/api.w.org\/{rel}","templated":true}]}}