{"id":72413,"date":"2023-01-23T09:55:47","date_gmt":"2023-01-23T08:55:47","guid":{"rendered":"https:\/\/secureus.se\/produkt\/zone-expander-hsm2108-8-sektioner-neo\/"},"modified":"2026-04-01T13:18:21","modified_gmt":"2026-04-01T11:18:21","slug":"dsc-hsm2108-sektionskort","status":"publish","type":"product","link":"https:\/\/secureus.se\/es\/dsc-hsm2108-sektionskort\/","title":{"rendered":"Expansi\u00f3n de seguridad cableada DSC HSM2108 (8 secciones)"},"content":{"rendered":"<p><strong>DSC HSM2108<\/strong> es un componente importante para ampliar las capacidades del sistema de alarma DSC Neo.<\/p>\n<p>Esta tarjeta de zona permite la adici\u00f3n de hasta 8 zonas cableadas por tarjeta, lo que hace posible personalizar la soluci\u00f3n de seguridad seg\u00fan necesidades espec\u00edficas.<\/p>\n<p>El HSM2108 ofrece zonas balanceadas duales totalmente programables, lo que brinda al usuario flexibilidad y control sobre la configuraci\u00f3n del sistema de seguridad.<\/p>\n<p>Con capacidad m\u00e1xima, se pueden conectar hasta 15 tarjetas de zona al HS2128, 7 al HS2064, 3 al HS2032 y 1 al HS2016, lo que proporciona amplias posibilidades tanto para instalaciones residenciales como comerciales.<\/p>\n<p>La tarjeta se suministra sin carcasa y puede montarse en una carcasa separada o integrarse en la carcasa principal del panel de control, lo que proporciona una f\u00e1cil instalaci\u00f3n y manejo.<\/p>\n<p>El HSM2108 tiene un consumo de corriente de 30 mA y proporciona monitoreo y seguridad confiables para el sistema.<\/p>\n<p>Al utilizar este enfoque modular, los usuarios pueden escalar y adaptar sus sistemas de seguridad para satisfacer los requisitos actuales y futuros.<\/p>\n<p><b>\u00a0<\/b>es un componente importante para ampliar las capacidades del sistema de alarma DSC Neo.<\/p>\n<p>Esta tarjeta de zona permite la adici\u00f3n de hasta 8 zonas cableadas por tarjeta, lo que hace posible personalizar la soluci\u00f3n de seguridad seg\u00fan necesidades espec\u00edficas. El HSM2108 ofrece zonas balanceadas duales totalmente programables, lo que brinda al usuario flexibilidad y control sobre la configuraci\u00f3n del sistema de seguridad.<\/p>\n<p>Con capacidad m\u00e1xima, se pueden conectar hasta 15 tarjetas de zona al HS2128, 7 al HS2064, 3 al HS2032 y 1 al HS2016, lo que proporciona amplias posibilidades tanto para instalaciones residenciales como comerciales.<\/p>\n<p>La tarjeta se suministra sin carcasa y puede montarse en una carcasa separada o integrarse en la carcasa principal del panel de control, lo que proporciona una f\u00e1cil instalaci\u00f3n y manejo.<\/p>\n<p>El HSM2108 tiene un consumo de corriente de 30 mA y proporciona monitoreo y seguridad confiables para el sistema.<\/p>\n<p>Al utilizar este enfoque modular, los usuarios pueden escalar y adaptar sus sistemas de seguridad para satisfacer los requisitos actuales y futuros.<\/p>","protected":false},"excerpt":{"rendered":"<p>La DSC HSM2108 es una tarjeta de zona que ampl\u00eda el sistema de alarma Neo con 8 zonas cableadas por tarjeta.<\/p>\n<p>Con secciones de doble balanceo totalmente programables, ofrece seguridad modular y flexibilidad para instalaciones personalizadas.<\/p>\n<p>El HSM2108 requiere conexi\u00f3n a un gabinete y tiene un consumo de corriente de 30 mA.<\/p>\n<p>&nbsp;<\/p>","protected":false},"featured_media":140955,"template":"","meta":{"_acf_changed":false},"product_brand":[],"product_cat":[3328,1322],"product_tag":[3311,3030],"class_list":{"0":"post-72413","1":"product","2":"type-product","3":"status-publish","4":"has-post-thumbnail","6":"product_cat-kort-utbyggnad","7":"product_cat-dsc-larm-neo-power-hybridlarm","8":"product_tag-dsc-neo-svensk-manual","9":"product_tag-neo-matnings-utgangskort","10":"product_shipping_class-postnord-varubrev","11":"pa_brands-4dsc","12":"tm-has-options","14":"first","15":"instock","16":"sale","17":"featured","18":"taxable","19":"shipping-taxable","20":"purchasable","21":"product-type-simple"},"acf":[],"_links":{"self":[{"href":"https:\/\/secureus.se\/es\/wp-json\/wp\/v2\/product\/72413","targetHints":{"allow":["GET"]}}],"collection":[{"href":"https:\/\/secureus.se\/es\/wp-json\/wp\/v2\/product"}],"about":[{"href":"https:\/\/secureus.se\/es\/wp-json\/wp\/v2\/types\/product"}],"wp:featuredmedia":[{"embeddable":true,"href":"https:\/\/secureus.se\/es\/wp-json\/wp\/v2\/media\/140955"}],"wp:attachment":[{"href":"https:\/\/secureus.se\/es\/wp-json\/wp\/v2\/media?parent=72413"}],"wp:term":[{"taxonomy":"product_brand","embeddable":true,"href":"https:\/\/secureus.se\/es\/wp-json\/wp\/v2\/product_brand?post=72413"},{"taxonomy":"product_cat","embeddable":true,"href":"https:\/\/secureus.se\/es\/wp-json\/wp\/v2\/product_cat?post=72413"},{"taxonomy":"product_tag","embeddable":true,"href":"https:\/\/secureus.se\/es\/wp-json\/wp\/v2\/product_tag?post=72413"}],"curies":[{"name":"wp","href":"https:\/\/api.w.org\/{rel}","templated":true}]}}