{"id":72417,"date":"2023-01-23T09:55:46","date_gmt":"2023-01-23T08:55:46","guid":{"rendered":"https:\/\/secureus.se\/produkt\/dsc-neo-power-g-wireless-ir-detektor-husdjur-pg8914-2\/"},"modified":"2026-04-01T13:38:14","modified_gmt":"2026-04-01T11:38:14","slug":"dsc-pir-pg8914-wireless-digital-pet","status":"publish","type":"product","link":"https:\/\/secureus.se\/es\/dsc-pir-pg8914-wireless-digital-pet\/","title":{"rendered":"Detector digital inal\u00e1mbrico para mascotas DSC PIR PG8914 (38 kg) PowerG"},"content":{"rendered":"<p><strong>Detector de movimiento infrarrojo pasivo DSC PG8914<\/strong> es el \u00faltimo detector IR inal\u00e1mbrico de la serie PowerG, dise\u00f1ado para proporcionar detecci\u00f3n de movimiento y seguridad superiores.<\/p>\n<p>Con una funci\u00f3n para mascotas integrada que se puede activar o desactivar, este detector es ideal para hogares con animales, ya que puede ignorar el movimiento de mascotas que pesen hasta 38 kg.<\/p>\n<p>Utiliza tecnolog\u00eda avanzada PowerG que garantiza una comunicaci\u00f3n confiable a distancias de hasta 2 km en campo abierto.<\/p>\n<p>El detector tiene un alcance m\u00e1ximo de detecci\u00f3n de 12 metros y est\u00e1 equipado con True Motion Recognition\u2122, que le permite distinguir entre amenazas reales y otros movimientos que pueden causar falsas alarmas.<\/p>\n<p>Con su dise\u00f1o moderno y tama\u00f1o compacto, el PG8914 se adapta a todo tipo de entornos y es f\u00e1cil de instalar sin necesidad de ajustes verticales.<\/p>\n<p>La duraci\u00f3n de la bater\u00eda es impresionante y se extiende hasta 6-8 a\u00f1os, proporcionando un funcionamiento duradero y sin necesidad de mantenimiento.<\/p>\n<p>El DSC PIR PG8914 es una soluci\u00f3n perfecta para sistemas de seguridad residenciales y comerciales y se puede integrar f\u00e1cilmente con el sistema DSC PowerSeries Neo.<\/p>","protected":false},"excerpt":{"rendered":"<p>El DSC PIR PG8914 es un detector de infrarrojos inal\u00e1mbrico que ofrece detecci\u00f3n de movimiento avanzada con una funci\u00f3n que admite mascotas de hasta 38 kg.<\/p>\n<p>Equipado con tecnolog\u00eda PowerG, tiene un alcance de hasta 12 metros y True Motion Recognition\u2122 para minimizar las falsas alarmas.<\/p>\n<p>La bater\u00eda de larga duraci\u00f3n de 6 a 8 a\u00f1os la convierte en una soluci\u00f3n de seguridad confiable para su hogar o negocio.<\/p>","protected":false},"featured_media":140970,"template":"","meta":{"_acf_changed":false},"product_brand":[],"product_cat":[3326,1322],"product_tag":[3152,3311,3016,2472],"class_list":{"0":"post-72417","1":"product","2":"type-product","3":"status-publish","4":"has-post-thumbnail","6":"product_cat-rorelsedetektor","7":"product_cat-dsc-larm-neo-power-hybridlarm","8":"product_tag-cr123-tillbehor","9":"product_tag-dsc-neo-svensk-manual","10":"product_tag-neo-detektorer","11":"product_tag-sbsc-larmklassr","12":"product_shipping_class-postnord-varubrev","13":"pa_brands-4dsc","14":"tm-has-options","16":"first","17":"instock","18":"sale","19":"featured","20":"taxable","21":"shipping-taxable","22":"purchasable","23":"product-type-simple"},"acf":[],"_links":{"self":[{"href":"https:\/\/secureus.se\/es\/wp-json\/wp\/v2\/product\/72417","targetHints":{"allow":["GET"]}}],"collection":[{"href":"https:\/\/secureus.se\/es\/wp-json\/wp\/v2\/product"}],"about":[{"href":"https:\/\/secureus.se\/es\/wp-json\/wp\/v2\/types\/product"}],"wp:featuredmedia":[{"embeddable":true,"href":"https:\/\/secureus.se\/es\/wp-json\/wp\/v2\/media\/140970"}],"wp:attachment":[{"href":"https:\/\/secureus.se\/es\/wp-json\/wp\/v2\/media?parent=72417"}],"wp:term":[{"taxonomy":"product_brand","embeddable":true,"href":"https:\/\/secureus.se\/es\/wp-json\/wp\/v2\/product_brand?post=72417"},{"taxonomy":"product_cat","embeddable":true,"href":"https:\/\/secureus.se\/es\/wp-json\/wp\/v2\/product_cat?post=72417"},{"taxonomy":"product_tag","embeddable":true,"href":"https:\/\/secureus.se\/es\/wp-json\/wp\/v2\/product_tag?post=72417"}],"curies":[{"name":"wp","href":"https:\/\/api.w.org\/{rel}","templated":true}]}}