{"id":72418,"date":"2023-01-23T09:55:45","date_gmt":"2023-01-23T08:55:45","guid":{"rendered":"https:\/\/secureus.se\/produkt\/powerg-wireless-pir-360-10m-pg8862\/"},"modified":"2025-12-31T20:39:40","modified_gmt":"2025-12-31T19:39:40","slug":"dsc-wireless-pir-360-pg8862","status":"publish","type":"product","link":"https:\/\/secureus.se\/es\/dsc-wireless-pir-360-pg8862\/","title":{"rendered":"Detector PIR inal\u00e1mbrico DSC 360\u00b0 &quot;10 m&quot; PG8862"},"content":{"rendered":"<p><strong>Detector de movimiento infrarrojo pasivo (PIR) inal\u00e1mbrico DSC PG8862<\/strong> es un detector de movimiento avanzado dise\u00f1ado para proporcionar una detecci\u00f3n de 360 grados, lo que lo hace ideal para montaje en techo en habitaciones de tama\u00f1o mediano.<\/p>\n<p>Con un radio de detecci\u00f3n de hasta 20 metros, este detector se puede colocar a una altura de 2 a 6 metros, garantizando que cubra un \u00e1rea grande sin \u00e1ngulos muertos.<\/p>\n<p>Una de las caracter\u00edsticas m\u00e1s destacadas del PG8862 es su capacidad de adaptarse a diferentes entornos, lo que le permite reconocer movimientos sin reaccionar a interferencias no deseadas.<\/p>\n<p>Tambi\u00e9n est\u00e1 equipado con indicadores LED que muestran el estado durante la instalaci\u00f3n y el mantenimiento, lo que facilita la supervisi\u00f3n y la optimizaci\u00f3n del rendimiento del sistema.<\/p>\n<p>Adem\u00e1s, el PG8862 est\u00e1 dise\u00f1ado para ser energ\u00e9ticamente eficiente con una vida \u00fatil de bater\u00eda de hasta 3 a\u00f1os, lo que proporciona un funcionamiento confiable durante un per\u00edodo m\u00e1s prolongado.<\/p>\n<p>Opera en una frecuencia de 868 MHz y es f\u00e1cil de integrar en los sistemas DSC PowerSeries NEO, lo que lo convierte en una excelente opci\u00f3n tanto para hogares como para empresas.<\/p>\n<p>Con el DSC Wireless PIR PG8862 no solo obtendr\u00e1 un detector; Obtendr\u00e1 un sistema de protecci\u00f3n confiable que brinda seguridad y protecci\u00f3n en todas las situaciones.<\/p>","protected":false},"excerpt":{"rendered":"<p>El DSC Wireless PIR PG8862 es un detector de movimiento inal\u00e1mbrico con cobertura de 360 grados para montaje en techo, perfecto para asegurar habitaciones de tama\u00f1o mediano.<\/p>\n<p>Con un radio de detecci\u00f3n de 20 metros y una altura de instalaci\u00f3n de hasta 6 metros, ofrece una protecci\u00f3n fiable contra intrusiones.<\/p>\n<p>Equipado con indicadores LED y bater\u00eda de larga duraci\u00f3n, garantiza una f\u00e1cil instalaci\u00f3n y un funcionamiento duradero.<\/p>\n<p>&nbsp;<\/p>","protected":false},"featured_media":141212,"template":"","meta":{"_acf_changed":false},"product_brand":[],"product_cat":[1322,3326],"product_tag":[3152,3311,2472],"class_list":{"0":"post-72418","1":"product","2":"type-product","3":"status-publish","4":"has-post-thumbnail","6":"product_cat-dsc-larm-neo-power-hybridlarm","7":"product_cat-rorelsedetektor","8":"product_tag-cr123-tillbehor","9":"product_tag-dsc-neo-svensk-manual","10":"product_tag-sbsc-larmklassr","11":"product_shipping_class-postnord-varubrev","12":"pa_brands-4dsc","13":"tm-has-options","15":"first","16":"instock","17":"sale","18":"featured","19":"taxable","20":"shipping-taxable","21":"purchasable","22":"product-type-simple"},"acf":[],"_links":{"self":[{"href":"https:\/\/secureus.se\/es\/wp-json\/wp\/v2\/product\/72418","targetHints":{"allow":["GET"]}}],"collection":[{"href":"https:\/\/secureus.se\/es\/wp-json\/wp\/v2\/product"}],"about":[{"href":"https:\/\/secureus.se\/es\/wp-json\/wp\/v2\/types\/product"}],"wp:featuredmedia":[{"embeddable":true,"href":"https:\/\/secureus.se\/es\/wp-json\/wp\/v2\/media\/141212"}],"wp:attachment":[{"href":"https:\/\/secureus.se\/es\/wp-json\/wp\/v2\/media?parent=72418"}],"wp:term":[{"taxonomy":"product_brand","embeddable":true,"href":"https:\/\/secureus.se\/es\/wp-json\/wp\/v2\/product_brand?post=72418"},{"taxonomy":"product_cat","embeddable":true,"href":"https:\/\/secureus.se\/es\/wp-json\/wp\/v2\/product_cat?post=72418"},{"taxonomy":"product_tag","embeddable":true,"href":"https:\/\/secureus.se\/es\/wp-json\/wp\/v2\/product_tag?post=72418"}],"curies":[{"name":"wp","href":"https:\/\/api.w.org\/{rel}","templated":true}]}}