{"id":72422,"date":"2023-01-23T09:55:45","date_gmt":"2023-01-23T08:55:45","guid":{"rendered":"https:\/\/secureus.se\/produkt\/dsc-neo-power-g-wireless-repeater-pg8920-2\/"},"modified":"2026-02-23T14:45:39","modified_gmt":"2026-02-23T13:45:39","slug":"dsc-repeater-pg8920-powerg-wireless","status":"publish","type":"product","link":"https:\/\/secureus.se\/es\/dsc-repeater-pg8920-powerg-wireless\/","title":{"rendered":"Repetidor DSC PG8920 PowerG Wireless"},"content":{"rendered":"<p><strong>Repetidor DSC PG8920<\/strong> es una estaci\u00f3n de enlace inal\u00e1mbrica que es esencial para ampliar el rango de comunicaci\u00f3n de los sistemas de alarma PowerSeries Neo.<\/p>\n<p>Al actuar como repetidor, extiende la se\u00f1al inal\u00e1mbrica entre el sistema de alarma y otros dispositivos PowerG, garantizando que todas las partes del sistema se comuniquen de manera efectiva, independientemente del tama\u00f1o o el material del edificio.<\/p>\n<p>Con un alcance de hasta 2 km en una l\u00ednea de visi\u00f3n clara y un ajuste autom\u00e1tico de la intensidad de la transmisi\u00f3n, el PG8920 ayuda a mejorar la duraci\u00f3n de la bater\u00eda de los dispositivos conectados al minimizar la potencia de transmisi\u00f3n requerida.<\/p>\n<p>Tambi\u00e9n est\u00e1 equipado con un indicador de intensidad de se\u00f1al LED, lo que hace que la instalaci\u00f3n sea m\u00e1s f\u00e1cil y eficiente al ayudar al instalador a elegir la ubicaci\u00f3n de instalaci\u00f3n \u00f3ptima.<\/p>\n<p>El PG8920 viene con un adaptador de corriente y tiene una bater\u00eda Ni-MH recargable incorporada que proporciona 48 horas de respaldo en caso de un corte de energ\u00eda.<\/p>\n<p>Con robustas caracter\u00edsticas de seguridad y un dise\u00f1o moderno, el PG8920 es el complemento perfecto para garantizar una comunicaci\u00f3n confiable y la m\u00e1xima seguridad en su sistema de alarma PowerG.<\/p>","protected":false},"excerpt":{"rendered":"<p>El repetidor DSC PG8920 es una potente estaci\u00f3n de enlace para sistemas PowerG, dise\u00f1ada para ampliar el alcance inal\u00e1mbrico entre el sistema de alarma y otros dispositivos.<\/p>\n<p>Con soporte para ajuste autom\u00e1tico de la intensidad de la transmisi\u00f3n y una bater\u00eda de respaldo de 48 horas, garantiza una comunicaci\u00f3n estable y confiable incluso en los entornos m\u00e1s desafiantes.<\/p>","protected":false},"featured_media":141202,"template":"","meta":{"_acf_changed":false},"product_brand":[],"product_cat":[3338,1322],"product_tag":[3311],"class_list":{"0":"post-72422","1":"product","2":"type-product","3":"status-publish","4":"has-post-thumbnail","6":"product_cat-repeater","7":"product_cat-dsc-larm-neo-power-hybridlarm","8":"product_tag-dsc-neo-svensk-manual","9":"product_shipping_class-postnord-varubrev","10":"pa_brands-4dsc","11":"tm-has-options","13":"first","14":"instock","15":"sale","16":"featured","17":"taxable","18":"shipping-taxable","19":"purchasable","20":"product-type-simple"},"acf":[],"_links":{"self":[{"href":"https:\/\/secureus.se\/es\/wp-json\/wp\/v2\/product\/72422","targetHints":{"allow":["GET"]}}],"collection":[{"href":"https:\/\/secureus.se\/es\/wp-json\/wp\/v2\/product"}],"about":[{"href":"https:\/\/secureus.se\/es\/wp-json\/wp\/v2\/types\/product"}],"wp:featuredmedia":[{"embeddable":true,"href":"https:\/\/secureus.se\/es\/wp-json\/wp\/v2\/media\/141202"}],"wp:attachment":[{"href":"https:\/\/secureus.se\/es\/wp-json\/wp\/v2\/media?parent=72422"}],"wp:term":[{"taxonomy":"product_brand","embeddable":true,"href":"https:\/\/secureus.se\/es\/wp-json\/wp\/v2\/product_brand?post=72422"},{"taxonomy":"product_cat","embeddable":true,"href":"https:\/\/secureus.se\/es\/wp-json\/wp\/v2\/product_cat?post=72422"},{"taxonomy":"product_tag","embeddable":true,"href":"https:\/\/secureus.se\/es\/wp-json\/wp\/v2\/product_tag?post=72422"}],"curies":[{"name":"wp","href":"https:\/\/api.w.org\/{rel}","templated":true}]}}