{"id":72425,"date":"2023-01-23T09:55:44","date_gmt":"2023-01-23T08:55:44","guid":{"rendered":"https:\/\/secureus.se\/produkt\/dsc-neo-power-g-transceiver-hsm2host-2\/"},"modified":"2025-12-31T20:36:52","modified_gmt":"2025-12-31T19:36:52","slug":"dsc-hsm2host-transceiver-module","status":"publish","type":"product","link":"https:\/\/secureus.se\/es\/dsc-hsm2host-transceiver-module\/","title":{"rendered":"M\u00f3dulo transceptor DSC HSM2HOST"},"content":{"rendered":"<p><strong>DSC HSM2HOST<\/strong> es un potente transceptor de radio dise\u00f1ado para optimizar las instalaciones inal\u00e1mbricas de los sistemas de alarma PowerSeries NEO y PEO.<\/p>\n<p>Ofreciendo un alcance impresionante de hasta 2 km, HSM2HOST es una excelente opci\u00f3n tanto para hogares como para empresas que requieren seguridad confiable y flexibilidad.<\/p>\n<p>Este m\u00f3dulo proporciona encriptaci\u00f3n AES de 128 bits, que protege la comunicaci\u00f3n entre dispositivos y garantiza que todas las transferencias de datos sean seguras.<\/p>\n<p>Con HSM2HOST, a cada detector inal\u00e1mbrico se le puede asignar un n\u00famero de zona, lo que permite una gesti\u00f3n eficiente y sencilla de hasta 128 zonas.<\/p>\n<p>El dispositivo se puede conectar al sistema sin restricciones y puede trabajar con estaciones de enlace para aumentar el alcance si es necesario.<\/p>\n<p>Tenga en cuenta que solo se puede conectar un transceptor de radio por sistema y que no se puede combinar con teclados con un transceptor de radio incorporado.<\/p>\n<p>HSM2HOST es un componente indispensable para quienes quieran maximizar la seguridad de sus instalaciones y aprovechar las ventajas de la tecnolog\u00eda PowerG.<\/p>\n<p>Con un consumo de corriente de solo 60 mA, tambi\u00e9n es energ\u00e9ticamente eficiente, lo que lo hace ideal para un uso continuo.<\/p>","protected":false},"excerpt":{"rendered":"<p>El DSC HSM2HOST es un transceptor de radio avanzado que permite la comunicaci\u00f3n inal\u00e1mbrica bidireccional para los sistemas de alarma PowerSeries NEO.<\/p>\n<p>Con un alcance de hasta 2 km y encriptaci\u00f3n AES de 128 bits, garantiza una transmisi\u00f3n de datos confiable y segura.<\/p>\n<p>Es ideal para expandir eficazmente la red inal\u00e1mbrica y crear una soluci\u00f3n de seguridad robusta.<\/p>","protected":false},"featured_media":140791,"template":"","meta":{"_acf_changed":false},"product_brand":[],"product_cat":[3338,1322],"product_tag":[3311],"class_list":{"0":"post-72425","1":"product","2":"type-product","3":"status-publish","4":"has-post-thumbnail","6":"product_cat-repeater","7":"product_cat-dsc-larm-neo-power-hybridlarm","8":"product_tag-dsc-neo-svensk-manual","9":"product_shipping_class-postnord-varubrev","10":"pa_brands-4dsc","11":"tm-has-options","13":"first","14":"instock","15":"sale","16":"featured","17":"taxable","18":"shipping-taxable","19":"purchasable","20":"product-type-simple"},"acf":[],"_links":{"self":[{"href":"https:\/\/secureus.se\/es\/wp-json\/wp\/v2\/product\/72425","targetHints":{"allow":["GET"]}}],"collection":[{"href":"https:\/\/secureus.se\/es\/wp-json\/wp\/v2\/product"}],"about":[{"href":"https:\/\/secureus.se\/es\/wp-json\/wp\/v2\/types\/product"}],"wp:featuredmedia":[{"embeddable":true,"href":"https:\/\/secureus.se\/es\/wp-json\/wp\/v2\/media\/140791"}],"wp:attachment":[{"href":"https:\/\/secureus.se\/es\/wp-json\/wp\/v2\/media?parent=72425"}],"wp:term":[{"taxonomy":"product_brand","embeddable":true,"href":"https:\/\/secureus.se\/es\/wp-json\/wp\/v2\/product_brand?post=72425"},{"taxonomy":"product_cat","embeddable":true,"href":"https:\/\/secureus.se\/es\/wp-json\/wp\/v2\/product_cat?post=72425"},{"taxonomy":"product_tag","embeddable":true,"href":"https:\/\/secureus.se\/es\/wp-json\/wp\/v2\/product_tag?post=72425"}],"curies":[{"name":"wp","href":"https:\/\/api.w.org\/{rel}","templated":true}]}}