{"id":72428,"date":"2023-01-23T09:55:43","date_gmt":"2023-01-23T08:55:43","guid":{"rendered":"https:\/\/secureus.se\/produkt\/neo-communicator-ip-4g-cell-eth-tl280le\/"},"modified":"2026-04-07T09:16:48","modified_gmt":"2026-04-07T07:16:48","slug":"dsc-dual-path-tl280le","status":"publish","type":"product","link":"https:\/\/secureus.se\/es\/dsc-dual-path-tl280le\/","title":{"rendered":"DSC de doble ruta TL280LE (Ethernet 4G IP)"},"content":{"rendered":"<p><strong>DSC de doble ruta TL280LE<\/strong> es un transceptor de radio avanzado dise\u00f1ado para mejorar las capacidades de seguridad y comunicaci\u00f3n de los sistemas de alarma PowerSeries NEO.<\/p>\n<p>El TL280LE admite conexiones IP y 4G y ofrece una ruta de comunicaci\u00f3n duplicada, lo que garantiza que los mensajes de alarma se transmitan de forma r\u00e1pida y confiable.<\/p>\n<p>Est\u00e1 dise\u00f1ado para utilizar redes 2G, 3G y 4G para m\u00e1xima confiabilidad y flexibilidad.<\/p>\n<p>La unidad es f\u00e1cil de instalar y se coloca en el gabinete principal del panel de control utilizando la placa de montaje incluida.<\/p>\n<p>El TL280LE admite la programaci\u00f3n remota DLS y puede manejar formatos de alarma como SIA y Contact ID.<\/p>\n<p>Tambi\u00e9n est\u00e1 equipado con un indicador de estado LED para la intensidad de la se\u00f1al y el manejo de errores.<\/p>\n<p>Con un consumo de corriente de 120 mA m\u00ednimo y 400 mA m\u00e1ximo, el TL280LE se puede integrar f\u00e1cilmente en diversas soluciones de seguridad.<\/p>\n<p>Proporciona comunicaci\u00f3n cifrada AES de 128 bits para proteger los datos en tr\u00e1nsito, mejorando a\u00fan m\u00e1s la seguridad.<\/p>\n<p>El TL280LE es compatible con los receptores de alarma Sur-Gard System I-IP \/ II \/ III \/ IV \/ 5 y ofrece una soluci\u00f3n perfecta tanto para hogares como para empresas.<\/p>\n<p>&nbsp;<\/p>","protected":false},"excerpt":{"rendered":"<p>El DSC Dual Path TL280LE es un transceptor de radio que proporciona conectividad IP y 4G para sistemas de alarma PowerSeries NEO.<\/p>\n<p>Ofrece una alta confiabilidad operativa con soporte para redes 2G, 3G y 4G y puede utilizarse como transmisor de alarma primario o secundario.<\/p>\n<p>El TL280LE es f\u00e1cil de instalar y programar, lo que lo convierte en una soluci\u00f3n \u00f3ptima para una transmisi\u00f3n de alarma confiable.<\/p>","protected":false},"featured_media":140655,"template":"","meta":{"_acf_changed":false},"product_brand":[],"product_cat":[3320,1322],"product_tag":[3311,3024],"class_list":{"0":"post-72428","1":"product","2":"type-product","3":"status-publish","4":"has-post-thumbnail","6":"product_cat-larmsandare-dsc-larm-neo-power-hybridlarm","7":"product_cat-dsc-larm-neo-power-hybridlarm","8":"product_tag-dsc-neo-svensk-manual","9":"product_tag-neo-gsm-ip-4g-larmsandare","10":"product_shipping_class-postnord-varubrev","11":"pa_brands-4dsc","12":"tm-has-options","14":"first","15":"instock","16":"sale","17":"featured","18":"taxable","19":"shipping-taxable","20":"purchasable","21":"product-type-simple"},"acf":[],"_links":{"self":[{"href":"https:\/\/secureus.se\/es\/wp-json\/wp\/v2\/product\/72428","targetHints":{"allow":["GET"]}}],"collection":[{"href":"https:\/\/secureus.se\/es\/wp-json\/wp\/v2\/product"}],"about":[{"href":"https:\/\/secureus.se\/es\/wp-json\/wp\/v2\/types\/product"}],"wp:featuredmedia":[{"embeddable":true,"href":"https:\/\/secureus.se\/es\/wp-json\/wp\/v2\/media\/140655"}],"wp:attachment":[{"href":"https:\/\/secureus.se\/es\/wp-json\/wp\/v2\/media?parent=72428"}],"wp:term":[{"taxonomy":"product_brand","embeddable":true,"href":"https:\/\/secureus.se\/es\/wp-json\/wp\/v2\/product_brand?post=72428"},{"taxonomy":"product_cat","embeddable":true,"href":"https:\/\/secureus.se\/es\/wp-json\/wp\/v2\/product_cat?post=72428"},{"taxonomy":"product_tag","embeddable":true,"href":"https:\/\/secureus.se\/es\/wp-json\/wp\/v2\/product_tag?post=72428"}],"curies":[{"name":"wp","href":"https:\/\/api.w.org\/{rel}","templated":true}]}}