{"id":72435,"date":"2023-01-23T09:55:42","date_gmt":"2023-01-23T08:55:42","guid":{"rendered":"https:\/\/secureus.se\/produkt\/powerg-wireless-pir-360-20m-pg8872\/"},"modified":"2025-12-31T20:36:30","modified_gmt":"2025-12-31T19:36:30","slug":"dsc-ceiling-pir-pg8872","status":"publish","type":"product","link":"https:\/\/secureus.se\/es\/dsc-ceiling-pir-pg8872\/","title":{"rendered":"Detector de movimiento infrarrojo pasivo (PIR) de techo DSC PG8872, inal\u00e1mbrico, de largo alcance (20 m), 360\u00b0, PowerG PG8872"},"content":{"rendered":"<p><strong>Detector de movimiento infrarrojo pasivo (PIR) de techo DSC PG8872<\/strong> es un detector de movimiento inal\u00e1mbrico de alto rendimiento dise\u00f1ado para proporcionar una cobertura de 360\u00b0, lo que lo hace perfecto para la seguridad en habitaciones grandes e instalaciones comerciales.<\/p>\n<p>Con un radio de detecci\u00f3n de hasta 20 metros, el PG8872 garantiza que cada rinc\u00f3n de la habitaci\u00f3n est\u00e9 monitoreado de manera efectiva.<\/p>\n<p>Su dise\u00f1o discreto permite integrarlo en cualquier entorno, convirti\u00e9ndolo en una excelente opci\u00f3n tanto para el negocio como para el hogar.<\/p>\n<p>Este detector no solo es f\u00e1cil de instalar, sino que tambi\u00e9n ofrece una vida \u00fatil estimada de la bater\u00eda de 5 a\u00f1os con uso normal, lo que minimiza la necesidad de cambios frecuentes de bater\u00eda.<\/p>\n<p>El PG8872 utiliza la \u00faltima tecnolog\u00eda PowerG, proporcionando largo alcance y confiabilidad en las comunicaciones.<\/p>\n<p>El sistema PowerSeries Neo permite monitorear hasta 128 zonas y configurar hasta 8 particiones, brindando una soluci\u00f3n de seguridad personalizada para cada situaci\u00f3n espec\u00edfica.<\/p>\n<p>El DSC Ceiling PIR PG8872 es la soluci\u00f3n perfecta para quienes buscan un detector de movimiento robusto y eficaz que combine innovaci\u00f3n con facilidad de uso.<\/p>","protected":false},"excerpt":{"rendered":"<p>El DSC Ceiling PIR PG8872 es un detector PIR inal\u00e1mbrico de 360\u00b0 que ofrece una cobertura de hasta 20 metros.<\/p>\n<p>Dise\u00f1ado espec\u00edficamente para los sistemas PowerSeries Neo y Pro, es robusto e ideal para entornos comerciales.<\/p>\n<p>El dise\u00f1o moderno y discreto facilita la instalaci\u00f3n y la vida \u00fatil estimada de la bater\u00eda de 5 a\u00f1os garantiza un uso a largo plazo.<\/p>\n<p>&nbsp;<\/p>","protected":false},"featured_media":141700,"template":"","meta":{"_acf_changed":false},"product_brand":[],"product_cat":[1322,3326],"product_tag":[3311,2472],"class_list":{"0":"post-72435","1":"product","2":"type-product","3":"status-publish","4":"has-post-thumbnail","6":"product_cat-dsc-larm-neo-power-hybridlarm","7":"product_cat-rorelsedetektor","8":"product_tag-dsc-neo-svensk-manual","9":"product_tag-sbsc-larmklassr","10":"product_shipping_class-postnord-varubrev","11":"pa_brands-4dsc","12":"tm-has-options","14":"first","15":"instock","16":"sale","17":"featured","18":"taxable","19":"shipping-taxable","20":"purchasable","21":"product-type-simple"},"acf":[],"_links":{"self":[{"href":"https:\/\/secureus.se\/es\/wp-json\/wp\/v2\/product\/72435","targetHints":{"allow":["GET"]}}],"collection":[{"href":"https:\/\/secureus.se\/es\/wp-json\/wp\/v2\/product"}],"about":[{"href":"https:\/\/secureus.se\/es\/wp-json\/wp\/v2\/types\/product"}],"wp:featuredmedia":[{"embeddable":true,"href":"https:\/\/secureus.se\/es\/wp-json\/wp\/v2\/media\/141700"}],"wp:attachment":[{"href":"https:\/\/secureus.se\/es\/wp-json\/wp\/v2\/media?parent=72435"}],"wp:term":[{"taxonomy":"product_brand","embeddable":true,"href":"https:\/\/secureus.se\/es\/wp-json\/wp\/v2\/product_brand?post=72435"},{"taxonomy":"product_cat","embeddable":true,"href":"https:\/\/secureus.se\/es\/wp-json\/wp\/v2\/product_cat?post=72435"},{"taxonomy":"product_tag","embeddable":true,"href":"https:\/\/secureus.se\/es\/wp-json\/wp\/v2\/product_tag?post=72435"}],"curies":[{"name":"wp","href":"https:\/\/api.w.org\/{rel}","templated":true}]}}