{"id":72437,"date":"2023-01-23T09:55:42","date_gmt":"2023-01-23T08:55:42","guid":{"rendered":"https:\/\/secureus.se\/produkt\/neo-communicator-4g-cellular-le2080\/"},"modified":"2026-03-19T11:38:20","modified_gmt":"2026-03-19T10:38:20","slug":"dsc-le2080-4g-alarm-communicator","status":"publish","type":"product","link":"https:\/\/secureus.se\/es\/dsc-le2080-4g-alarm-communicator\/","title":{"rendered":"Transmisor de alarma DSC LE2080 4G LTE\/HSPA\/Internet celular\/Comunicador de alarma de doble ruta para PowerSeries NEO"},"content":{"rendered":"<p><b>DSC LE2080 4G <\/b>\u00a0es un transmisor de alarma avanzado dise\u00f1ado para proporcionar una comunicaci\u00f3n confiable y r\u00e1pida entre su sistema de alarma DSC NEO y un centro de alarma.<\/p>\n<p>Gracias a la compatibilidad con la red 4G, puede garantizar que sus mensajes de alarma le lleguen de forma segura incluso despu\u00e9s de que se desactive la red 3G.<\/p>\n<p>Se puede utilizar como transmisor de alarma primario o secundario y proporciona una alta confiabilidad operativa gracias a la capacidad de cambiar entre 2G, 3G y 4G.<\/p>\n<p>El LE2080 es compatible con la programaci\u00f3n remota a trav\u00e9s de DLS, lo que facilita la administraci\u00f3n de la configuraci\u00f3n y las actualizaciones del sistema.<\/p>\n<p>Soporta los formatos de alarma SIA y Contact ID y tambi\u00e9n tiene funciones SMS y la capacidad de transferir im\u00e1genes desde los detectores de c\u00e1mara Neo.<\/p>\n<p>La instalaci\u00f3n es sencilla y se realiza con una placa de montaje y un cable de conexi\u00f3n incluidos, as\u00ed como una antena para una intensidad de se\u00f1al \u00f3ptima.<\/p>\n<p>Adem\u00e1s, el LE2080 est\u00e1 aprobado en clase de alarma 2 por SBSC, lo que garantiza que cumple estrictos est\u00e1ndares de seguridad.<\/p>\n<p>Con un consumo de corriente de entre 100 mA y 400 mA y un rango de temperatura de -10 a +55 \u00b0C, este transmisor de alarma es una soluci\u00f3n robusta tanto para hogares como para empresas.<\/p>","protected":false},"excerpt":{"rendered":"<p>El DSC LE2080 4G es un transmisor de alarma integrado para sistemas PowerSeries NEO, que permite la comunicaci\u00f3n a trav\u00e9s de 4G.<\/p>\n<p>Con alta confiabilidad operativa gracias al soporte de redes 2G, 3G y especialmente 4G, puede funcionar como transmisor de alarma primario o secundario.<\/p>\n<p>El LE2080 admite programaci\u00f3n remota y maneja varios formatos de alarma, incluidas funciones de SMS y transmisi\u00f3n de im\u00e1genes desde detectores de c\u00e1mara.<\/p>","protected":false},"featured_media":140828,"template":"","meta":{"_acf_changed":false},"product_brand":[],"product_cat":[3320,1322],"product_tag":[3311,3024],"class_list":{"0":"post-72437","1":"product","2":"type-product","3":"status-publish","4":"has-post-thumbnail","6":"product_cat-larmsandare-dsc-larm-neo-power-hybridlarm","7":"product_cat-dsc-larm-neo-power-hybridlarm","8":"product_tag-dsc-neo-svensk-manual","9":"product_tag-neo-gsm-ip-4g-larmsandare","10":"product_shipping_class-tunga-paket","11":"pa_brands-4dsc","12":"tm-has-options","14":"first","15":"instock","16":"sale","17":"featured","18":"taxable","19":"shipping-taxable","20":"purchasable","21":"product-type-simple"},"acf":[],"_links":{"self":[{"href":"https:\/\/secureus.se\/es\/wp-json\/wp\/v2\/product\/72437","targetHints":{"allow":["GET"]}}],"collection":[{"href":"https:\/\/secureus.se\/es\/wp-json\/wp\/v2\/product"}],"about":[{"href":"https:\/\/secureus.se\/es\/wp-json\/wp\/v2\/types\/product"}],"wp:featuredmedia":[{"embeddable":true,"href":"https:\/\/secureus.se\/es\/wp-json\/wp\/v2\/media\/140828"}],"wp:attachment":[{"href":"https:\/\/secureus.se\/es\/wp-json\/wp\/v2\/media?parent=72437"}],"wp:term":[{"taxonomy":"product_brand","embeddable":true,"href":"https:\/\/secureus.se\/es\/wp-json\/wp\/v2\/product_brand?post=72437"},{"taxonomy":"product_cat","embeddable":true,"href":"https:\/\/secureus.se\/es\/wp-json\/wp\/v2\/product_cat?post=72437"},{"taxonomy":"product_tag","embeddable":true,"href":"https:\/\/secureus.se\/es\/wp-json\/wp\/v2\/product_tag?post=72437"}],"curies":[{"name":"wp","href":"https:\/\/api.w.org\/{rel}","templated":true}]}}