{"id":72443,"date":"2023-01-23T09:55:42","date_gmt":"2023-01-23T08:55:42","guid":{"rendered":"https:\/\/secureus.se\/produkt\/dsc-neo-power-g-wireless-rok-varme-detektor-pg8936-2\/"},"modified":"2026-04-01T13:53:27","modified_gmt":"2026-04-01T11:53:27","slug":"dsc-smoke-and-heat-detector-pg8936","status":"publish","type":"product","link":"https:\/\/secureus.se\/es\/dsc-smoke-and-heat-detector-pg8936\/","title":{"rendered":"Detector de humo y calor inal\u00e1mbrico DSC PowerG PG8936"},"content":{"rendered":"<p><strong>Detector de humo y calor DSC PG8936<\/strong> Es un dispositivo inal\u00e1mbrico de alta tecnolog\u00eda que ofrece protecci\u00f3n eficaz contra incendios para hogares y empresas.<\/p>\n<p>Con su combinaci\u00f3n de detecci\u00f3n de humo fotoel\u00e9ctrica y un sensor de calor, el PG8936 proporciona alta seguridad y confiabilidad para la detecci\u00f3n temprana de incendios.<\/p>\n<p>Est\u00e1 dise\u00f1ado para comunicarse con el sistema de alarma PowerSeries NEO y utiliza tecnolog\u00eda avanzada PowerG para garantizar un alcance de hasta 2 km en aire libre.<\/p>\n<p>El detector est\u00e1 equipado con una potente sirena incorporada que emite un sonido de 85 dB para avisar cuando se detecta humo o temperaturas superiores a 57 \u00b0C.<\/p>\n<p>Con una duraci\u00f3n de bater\u00eda de hasta 5 a\u00f1os (con uso normal), el PG8936 es pr\u00e1ctico y rentable, y utiliza tres bater\u00edas AAA que son f\u00e1cilmente reemplazables.<\/p>\n<p>El dise\u00f1o discreto del PG8936 facilita su instalaci\u00f3n en una variedad de entornos, y los indicadores LED proporcionan informaci\u00f3n clara sobre el estado durante la instalaci\u00f3n y el funcionamiento.<\/p>\n<p>Con su capacidad para reducir el riesgo de falsas alarmas y garantizar una detecci\u00f3n eficaz de incendios, el detector de humo y calor DSC PG8936 es un componente invaluable en cualquier sistema de seguridad.<\/p>","protected":false},"excerpt":{"rendered":"<p>El detector de humo y calor DSC PG8936 es un detector de humo y calor inal\u00e1mbrico dise\u00f1ado para el sistema de alarma PowerSeries NEO.<\/p>\n<p>Con capacidad de detecci\u00f3n tanto de humo como de calor, ofrece alerta temprana de incendio y reduce el riesgo de falsas alarmas.<\/p>\n<p>Tiene una sirena incorporada que se activa cuando el humo o las temperaturas superan los 57\u00b0C y tiene una duraci\u00f3n de bater\u00eda de hasta 5 a\u00f1os.<\/p>\n<p>&nbsp;<\/p>","protected":false},"featured_media":140989,"template":"","meta":{"_acf_changed":false},"product_brand":[],"product_cat":[3319,1322],"product_tag":[3311,2422],"class_list":{"0":"post-72443","1":"product","2":"type-product","3":"status-publish","4":"has-post-thumbnail","6":"product_cat-brandvarnare-dsc-larm-neo-power-hybridlarm","7":"product_cat-dsc-larm-neo-power-hybridlarm","8":"product_tag-dsc-neo-svensk-manual","9":"product_tag-rel-brand","10":"product_shipping_class-postnord-varubrev","11":"pa_brands-4dsc","12":"tm-has-options","14":"first","15":"instock","16":"sale","17":"featured","18":"taxable","19":"shipping-taxable","20":"purchasable","21":"product-type-simple"},"acf":[],"_links":{"self":[{"href":"https:\/\/secureus.se\/es\/wp-json\/wp\/v2\/product\/72443","targetHints":{"allow":["GET"]}}],"collection":[{"href":"https:\/\/secureus.se\/es\/wp-json\/wp\/v2\/product"}],"about":[{"href":"https:\/\/secureus.se\/es\/wp-json\/wp\/v2\/types\/product"}],"wp:featuredmedia":[{"embeddable":true,"href":"https:\/\/secureus.se\/es\/wp-json\/wp\/v2\/media\/140989"}],"wp:attachment":[{"href":"https:\/\/secureus.se\/es\/wp-json\/wp\/v2\/media?parent=72443"}],"wp:term":[{"taxonomy":"product_brand","embeddable":true,"href":"https:\/\/secureus.se\/es\/wp-json\/wp\/v2\/product_brand?post=72443"},{"taxonomy":"product_cat","embeddable":true,"href":"https:\/\/secureus.se\/es\/wp-json\/wp\/v2\/product_cat?post=72443"},{"taxonomy":"product_tag","embeddable":true,"href":"https:\/\/secureus.se\/es\/wp-json\/wp\/v2\/product_tag?post=72443"}],"curies":[{"name":"wp","href":"https:\/\/api.w.org\/{rel}","templated":true}]}}