{"id":72444,"date":"2023-01-23T09:55:41","date_gmt":"2023-01-23T08:55:41","guid":{"rendered":"https:\/\/secureus.se\/produkt\/dsc-neo-power-g-wireless-utomhus-magnetkontakt-pg8312-2\/"},"modified":"2026-02-26T10:34:28","modified_gmt":"2026-02-26T09:34:28","slug":"dsc-magnetkontakt-pg8312","status":"publish","type":"product","link":"https:\/\/secureus.se\/es\/dsc-magnetkontakt-pg8312\/","title":{"rendered":"Contacto magn\u00e9tico DSC PG8312 Contacto magn\u00e9tico inal\u00e1mbrico para exteriores PowerG"},"content":{"rendered":"<p><b>Contacto magn\u00e9tico DSC PG8312\u00a0<\/b>Es la soluci\u00f3n perfecta para la seguridad exterior, dise\u00f1ada para proteger ventanas, puertas y portones contra accesos no autorizados.<\/p>\n<p>Equipado con la \u00faltima tecnolog\u00eda PowerG, el PG8312 ofrece comunicaci\u00f3n bidireccional y un rendimiento confiable que garantiza que su sistema de seguridad est\u00e9 siempre activo.<\/p>\n<p>Con una distancia de detecci\u00f3n de hasta 8 metros y certificaci\u00f3n IP66, puede soportar condiciones clim\u00e1ticas severas y est\u00e1 construido para durar en entornos dif\u00edciles.<\/p>\n<p>Una de las caracter\u00edsticas m\u00e1s notables del PG8312 es su amplia tolerancia de espacio, lo que reduce el riesgo de falsas alarmas y hace que la instalaci\u00f3n sea mucho m\u00e1s f\u00e1cil.<\/p>\n<p>Adem\u00e1s, el contacto magn\u00e9tico tiene una vida \u00fatil estimada de la bater\u00eda de hasta 5 a\u00f1os con un uso normal, lo que lo convierte en una soluci\u00f3n rentable para la seguridad a largo plazo.<\/p>\n<p>El contacto magn\u00e9tico DSC PG8312 es parte del sistema PowerSeries Neo, lo que significa que se puede integrar perfectamente con otros componentes de seguridad para crear una soluci\u00f3n de seguridad integral y personalizada.<\/p>\n<p>Con este producto usted obtiene una combinaci\u00f3n de tecnolog\u00eda innovadora y facilidad de uso, brind\u00e1ndole seguridad y tranquilidad.<\/p>","protected":false},"excerpt":{"rendered":"<p>El contacto magn\u00e9tico DSC PG8312 es un contacto magn\u00e9tico inal\u00e1mbrico para exteriores que brinda protecci\u00f3n confiable para ventanas, puertas y portones.<\/p>\n<p>Con su certificaci\u00f3n IP66, funciona eficazmente en condiciones clim\u00e1ticas extremas y tiene una duraci\u00f3n de bater\u00eda de hasta 5 a\u00f1os.<\/p>\n<p>Su amplia tolerancia a espacios minimiza las falsas alarmas y facilita la instalaci\u00f3n, lo que la convierte en una soluci\u00f3n ideal para sistemas de seguridad residenciales y comerciales.<\/p>","protected":false},"featured_media":140836,"template":"","meta":{"_acf_changed":false},"product_brand":[],"product_cat":[1322,3337],"product_tag":[3311,2472],"class_list":{"0":"post-72444","1":"product","2":"type-product","3":"status-publish","4":"has-post-thumbnail","6":"product_cat-dsc-larm-neo-power-hybridlarm","7":"product_cat-magnetkontakt-pg","8":"product_tag-dsc-neo-svensk-manual","9":"product_tag-sbsc-larmklassr","10":"product_shipping_class-postnord-varubrev","11":"pa_brands-4dsc","12":"tm-has-options","14":"first","15":"instock","16":"sale","17":"featured","18":"taxable","19":"shipping-taxable","20":"purchasable","21":"product-type-simple"},"acf":[],"_links":{"self":[{"href":"https:\/\/secureus.se\/es\/wp-json\/wp\/v2\/product\/72444","targetHints":{"allow":["GET"]}}],"collection":[{"href":"https:\/\/secureus.se\/es\/wp-json\/wp\/v2\/product"}],"about":[{"href":"https:\/\/secureus.se\/es\/wp-json\/wp\/v2\/types\/product"}],"wp:featuredmedia":[{"embeddable":true,"href":"https:\/\/secureus.se\/es\/wp-json\/wp\/v2\/media\/140836"}],"wp:attachment":[{"href":"https:\/\/secureus.se\/es\/wp-json\/wp\/v2\/media?parent=72444"}],"wp:term":[{"taxonomy":"product_brand","embeddable":true,"href":"https:\/\/secureus.se\/es\/wp-json\/wp\/v2\/product_brand?post=72444"},{"taxonomy":"product_cat","embeddable":true,"href":"https:\/\/secureus.se\/es\/wp-json\/wp\/v2\/product_cat?post=72444"},{"taxonomy":"product_tag","embeddable":true,"href":"https:\/\/secureus.se\/es\/wp-json\/wp\/v2\/product_tag?post=72444"}],"curies":[{"name":"wp","href":"https:\/\/api.w.org\/{rel}","templated":true}]}}