{"id":72451,"date":"2023-01-23T09:55:40","date_gmt":"2023-01-23T08:55:40","guid":{"rendered":"https:\/\/secureus.se\/produkt\/neo-keypad-lcd-w-transceiver-hs2lcdrf-svensk-text\/"},"modified":"2026-01-06T20:52:12","modified_gmt":"2026-01-06T19:52:12","slug":"dsc-keypad-hs2lcdrf","status":"publish","type":"product","link":"https:\/\/secureus.se\/es\/dsc-keypad-hs2lcdrf\/","title":{"rendered":"Teclado DSC HS2LCDRF \u2013 Radio inal\u00e1mbrica\/transceptora (texto en sueco)"},"content":{"rendered":"<p><strong>Teclado DSC HS2LCDRF<\/strong> es un teclado inal\u00e1mbrico avanzado dise\u00f1ado para funcionar con sistemas de alarma DSC Neo.<\/p>\n<p>Tiene una pantalla LCD clara con soporte para sueco y varios otros idiomas, lo que hace que sea f\u00e1cil de usar para todos los usuarios.<\/p>\n<p>El receptor de radio incorporado permite una f\u00e1cil integraci\u00f3n con sensores inal\u00e1mbricos y otros productos Neo, proporcionando una soluci\u00f3n de seguridad flexible y personalizable.<\/p>\n<p>El teclado est\u00e1 equipado con textos libremente programables para secciones y \u00e1reas de alarma, lo que facilita la personalizaci\u00f3n de mensajes para diferentes zonas de seguridad.<\/p>\n<p>Tiene cinco botones de funci\u00f3n para comandos r\u00e1pidos, tres botones de emergencia y un terminal de tornillo que se puede utilizar como entrada de zona cableada o salida PGM.<\/p>\n<p>Con un consumo de energ\u00eda de solo 55-105 mA, el HS2LCDRF es energ\u00e9ticamente eficiente y confiable.<\/p>\n<p>El sistema PowerSeries Neo es excepcional para instalaciones grandes, ya que puede monitorear hasta 128 zonas y permite soluciones de seguridad personalizadas con ocho particiones.<\/p>\n<p>El teclado DSC HS2LCDRF combina la estabilidad que ofrecen los sistemas cableados con la flexibilidad que brindan los dispositivos inal\u00e1mbricos, lo que lo convierte en una soluci\u00f3n ideal tanto para hogares como para empresas.<\/p>","protected":false},"excerpt":{"rendered":"<p>El teclado DSC HS2LCDRF es un teclado inal\u00e1mbrico con pantalla LCD que admite varios idiomas, incluido el sueco.<\/p>\n<p>Est\u00e1 dise\u00f1ado para sistemas de alarma Neo y tiene una radio incorporada para permitir la conexi\u00f3n de sensores inal\u00e1mbricos.<\/p>\n<p>Con textos programables, 5 botones de funci\u00f3n y 3 botones de emergencia, ofrece tanto funcionalidad como facilidad de uso, lo que lo convierte en una excelente opci\u00f3n tanto para hogares como para empresas.<\/p>","protected":false},"featured_media":141733,"template":"","meta":{"_acf_changed":false},"product_brand":[],"product_cat":[3329,1322],"product_tag":[3311,3028,3029],"class_list":{"0":"post-72451","1":"product","2":"type-product","3":"status-publish","4":"has-post-thumbnail","6":"product_cat-knappsats-kod","7":"product_cat-dsc-larm-neo-power-hybridlarm","8":"product_tag-dsc-neo-svensk-manual","9":"product_tag-neo-knappsats-manoverpaneler","10":"product_tag-neo-dsc-knappsats-manoverpaneler","11":"product_shipping_class-tunga-paket","12":"pa_brands-4dsc","13":"tm-has-options","15":"first","16":"outofstock","17":"sale","18":"taxable","19":"shipping-taxable","20":"purchasable","21":"product-type-simple"},"acf":[],"_links":{"self":[{"href":"https:\/\/secureus.se\/es\/wp-json\/wp\/v2\/product\/72451","targetHints":{"allow":["GET"]}}],"collection":[{"href":"https:\/\/secureus.se\/es\/wp-json\/wp\/v2\/product"}],"about":[{"href":"https:\/\/secureus.se\/es\/wp-json\/wp\/v2\/types\/product"}],"wp:featuredmedia":[{"embeddable":true,"href":"https:\/\/secureus.se\/es\/wp-json\/wp\/v2\/media\/141733"}],"wp:attachment":[{"href":"https:\/\/secureus.se\/es\/wp-json\/wp\/v2\/media?parent=72451"}],"wp:term":[{"taxonomy":"product_brand","embeddable":true,"href":"https:\/\/secureus.se\/es\/wp-json\/wp\/v2\/product_brand?post=72451"},{"taxonomy":"product_cat","embeddable":true,"href":"https:\/\/secureus.se\/es\/wp-json\/wp\/v2\/product_cat?post=72451"},{"taxonomy":"product_tag","embeddable":true,"href":"https:\/\/secureus.se\/es\/wp-json\/wp\/v2\/product_tag?post=72451"}],"curies":[{"name":"wp","href":"https:\/\/api.w.org\/{rel}","templated":true}]}}