{"id":72808,"date":"2023-02-27T12:24:03","date_gmt":"2023-02-27T11:24:03","guid":{"rendered":"https:\/\/secureus.se\/produkt\/centralkort-hs2016-neo\/"},"modified":"2026-04-01T14:01:55","modified_gmt":"2026-04-01T12:01:55","slug":"dsc-security-control-panel-hs2016","status":"publish","type":"product","link":"https:\/\/secureus.se\/es\/dsc-security-control-panel-hs2016\/","title":{"rendered":"Panel de control de seguridad DSC HS2016"},"content":{"rendered":"<p><strong>Panel de control de seguridad DSC HS2016<\/strong> Es una tarjeta central dise\u00f1ada para ofrecer alta seguridad y flexibilidad. Puede gestionar hasta 16 secciones y dispone de 8 zonas integradas, lo que permite una monitorizaci\u00f3n eficiente de instalaciones tanto peque\u00f1as como medianas.<\/p>\n<p>Con posibilidad de ampliaci\u00f3n hasta 128 zonas inal\u00e1mbricas y hardware, as\u00ed como 4 salidas programables, el sistema puede adaptarse a necesidades espec\u00edficas.<\/p>\n<p>La plataforma PowerSeries Neo proporciona seguridad superior al combinar conectividad por cable con tecnolog\u00eda inal\u00e1mbrica avanzada. Es un sistema h\u00edbrido que integra una variedad de dispositivos y accesorios inal\u00e1mbricos, proporcionando a los usuarios un sistema de seguridad integral y personalizable.<\/p>\n<p>El HS2016 tambi\u00e9n est\u00e1 equipado con innovadoras funciones de verificaci\u00f3n de alarmas y servicios remotos, lo que permite monitorear y controlar el sistema de forma remota a trav\u00e9s de aplicaciones m\u00f3viles o computadoras.<\/p>\n<p>Con una interfaz de programaci\u00f3n intuitiva y un sistema robusto para gestionar c\u00f3digos de usuario y mensajes de alarma, el HS2016 garantiza que todas las necesidades de seguridad se satisfagan de forma eficiente y confiable. Es una excelente opci\u00f3n tanto para hogares como para empresas que buscan una soluci\u00f3n de seguridad escalable.<\/p>\n<h3>Especificaciones t\u00e9cnicas:<\/h3>\n<ul>\n<li><strong>Nombre del producto:<\/strong> Placa de circuito impreso HS2016<\/li>\n<li><strong>Fabricante:<\/strong> DSC<\/li>\n<li><strong>N\u00famero m\u00e1ximo de zonas cableadas e inal\u00e1mbricas:<\/strong> 16<\/li>\n<li><strong>N\u00famero de entradas de secci\u00f3n:<\/strong> 6<\/li>\n<li><strong>\u00c1reas:<\/strong> 2<\/li>\n<li><strong>C\u00f3digos de usuario:<\/strong> 48<\/li>\n<li><strong>Salidas PGM:<\/strong> 2 (ampliable a un m\u00e1ximo de 22)<\/li>\n<li><strong>N\u00famero m\u00e1ximo de controles remotos inal\u00e1mbricos:<\/strong> 16<\/li>\n<li><strong>Memoria de eventos:<\/strong> 500<\/li>\n<li><strong>Peso:<\/strong> 250 gramos<\/li>\n<li><strong>Dimensiones:<\/strong> 92 \u00d7 45 \u00d7 15 mm<\/li>\n<\/ul>\n<p>&nbsp;<\/p>","protected":false},"excerpt":{"rendered":"<p>El panel de control de seguridad DSC HS2016 es una soluci\u00f3n de seguridad escalable que gestiona hasta 16 zonas.<\/p>\n<p>Con zonas integradas y opci\u00f3n de expansi\u00f3n inal\u00e1mbrica, es ideal tanto para hogares como para empresas.<\/p>\n<p>Con soporte para salidas programables y varias opciones de comunicaci\u00f3n, el HS2016 ofrece una plataforma vers\u00e1til para una monitorizaci\u00f3n de seguridad eficaz.<\/p>","protected":false},"featured_media":140505,"template":"","meta":{"_acf_changed":false},"product_brand":[],"product_cat":[3321,1322],"product_tag":[3311,3022,3026],"class_list":{"0":"post-72808","1":"product","2":"type-product","3":"status-publish","4":"has-post-thumbnail","6":"product_cat-centralkort","7":"product_cat-dsc-larm-neo-power-hybridlarm","8":"product_tag-dsc-neo-svensk-manual","9":"product_tag-neo-central-kapslingar","10":"product_tag-neo-centralkort-lager","11":"product_shipping_class-postnord-varubrev","12":"pa_brands-4dsc","13":"tm-has-options","15":"first","16":"instock","17":"sale","18":"featured","19":"taxable","20":"shipping-taxable","21":"purchasable","22":"product-type-simple"},"acf":[],"_links":{"self":[{"href":"https:\/\/secureus.se\/es\/wp-json\/wp\/v2\/product\/72808","targetHints":{"allow":["GET"]}}],"collection":[{"href":"https:\/\/secureus.se\/es\/wp-json\/wp\/v2\/product"}],"about":[{"href":"https:\/\/secureus.se\/es\/wp-json\/wp\/v2\/types\/product"}],"wp:featuredmedia":[{"embeddable":true,"href":"https:\/\/secureus.se\/es\/wp-json\/wp\/v2\/media\/140505"}],"wp:attachment":[{"href":"https:\/\/secureus.se\/es\/wp-json\/wp\/v2\/media?parent=72808"}],"wp:term":[{"taxonomy":"product_brand","embeddable":true,"href":"https:\/\/secureus.se\/es\/wp-json\/wp\/v2\/product_brand?post=72808"},{"taxonomy":"product_cat","embeddable":true,"href":"https:\/\/secureus.se\/es\/wp-json\/wp\/v2\/product_cat?post=72808"},{"taxonomy":"product_tag","embeddable":true,"href":"https:\/\/secureus.se\/es\/wp-json\/wp\/v2\/product_tag?post=72808"}],"curies":[{"name":"wp","href":"https:\/\/api.w.org\/{rel}","templated":true}]}}