{"id":72809,"date":"2023-02-27T12:34:05","date_gmt":"2023-02-27T11:34:05","guid":{"rendered":"https:\/\/secureus.se\/produkt\/centralkort-hs2032-neo\/"},"modified":"2025-12-31T20:45:52","modified_gmt":"2025-12-31T19:45:52","slug":"dsc-security-control-panel-hs2032","status":"publish","type":"product","link":"https:\/\/secureus.se\/es\/dsc-security-control-panel-hs2032\/","title":{"rendered":"Panel de control de seguridad DSC HS2032 - ( EOL nos referimos a la placa HS2064)"},"content":{"rendered":"<p><span style=\"text-decoration: underline\"><strong>\u00a1NOTA! Este producto es End Of line y nos referimos a la placa central m\u00e1s grande HS2064<\/strong><\/span><\/p>\n<p><strong>Panel de control de seguridad DSC HS2032<\/strong> es una soluci\u00f3n de seguridad avanzada que brinda a los usuarios la capacidad de administrar hasta 32 zonas, lo que la hace perfecta para instalaciones peque\u00f1as y medianas.<\/p>\n<p>Este tablero de control est\u00e1 dise\u00f1ado para controlar y distribuir f\u00e1cilmente alarmas, detectores y sirenas, garantizando que todas las necesidades de seguridad est\u00e9n cubiertas de manera efectiva.<\/p>\n<p>Una de las caracter\u00edsticas m\u00e1s notables del HS2032 es su escalabilidad. Con 8 zonas integradas, el sistema se puede ampliar f\u00e1cilmente con hasta 128 zonas inal\u00e1mbricas o de hardware, lo que proporciona una flexibilidad incomparable para satisfacer necesidades de seguridad espec\u00edficas.<\/p>\n<p>Adem\u00e1s, el sistema ofrece 4 salidas PGM ampliables a 38, lo que permite soluciones de monitorizaci\u00f3n personalizadas.<\/p>\n<p>La plataforma PowerSeries Neo, a la que pertenece el HS2032, utiliza la \u00faltima tecnolog\u00eda PowerG para garantizar una comunicaci\u00f3n confiable y segura.<\/p>\n<p>Con innovadoras soluciones de verificaci\u00f3n de alarmas y un software integral de servicio remoto, los usuarios pueden monitorear y controlar sus sistemas de seguridad desde cualquier lugar y en cualquier momento.<\/p>\n<p>En conclusi\u00f3n, el panel de control de seguridad DSC HS2032 es una combinaci\u00f3n perfecta de tecnolog\u00eda avanzada, escalabilidad y facilidad de uso, lo que lo convierte en una excelente opci\u00f3n para quienes buscan una soluci\u00f3n de seguridad eficaz.<\/p>\n<h3><\/h3>","protected":false},"excerpt":{"rendered":"<p><span style=\"text-decoration: underline\"><strong>\u00a1NOTA! Este producto es End Of line y nos referimos a la placa central m\u00e1s grande HS2064<\/strong><\/span><\/p>\n<p>El panel de control de seguridad DSC HS2032 es una soluci\u00f3n de seguridad potente y escalable que puede manejar hasta 32 zonas.<\/p>\n<p>Est\u00e1 dise\u00f1ado para controlar y distribuir alarmas y sensores de alarma, por lo que es ideal tanto para hogares como para empresas.<\/p>\n<p>Con la capacidad de expandirse y personalizarse, el HS2032 ofrece flexibilidad y seguridad superior.<\/p>","protected":false},"featured_media":140505,"template":"","meta":{"_acf_changed":false},"product_brand":[],"product_cat":[3321,1322],"product_tag":[3311,3022],"class_list":{"0":"post-72809","1":"product","2":"type-product","3":"status-publish","4":"has-post-thumbnail","6":"product_cat-centralkort","7":"product_cat-dsc-larm-neo-power-hybridlarm","8":"product_tag-dsc-neo-svensk-manual","9":"product_tag-neo-central-kapslingar","10":"product_shipping_class-postnord-varubrev","11":"pa_brands-4dsc","12":"tm-has-options","14":"first","15":"outofstock","16":"sale","17":"featured","18":"taxable","19":"shipping-taxable","20":"purchasable","21":"product-type-simple"},"acf":[],"_links":{"self":[{"href":"https:\/\/secureus.se\/es\/wp-json\/wp\/v2\/product\/72809","targetHints":{"allow":["GET"]}}],"collection":[{"href":"https:\/\/secureus.se\/es\/wp-json\/wp\/v2\/product"}],"about":[{"href":"https:\/\/secureus.se\/es\/wp-json\/wp\/v2\/types\/product"}],"wp:featuredmedia":[{"embeddable":true,"href":"https:\/\/secureus.se\/es\/wp-json\/wp\/v2\/media\/140505"}],"wp:attachment":[{"href":"https:\/\/secureus.se\/es\/wp-json\/wp\/v2\/media?parent=72809"}],"wp:term":[{"taxonomy":"product_brand","embeddable":true,"href":"https:\/\/secureus.se\/es\/wp-json\/wp\/v2\/product_brand?post=72809"},{"taxonomy":"product_cat","embeddable":true,"href":"https:\/\/secureus.se\/es\/wp-json\/wp\/v2\/product_cat?post=72809"},{"taxonomy":"product_tag","embeddable":true,"href":"https:\/\/secureus.se\/es\/wp-json\/wp\/v2\/product_tag?post=72809"}],"curies":[{"name":"wp","href":"https:\/\/api.w.org\/{rel}","templated":true}]}}