{"id":72811,"date":"2023-02-27T12:47:12","date_gmt":"2023-02-27T11:47:12","guid":{"rendered":"https:\/\/secureus.se\/produkt\/centralkort-hs2128-neo\/"},"modified":"2025-12-31T20:53:22","modified_gmt":"2025-12-31T19:53:22","slug":"dsc-security-control-panel-hs2128","status":"publish","type":"product","link":"https:\/\/secureus.se\/es\/dsc-security-control-panel-hs2128\/","title":{"rendered":"Panel de control de seguridad DSC HS2128"},"content":{"rendered":"<p><strong>Alarma escalable y eficaz:<\/strong> El panel de control de seguridad DSC HS2128 est\u00e1 dise\u00f1ado para manejar grandes requisitos de instalaci\u00f3n con hasta 128 zonas.<\/p>\n<p>Act\u00faa como placa central que controla alarmas, sensores de alarma y sirenas, garantizando que el sistema de seguridad funcione de manera \u00f3ptima.<\/p>\n<p>Este panel de control es ideal para actualizaciones o reemplazos y se suministra sin carcasa, que puede comprarse por separado.<\/p>\n<p><strong>Caracter\u00edsticas vers\u00e1tiles:<\/strong> Con 8 zonas integradas y la capacidad de expandirse hasta 128 zonas inal\u00e1mbricas y de hardware, el HS2128 ofrece flexibilidad para una vigilancia integral. Puede manejar:<\/p>\n<ul>\n<li>4 salidas PGM (ampliables a 148)<\/li>\n<li>8 particiones para soluciones de seguridad personalizadas<\/li>\n<li>Admite hasta 32 controles remotos inal\u00e1mbricos<\/li>\n<\/ul>\n<p><strong>Especificaci\u00f3n t\u00e9cnica:<\/strong><\/p>\n<ul>\n<li><strong>Peso:<\/strong> 250 gramos<\/li>\n<li><strong>N\u00famero m\u00e1ximo de teclados cableados e inal\u00e1mbricos:<\/strong> 16<\/li>\n<li><strong>N\u00famero m\u00e1ximo de c\u00f3digos de usuario:<\/strong> 1000<\/li>\n<li><strong>N\u00famero m\u00e1ximo de memorias de eventos:<\/strong> 1000<\/li>\n<li><strong>N\u00famero m\u00e1ximo de detectores de c\u00e1maras inal\u00e1mbricas:<\/strong> 10<\/li>\n<li><strong>N\u00famero m\u00e1ximo de sirenas inal\u00e1mbricas:<\/strong> 16<\/li>\n<\/ul>\n<p><strong>Preguntas frecuentes sobre DSC PowerSeries:<\/strong><\/p>\n<ul>\n<li><strong>\u00bfPor qu\u00e9 PowerSeries es una soluci\u00f3n h\u00edbrida?<\/strong> PowerSeries combina tecnolog\u00eda cableada e inal\u00e1mbrica para una soluci\u00f3n de seguridad completa y personalizable.<\/li>\n<li><strong>\u00bfC\u00f3mo la tecnolog\u00eda PowerG garantiza una seguridad superior?<\/strong> Ofreciendo conectividad confiable con encriptaci\u00f3n y resistencia a interferencias.<\/li>\n<\/ul>","protected":false},"excerpt":{"rendered":"<p>El panel de control de seguridad DSC HS2128 es una potente soluci\u00f3n de placa central que admite hasta 128 zonas.<\/p>\n<p>Controla y distribuye alarmas y sirenas para garantizar una vigilancia de seguridad eficaz.<\/p>\n<p>El panel es ampliable y se puede adaptar a diferentes soluciones de seguridad, lo que lo hace ideal tanto para hogares como para empresas.<\/p>","protected":false},"featured_media":140857,"template":"","meta":{"_acf_changed":false},"product_brand":[],"product_cat":[3321,1322],"product_tag":[3311,3022,3026],"class_list":{"0":"post-72811","1":"product","2":"type-product","3":"status-publish","4":"has-post-thumbnail","6":"product_cat-centralkort","7":"product_cat-dsc-larm-neo-power-hybridlarm","8":"product_tag-dsc-neo-svensk-manual","9":"product_tag-neo-central-kapslingar","10":"product_tag-neo-centralkort-lager","11":"product_shipping_class-postnord-varubrev","12":"pa_brands-4dsc","13":"tm-has-options","15":"first","16":"instock","17":"sale","18":"featured","19":"taxable","20":"shipping-taxable","21":"purchasable","22":"product-type-simple"},"acf":[],"_links":{"self":[{"href":"https:\/\/secureus.se\/es\/wp-json\/wp\/v2\/product\/72811","targetHints":{"allow":["GET"]}}],"collection":[{"href":"https:\/\/secureus.se\/es\/wp-json\/wp\/v2\/product"}],"about":[{"href":"https:\/\/secureus.se\/es\/wp-json\/wp\/v2\/types\/product"}],"wp:featuredmedia":[{"embeddable":true,"href":"https:\/\/secureus.se\/es\/wp-json\/wp\/v2\/media\/140857"}],"wp:attachment":[{"href":"https:\/\/secureus.se\/es\/wp-json\/wp\/v2\/media?parent=72811"}],"wp:term":[{"taxonomy":"product_brand","embeddable":true,"href":"https:\/\/secureus.se\/es\/wp-json\/wp\/v2\/product_brand?post=72811"},{"taxonomy":"product_cat","embeddable":true,"href":"https:\/\/secureus.se\/es\/wp-json\/wp\/v2\/product_cat?post=72811"},{"taxonomy":"product_tag","embeddable":true,"href":"https:\/\/secureus.se\/es\/wp-json\/wp\/v2\/product_tag?post=72811"}],"curies":[{"name":"wp","href":"https:\/\/api.w.org\/{rel}","templated":true}]}}