{"id":73277,"date":"2022-03-10T15:40:00","date_gmt":"2022-03-10T14:40:00","guid":{"rendered":"https:\/\/secureus.se\/produkt\/abloy-eltryckeslas-el582-70mm\/"},"modified":"2026-04-17T14:42:57","modified_gmt":"2026-04-17T12:42:57","slug":"abloy-eltryckeslas-el582-70mm","status":"publish","type":"product","link":"https:\/\/secureus.se\/es\/abloy-eltryckeslas-el582-70mm\/","title":{"rendered":"Cerradura de empuje el\u00e9ctrica Abloy EL582 70 mm"},"content":{"rendered":"<p>Un reemplazo directo para Abloy 8180\/8181.<\/p>\n<p>EL582 es una cerradura de pulsador controlada electromec\u00e1nicamente, de las denominadas. tipo multifunci\u00f3n.<\/p>\n<p>EL 582 es una cerradura el\u00e9ctrica tipo cerradura de d\u00eda y es ideal para el cierre diurno en edificios comerciales, cierres internos y puertas exteriores en edificios de departamentos.<\/p>\n<p>Colgado regulable a derecha\/izquierda (sin abrir la cerradura).<\/p>\n<p>Ca\u00edda variable 20\/14 mm posici\u00f3n entrelazada.<\/p>\n<p>Multitensi\u00f3n 12-24 V CC -10%\/+10% Corriente m\u00e1xima: 350 mA Corriente sin carga: 120 mA<\/p>\n<p>Funci\u00f3n de avance\/retroceso conmutable.<\/p>\n<p>Microinterruptores dobles<\/p>\n<p>Dimensiones y colocaci\u00f3n de pistones seg\u00fan est\u00e1ndar Assa.<\/p>","protected":false},"excerpt":{"rendered":"<p>Un reemplazo directo para Abloy 8180\/8181. EL582 es una cerradura de pulsador controlada electromec\u00e1nicamente, de las denominadas. tipo multifunci\u00f3n. EL 582 es una cerradura el\u00e9ctrica del tipo cerradura de d\u00eda y es muy adecuada como cerradura de d\u00eda en<\/p>","protected":false},"featured_media":145608,"template":"","meta":{"_acf_changed":false},"product_brand":[],"product_cat":[2429],"product_tag":[2927,2286,2417],"class_list":{"0":"post-73277","1":"product","2":"type-product","3":"status-publish","4":"has-post-thumbnail","6":"product_cat-ellas","7":"product_tag-abloy-el582","8":"product_tag-ellas-eltryckeslas","9":"product_tag-rel-abloy-ellas","10":"product_shipping_class-tunga-paket","11":"pa_brands-abloy","12":"tm-no-options","14":"first","15":"instock","16":"sale","17":"featured","18":"taxable","19":"shipping-taxable","20":"purchasable","21":"product-type-simple"},"acf":[],"_links":{"self":[{"href":"https:\/\/secureus.se\/es\/wp-json\/wp\/v2\/product\/73277","targetHints":{"allow":["GET"]}}],"collection":[{"href":"https:\/\/secureus.se\/es\/wp-json\/wp\/v2\/product"}],"about":[{"href":"https:\/\/secureus.se\/es\/wp-json\/wp\/v2\/types\/product"}],"wp:featuredmedia":[{"embeddable":true,"href":"https:\/\/secureus.se\/es\/wp-json\/wp\/v2\/media\/145608"}],"wp:attachment":[{"href":"https:\/\/secureus.se\/es\/wp-json\/wp\/v2\/media?parent=73277"}],"wp:term":[{"taxonomy":"product_brand","embeddable":true,"href":"https:\/\/secureus.se\/es\/wp-json\/wp\/v2\/product_brand?post=73277"},{"taxonomy":"product_cat","embeddable":true,"href":"https:\/\/secureus.se\/es\/wp-json\/wp\/v2\/product_cat?post=73277"},{"taxonomy":"product_tag","embeddable":true,"href":"https:\/\/secureus.se\/es\/wp-json\/wp\/v2\/product_tag?post=73277"}],"curies":[{"name":"wp","href":"https:\/\/api.w.org\/{rel}","templated":true}]}}