{"id":75112,"date":"2022-03-10T15:40:00","date_gmt":"2022-03-10T14:40:00","guid":{"rendered":"https:\/\/secureus.se\/produkt\/abloy-eltryckeslas-el482-35mm\/"},"modified":"2026-04-17T14:42:52","modified_gmt":"2026-04-17T12:42:52","slug":"abloy-eltryckeslas-el482-35mm","status":"publish","type":"product","link":"https:\/\/secureus.se\/es\/abloy-eltryckeslas-el482-35mm\/","title":{"rendered":"Cerradura de empuje el\u00e9ctrica Abloy EL482 de 35 mm"},"content":{"rendered":"<h3>\u00c1rea de aplicaci\u00f3n<\/h3>\n<p>La cerradura de empuje el\u00e9ctrica EL482 es una cerradura multifuncional adaptada para puertas de alta frecuencia en un dise\u00f1o de perfil estrecho.<\/p>\n<p>Adecuado para cierre diurno y cierre interno en comercios, oficinas e industrias o en entradas y \u00e1reas p\u00fablicas de edificios de apartamentos. ABLOY EL480 se puede utilizar en los l\u00edmites de celdas contra incendios.<\/p>\n<h3>Caracter\u00edsticas<\/h3>\n<p>\u2022 Caja de pulsador con enclavamiento<\/p>\n<p>\u2022 La cerradura siempre se puede accionar con el cilindro\/perilla<\/p>\n<p>\u2022 Multifuncional<\/p>\n<p>\u2013 12-24 VCC, estable<\/p>\n<p>\u2013 Funci\u00f3n de avance\/retroceso f\u00e1cilmente ajustable<\/p>\n<p>2 microinterruptores<\/p>\n<p>\u2013 Interbloqueo (posici\u00f3n de la puerta)<\/p>\n<p>\u2013 Movimiento de prensa de 29 o 35 mm de profundidad de mandril<\/p>\n<p>\u2022 Todos los cables est\u00e1n equipados con conectores para una f\u00e1cil instalaci\u00f3n con cable de conexi\u00f3n EA220<\/p>\n<p>\u2022 Totalmente adaptado al est\u00e1ndar de empotrar ASSA ABLOY<\/p>\n<h3>Funci\u00f3n<\/h3>\n<p>EL482 con funci\u00f3n est\u00e1ndar<\/p>\n<p>\u2013 Pulsador externo e interno de accionamiento el\u00e9ctrico<\/p>\n<h3>Datos t\u00e9cnicos<\/h3>\n<p>\u2022 Consumo de energ\u00eda M\u00e1x. 350 mA<\/p>\n<p>\u2022 Resto 120 mA<\/p>\n<p>\u2022 Microinterruptor conmutador unipolar M\u00e1x. 30 VCC, 400 mA<\/p>","protected":false},"excerpt":{"rendered":"<p>\u00c1mbito de aplicaci\u00f3n La cerradura de empuje el\u00e9ctrica EL482 es una cerradura multifuncional adaptada para puertas de alta frecuencia en dise\u00f1o de perfil estrecho. Adecuado para cierres diurnos y cierres internos en comercios, oficinas e industrias o en entradas y \u00e1reas p\u00fablicas.<\/p>","protected":false},"featured_media":145606,"template":"","meta":{"_acf_changed":false},"product_brand":[],"product_cat":[2429],"product_tag":[2929,2286,2417],"class_list":{"0":"post-75112","1":"product","2":"type-product","3":"status-publish","4":"has-post-thumbnail","6":"product_cat-ellas","7":"product_tag-abloy-el482","8":"product_tag-ellas-eltryckeslas","9":"product_tag-rel-abloy-ellas","10":"product_shipping_class-tunga-paket","11":"pa_brands-abloy","12":"tm-no-options","14":"first","15":"instock","16":"sale","17":"featured","18":"taxable","19":"shipping-taxable","20":"purchasable","21":"product-type-simple"},"acf":[],"_links":{"self":[{"href":"https:\/\/secureus.se\/es\/wp-json\/wp\/v2\/product\/75112","targetHints":{"allow":["GET"]}}],"collection":[{"href":"https:\/\/secureus.se\/es\/wp-json\/wp\/v2\/product"}],"about":[{"href":"https:\/\/secureus.se\/es\/wp-json\/wp\/v2\/types\/product"}],"wp:featuredmedia":[{"embeddable":true,"href":"https:\/\/secureus.se\/es\/wp-json\/wp\/v2\/media\/145606"}],"wp:attachment":[{"href":"https:\/\/secureus.se\/es\/wp-json\/wp\/v2\/media?parent=75112"}],"wp:term":[{"taxonomy":"product_brand","embeddable":true,"href":"https:\/\/secureus.se\/es\/wp-json\/wp\/v2\/product_brand?post=75112"},{"taxonomy":"product_cat","embeddable":true,"href":"https:\/\/secureus.se\/es\/wp-json\/wp\/v2\/product_cat?post=75112"},{"taxonomy":"product_tag","embeddable":true,"href":"https:\/\/secureus.se\/es\/wp-json\/wp\/v2\/product_tag?post=75112"}],"curies":[{"name":"wp","href":"https:\/\/api.w.org\/{rel}","templated":true}]}}