{"id":75116,"date":"2022-05-25T11:45:09","date_gmt":"2022-05-25T09:45:09","guid":{"rendered":"https:\/\/secureus.se\/produkt\/abloy-elektriskt-styrt-las-el402-omvand\/"},"modified":"2026-04-15T17:05:50","modified_gmt":"2026-04-15T15:05:50","slug":"abloy-elektriskt-styrt-las-el402-omvand","status":"publish","type":"product","link":"https:\/\/secureus.se\/es\/abloy-elektriskt-styrt-las-el402-omvand\/","title":{"rendered":"Cerradura de control el\u00e9ctrico Abloy EL402 \u2013 Inversa"},"content":{"rendered":"<p>ABLOY EL402 es una cerradura controlada el\u00e9ctricamente con un \u00e9mbolo de doble funci\u00f3n y bloqueo autom\u00e1tico cuando la puerta est\u00e1 cerrada.<\/p>\n<p>ABLOY EL402 se puede controlar con la mayor\u00eda de las funciones de control disponibles en el mercado, por ejemplo: ex. Sistema de control de acceso, cerradura con c\u00f3digo, pulsador y temporizador. La cerradura es muy adecuada como cierre diurno o interior en comercios, oficinas e industrias o en entradas y zonas p\u00fablicas de edificios de viviendas.<\/p>\n<p>ABLOY EL402 est\u00e1 adaptado para su instalaci\u00f3n junto con la automatizaci\u00f3n de puertas.<\/p>\n<p>ABLOY EL402 NO debe utilizarse como funci\u00f3n ign\u00edfuga en un l\u00edmite de compartimento contra incendios.<\/p>\n<p>ABLOY EL402 no debe exponerse a la presi\u00f3n de moldeo.<\/p>\n<h3>Funci\u00f3n<\/h3>\n<p>ABLOY EL402 tiene profundidad de mandril ajustable de 25, 28, 30, 33 y 35 mm.<\/p>\n<p>El enclavamiento se libera con control el\u00e9ctrico o con un cilindro\/perilla. Cuando se libera el enclavamiento, la puerta se puede tirar o deslizar para abrirla.<\/p>\n<p>El estuche de doble funci\u00f3n no se retrae, sino que se pliega para guardarse.<\/p>\n<h3>Caracter\u00edsticas<\/h3>\n<p>\u2022 Estuche de doble funci\u00f3n entrelazado<\/p>\n<p>\u2022 La cerradura siempre se puede accionar con el cilindro\/perilla<\/p>\n<p>\u2022 12\/24 VCC, estable.<\/p>\n<p>\u2022 Se adapta tanto a puertas derechas como izquierdas.<\/p>\n<p>\u2022 El microinterruptor incorporado indica bloqueado\/desbloqueado, para indicar la posici\u00f3n de la puerta se requiere un sensor de posici\u00f3n de puerta separado<\/p>\n<p>\u2022 Profundidad de mandril de 25, 28, 30 o 35 mm<\/p>\n<p>\u2022 Todos los cables est\u00e1n equipados con conectores para una f\u00e1cil instalaci\u00f3n con cable de conexi\u00f3n EA220<\/p>\n<p>\u2022 Se puede montar horizontalmente<\/p>\n<p>\u2022 Se puede utilizar en puertas batientes.<\/p>","protected":false},"excerpt":{"rendered":"<p>ABLOY EL402 \u00e4r ett elektriskt styrt l\u00e5s med dubbelfunktionskolv och automatisk f\u00f6rregling d\u00e5 d\u00f6rren st\u00e4ngs. ABLOY EL402 kan styras med de flesta p\u00e5 marknaden f\u00f6rekommande styrfunktioner, t. ex. passersystem, kodl\u00e5s,<\/p>","protected":false},"featured_media":144575,"template":"","meta":{"_acf_changed":false},"product_brand":[],"product_cat":[2429],"product_tag":[3131,2286,2417],"class_list":{"0":"post-75116","1":"product","2":"type-product","3":"status-publish","4":"has-post-thumbnail","6":"product_cat-ellas","7":"product_tag-el402","8":"product_tag-ellas-eltryckeslas","9":"product_tag-rel-abloy-ellas","10":"product_shipping_class-tunga-paket","11":"pa_brands-abloy","12":"tm-no-options","14":"first","15":"instock","16":"sale","17":"featured","18":"taxable","19":"shipping-taxable","20":"purchasable","21":"product-type-simple"},"acf":[],"_links":{"self":[{"href":"https:\/\/secureus.se\/es\/wp-json\/wp\/v2\/product\/75116","targetHints":{"allow":["GET"]}}],"collection":[{"href":"https:\/\/secureus.se\/es\/wp-json\/wp\/v2\/product"}],"about":[{"href":"https:\/\/secureus.se\/es\/wp-json\/wp\/v2\/types\/product"}],"wp:featuredmedia":[{"embeddable":true,"href":"https:\/\/secureus.se\/es\/wp-json\/wp\/v2\/media\/144575"}],"wp:attachment":[{"href":"https:\/\/secureus.se\/es\/wp-json\/wp\/v2\/media?parent=75116"}],"wp:term":[{"taxonomy":"product_brand","embeddable":true,"href":"https:\/\/secureus.se\/es\/wp-json\/wp\/v2\/product_brand?post=75116"},{"taxonomy":"product_cat","embeddable":true,"href":"https:\/\/secureus.se\/es\/wp-json\/wp\/v2\/product_cat?post=75116"},{"taxonomy":"product_tag","embeddable":true,"href":"https:\/\/secureus.se\/es\/wp-json\/wp\/v2\/product_tag?post=75116"}],"curies":[{"name":"wp","href":"https:\/\/api.w.org\/{rel}","templated":true}]}}