{"id":76634,"date":"2023-05-09T15:42:51","date_gmt":"2023-05-09T13:42:51","guid":{"rendered":"https:\/\/secureus.se\/produkt\/rfid-tagg-glasfiber-hd-epoxy-mifare1k-std-nr\/"},"modified":"2026-03-09T14:43:03","modified_gmt":"2026-03-09T13:43:03","slug":"rfid-tagg-glasfiber-hd-mifare1k-std-nr","status":"publish","type":"product","link":"https:\/\/secureus.se\/es\/rfid-tagg-glasfiber-hd-mifare1k-std-nr\/","title":{"rendered":"Etiqueta Mifare1k\u00ae \u2013 Sistema de alarma\/control de acceso negro \u2013 Fibra de vidrio HD+"},"content":{"rendered":"<h1>Etiqueta Mifare1k Fibra de Vidrio HD+(Plus)<\/h1>\n<h3>Etiqueta para sistema de alarma\/control de acceso y reserva.<\/h3>\n<p><strong>Aqu\u00ed hemos agregado n\u00fameros est\u00e1ndar para los siguientes sistemas:<\/strong><\/p>\n<p><span style=\"text-decoration: underline\"><strong>Para EM4200: ASSA (S), RCO Security (R), Axema VAKA (V), Bewator\/Vanderbilt (B)<\/strong><\/span><\/p>\n<p><span style=\"text-decoration: underline\"><strong>Mifare: MFR=RCO, MFV=Axema VAKA, MFD=Lectura decimal para otros sistemas en el mercado sueco.<\/strong><\/span><\/p>\n<div>\n<p><span style=\"text-decoration: underline\"><strong><span style=\"font-size: 16px\">Este innovador llavero est\u00e1 especialmente dise\u00f1ado para satisfacer sus necesidades de sistemas de seguridad e identificaci\u00f3n. Con su construcci\u00f3n robusta y su impresionante funcionalidad, la etiqueta RFUD \u201cGlasfiber HD\u201d proporciona una soluci\u00f3n confiable y eficiente para diversas aplicaciones.<\/span><\/strong><\/span><\/p>\n<\/div>\n<p>Ofrecemos varias variaciones de etiquetas de fibra de vidrio HD+ para satisfacer sus requisitos espec\u00edficos.<\/p>\n<p>Hay varios productos entre los que puede elegir: EM4200, Mifare1k, la combinaci\u00f3n de Mifare1k y EM4200, Mifare4k y la combinaci\u00f3n de Mifare4k y EM4200.<\/p>\n<p>Cada variante tiene sus caracter\u00edsticas y funciones \u00fanicas, lo que le brinda flexibilidad y versatilidad.<\/p>\n<p>Para personalizar a\u00fan m\u00e1s la etiqueta llave, ofrecemos la opci\u00f3n de grabar n\u00fameros como n\u00fameros de serie o n\u00fameros de sus sistemas de control de acceso.<\/p>\n<p>(RCO, Vanderbilt, Bewator, Axema Aptus ASSA, etc.).<\/p>\n<p>Esto facilita la identificaci\u00f3n y gesti\u00f3n de sus etiquetas, ahorrando tiempo y aumentando la eficiencia de su flujo de trabajo.<\/p>\n<p>Fiberglass HD+ tambi\u00e9n est\u00e1 disponible con n\u00fameros pregrabados en nuestra tienda, tambi\u00e9n puedes pedir 500 o m\u00e1s con tus propios n\u00fameros.<\/p>\n<h3>Como siempre de nuestra parte, chip original de<a href=\"https:\/\/www.nxp.com\/\" rel=\"noopener\"> NXP<\/a> y <a href=\"https:\/\/www.emmicroelectronic.com\/\" rel=\"noopener\">Microelectr\u00f3nica EM.<\/a><\/h3>\n<p><strong>\u00a1Apto para todo y para todos!<\/strong><\/p>\n<ul>\n<li>Sistema de control de acceso<\/li>\n<li>Sistema de visitantes<\/li>\n<li>Reserva de lavander\u00eda<\/li>\n<li>Sistemas de alarma y seguridad<\/li>\n<\/ul>\n<p>&nbsp;<\/p>","protected":false},"excerpt":{"rendered":"<p><span style=\"text-decoration: underline\"><strong>El pedido m\u00ednimo es de 500 unidades si desea n\u00fameros o logotipos \u00fanicos.<\/strong><\/span><\/p>\n<p>Este es nuestro Urano HD+ en fibra de vidrio con una capa protectora de Epoxy que te permite tener tu logo a color.<\/p>\n<p>No hay costos adicionales por dise\u00f1o ni por puesta en marcha.<\/p>\n<p><span style=\"text-decoration: underline\"><strong>A prueba de vandalismo e impermeable para una vida \u00fatil extralarga.<\/strong><\/span><\/p>\n<p>&nbsp;Este producto tiene chips certificados de NXP\u00ae, una empresa de tecnolog\u00eda global con sede en los Pa\u00edses Bajos. NXP\u00ae se especializa en RFID y NFC y ofrece una gama de productos en seguridad, conectividad y soluciones integradas.<\/p>","protected":false},"featured_media":133938,"template":"","meta":{"_acf_changed":false},"product_brand":[],"product_cat":[2354],"product_tag":[2436,2074,4146,2958],"class_list":{"0":"post-76634","1":"product","2":"type-product","3":"status-publish","4":"has-post-thumbnail","6":"product_cat-rfid-taggar","7":"product_tag-250-moq-hd","8":"product_tag-ej-lagerfraga","9":"product_tag-nxp","10":"product_tag-stonehouse-produkt","11":"product_shipping_class-postnord-varubrev","12":"pa_brands-stonehouse-security","13":"pa_chip-teknik-mifare1k","14":"pa_farg-svart","15":"pa_tagg-glasfiber-tagg-glasfiber-hd","16":"tm-no-options","18":"first","19":"instock","20":"sale","21":"featured","22":"taxable","23":"shipping-taxable","24":"purchasable","25":"product-type-simple"},"acf":[],"_links":{"self":[{"href":"https:\/\/secureus.se\/es\/wp-json\/wp\/v2\/product\/76634","targetHints":{"allow":["GET"]}}],"collection":[{"href":"https:\/\/secureus.se\/es\/wp-json\/wp\/v2\/product"}],"about":[{"href":"https:\/\/secureus.se\/es\/wp-json\/wp\/v2\/types\/product"}],"wp:featuredmedia":[{"embeddable":true,"href":"https:\/\/secureus.se\/es\/wp-json\/wp\/v2\/media\/133938"}],"wp:attachment":[{"href":"https:\/\/secureus.se\/es\/wp-json\/wp\/v2\/media?parent=76634"}],"wp:term":[{"taxonomy":"product_brand","embeddable":true,"href":"https:\/\/secureus.se\/es\/wp-json\/wp\/v2\/product_brand?post=76634"},{"taxonomy":"product_cat","embeddable":true,"href":"https:\/\/secureus.se\/es\/wp-json\/wp\/v2\/product_cat?post=76634"},{"taxonomy":"product_tag","embeddable":true,"href":"https:\/\/secureus.se\/es\/wp-json\/wp\/v2\/product_tag?post=76634"}],"curies":[{"name":"wp","href":"https:\/\/api.w.org\/{rel}","templated":true}]}}