{"id":78469,"date":"2022-11-21T12:06:24","date_gmt":"2022-11-21T11:06:24","guid":{"rendered":"https:\/\/secureus.se\/produkt\/stromfors-agg-24v-50a\/"},"modified":"2026-04-23T10:44:48","modified_gmt":"2026-04-23T08:44:48","slug":"stromfors-agg-24v-50a","status":"publish","type":"product","link":"https:\/\/secureus.se\/es\/stromfors-agg-24v-50a\/","title":{"rendered":"Alimentado por Agg 24 V 5,0 A"},"content":{"rendered":"<p>SM40 es una bater\u00eda de respaldo conmutada primaria de 24V 5A de alta eficiencia, perfecta para operar todo tipo de instalaciones de baja corriente, alarmas, sistemas de incendio y acceso. Unidad lisa y bien ventilada que se caracteriza por sus reducidas dimensiones y su f\u00e1cil y r\u00e1pida instalaci\u00f3n que dispone de un estante para bater\u00eda en la parte inferior y colgador con forma de ojo de cerradura. Deja un voltaje de salida bien filtrado y estable que est\u00e1 protegido contra sobrecarga y cortocircuito. Equipado con carga eficiente de 2 etapas que carga las bater\u00edas de forma r\u00e1pida y segura. Se puede conectar en paralelo para obtener una mayor salida o compensar ca\u00eddas de tensi\u00f3n en los cables. La tensi\u00f3n de red se indica mediante un LED verde en el frente y los errores mediante un LED rojo. Est\u00e1n equipados con un rel\u00e9 de alarma para alarmas de corte de energ\u00eda. La red, la carga y la bater\u00eda est\u00e1n protegidas por fusibles. Se puede ampliar f\u00e1cilmente con tarjetas de alarma SM102 o tarjetas de la serie SPM900. Protecci\u00f3n incorporada contra descarga profunda de las bater\u00edas. Las pilas no est\u00e1n incluidas.<\/p>","protected":false},"excerpt":{"rendered":"<p>SM40 es una bater\u00eda de respaldo conmutada primaria de 24V 5A de alta eficiencia, perfecta para operar todo tipo de sistemas de baja corriente, alarmas, sistemas contra incendios y de acceso. Unidad lisa y bien ventilada que se caracteriza por sus peque\u00f1as dimensiones y<\/p>","protected":false},"featured_media":142446,"template":"","meta":{"_acf_changed":false},"product_brand":[],"product_cat":[2721],"product_tag":[2183,3197],"class_list":{"0":"post-78469","1":"product","2":"type-product","3":"status-publish","4":"has-post-thumbnail","6":"product_cat-batteribackuper","7":"product_tag-backup-0-6-a","8":"product_tag-backup-24v","9":"product_shipping_class-tunga-paket","10":"pa_brands-swansons","11":"tm-no-options","13":"first","14":"instock","15":"sale","16":"featured","17":"taxable","18":"shipping-taxable","19":"purchasable","20":"product-type-simple"},"acf":[],"_links":{"self":[{"href":"https:\/\/secureus.se\/es\/wp-json\/wp\/v2\/product\/78469","targetHints":{"allow":["GET"]}}],"collection":[{"href":"https:\/\/secureus.se\/es\/wp-json\/wp\/v2\/product"}],"about":[{"href":"https:\/\/secureus.se\/es\/wp-json\/wp\/v2\/types\/product"}],"wp:featuredmedia":[{"embeddable":true,"href":"https:\/\/secureus.se\/es\/wp-json\/wp\/v2\/media\/142446"}],"wp:attachment":[{"href":"https:\/\/secureus.se\/es\/wp-json\/wp\/v2\/media?parent=78469"}],"wp:term":[{"taxonomy":"product_brand","embeddable":true,"href":"https:\/\/secureus.se\/es\/wp-json\/wp\/v2\/product_brand?post=78469"},{"taxonomy":"product_cat","embeddable":true,"href":"https:\/\/secureus.se\/es\/wp-json\/wp\/v2\/product_cat?post=78469"},{"taxonomy":"product_tag","embeddable":true,"href":"https:\/\/secureus.se\/es\/wp-json\/wp\/v2\/product_tag?post=78469"}],"curies":[{"name":"wp","href":"https:\/\/api.w.org\/{rel}","templated":true}]}}