{"id":79571,"date":"2022-03-10T15:40:00","date_gmt":"2022-03-10T14:40:00","guid":{"rendered":"https:\/\/secureus.se\/produkt\/abloy-karmoverforing-ea281-512-mm\/"},"modified":"2026-04-01T13:00:54","modified_gmt":"2026-04-01T11:00:54","slug":"abloy-karmoverforing-ea281-512-mm","status":"publish","type":"product","link":"https:\/\/secureus.se\/es\/abloy-karmoverforing-ea281-512-mm\/","title":{"rendered":"Transferencia de marco EA281 512 mm \u2013 Assa Abloy"},"content":{"rendered":"<p>Abloy EA281 es una transferencia de cables empotrada dise\u00f1ada para proteger la transferencia de cables entre la puerta y el marco.<\/p>\n<p>El di\u00e1metro mayor del cable es de \u00d8 7,5 mm.<\/p>\n<p>Para una mayor confiabilidad funcional se debe utilizar un cable blando de m\u00faltiples n\u00facleos.<\/p>\n<p>Esquinas redondeadas para un fresado simplificado de la m\u00e1quina.<\/p>\n<p>EA 281 \u2013 La variante est\u00e1ndar, se puede utilizar en todas las puertas con un \u00e1ngulo de apertura de hasta 180\u00b0.<\/p>","protected":false},"excerpt":{"rendered":"<p>Abloy EA281 \u00e4r en inf\u00e4lld\u00a0kabel\u00f6verf\u00f6ring\u00a0avsedd\u00a0f\u00f6r att skydda\u00a0\u00f6verf\u00f6ring av kablar mellan d\u00f6rr och karm. St\u00f6rsta kabeldiameter \u00e4r \u00d8 7,5 mm. F\u00f6r \u00f6kad funktionss\u00e4kerhet skall m\u00e5ngkardelig mjuk kabel anv\u00e4ndas. Runda h\u00f6rn f\u00f6r<\/p>","protected":false},"featured_media":159172,"template":"","meta":{"_acf_changed":false},"product_brand":[],"product_cat":[2429,2834],"product_tag":[2299,2417,2421],"class_list":{"0":"post-79571","1":"product","2":"type-product","3":"status-publish","4":"has-post-thumbnail","6":"product_cat-ellas","7":"product_cat-ellas-motorlastillbehor","8":"product_tag-ellas-tillbehor-anslutningskabel","9":"product_tag-rel-abloy-ellas","10":"product_tag-rel-installationstillbehor","11":"pa_brands-abloy","12":"tm-no-options","14":"first","15":"instock","16":"sale","17":"featured","18":"taxable","19":"shipping-taxable","20":"purchasable","21":"product-type-simple"},"acf":[],"_links":{"self":[{"href":"https:\/\/secureus.se\/es\/wp-json\/wp\/v2\/product\/79571","targetHints":{"allow":["GET"]}}],"collection":[{"href":"https:\/\/secureus.se\/es\/wp-json\/wp\/v2\/product"}],"about":[{"href":"https:\/\/secureus.se\/es\/wp-json\/wp\/v2\/types\/product"}],"wp:featuredmedia":[{"embeddable":true,"href":"https:\/\/secureus.se\/es\/wp-json\/wp\/v2\/media\/159172"}],"wp:attachment":[{"href":"https:\/\/secureus.se\/es\/wp-json\/wp\/v2\/media?parent=79571"}],"wp:term":[{"taxonomy":"product_brand","embeddable":true,"href":"https:\/\/secureus.se\/es\/wp-json\/wp\/v2\/product_brand?post=79571"},{"taxonomy":"product_cat","embeddable":true,"href":"https:\/\/secureus.se\/es\/wp-json\/wp\/v2\/product_cat?post=79571"},{"taxonomy":"product_tag","embeddable":true,"href":"https:\/\/secureus.se\/es\/wp-json\/wp\/v2\/product_tag?post=79571"}],"curies":[{"name":"wp","href":"https:\/\/api.w.org\/{rel}","templated":true}]}}