{"id":79599,"date":"2022-05-25T11:48:44","date_gmt":"2022-05-25T09:48:44","guid":{"rendered":"https:\/\/secureus.se\/produkt\/abloy-elektriskt-styrt-las-el402-rattvand\/"},"modified":"2026-04-15T17:04:29","modified_gmt":"2026-04-15T15:04:29","slug":"abloy-elektriskt-styrt-las-el402-rattvand","status":"publish","type":"product","link":"https:\/\/secureus.se\/es\/abloy-elektriskt-styrt-las-el402-rattvand\/","title":{"rendered":"Cerradura el\u00e9ctrica Abloy EL402 \u2013 Para diestros"},"content":{"rendered":"<h4>Cerradura de empuje el\u00e9ctrica Assa Abloy EL402 para mano derecha: cierre seguro y eficaz para cualquier entorno.<\/h4>\n<p>Assa Abloy EL402 es una cerradura electromec\u00e1nica avanzada dise\u00f1ada para satisfacer las necesidades de comercios minoristas, oficinas, industrias y entradas y \u00e1reas p\u00fablicas en edificios multifamiliares. Con su bloqueo fiable y flexible, el EL402 ofrece seguridad y comodidad \u00f3ptimas.<\/p>\n<h4>\u00c1reas de uso<\/h4>\n<p>Assa Abloy EL402 es perfecto para el cierre diurno y el cierre interno en:<\/p>\n<ul>\n<li><strong>Comercio<\/strong><\/li>\n<li><strong>Oficina<\/strong><\/li>\n<li><strong>Industria<\/strong><\/li>\n<li><strong>Entradas y zonas p\u00fablicas en edificios de apartamentos<\/strong><\/li>\n<\/ul>\n<p>La cerradura se puede integrar con diversas funciones de control, como sistemas de control de acceso, cerraduras con c\u00f3digo, pulsadores y temporizadores, lo que la hace ideal para soluciones de seguridad modernas.<\/p>\n<h4>Caracter\u00edsticas y beneficios<\/h4>\n<ul>\n<li><strong>Profundidad de mandril ajustable<\/strong>:Adapte la cerradura con una profundidad de mandril de 25, 28, 30, 33 o 35 mm.<\/li>\n<li><strong>Estuche de doble funci\u00f3n<\/strong>:Estuche de doble funci\u00f3n entrelazado que proporciona seguridad y comodidad.<\/li>\n<li><strong>Direcci\u00f3n el\u00e9ctrica<\/strong>:El enclavamiento se puede cancelar con control el\u00e9ctrico o con un cilindro\/perilla.<\/li>\n<li><strong>Instalaci\u00f3n para zurdos y diestros<\/strong>:F\u00e1cilmente ajustable para puertas con apertura tanto a la derecha como a la izquierda.<\/li>\n<li><strong>Funci\u00f3n de avance o retroceso<\/strong>:Se puede cambiar entre funci\u00f3n de avance y retroceso.<\/li>\n<li><strong>F\u00e1cil instalaci\u00f3n<\/strong>:Todos los cables est\u00e1n equipados con conectores para una f\u00e1cil instalaci\u00f3n con el cable de conexi\u00f3n EA220.<\/li>\n<li><strong>Montaje<\/strong>:Se puede montar horizontalmente para un uso flexible.<\/li>\n<\/ul>\n<h4>Especificaciones t\u00e9cnicas<\/h4>\n<ul>\n<li><strong>Voltaje<\/strong>: 12 \u2013 24 VCC (-10%\/+15%)<\/li>\n<li><strong>Consumo de energ\u00eda<\/strong>: M\u00e1x. 550 mA (12 VCC), Resto 240 mA (12 VCC), M\u00e1x. 270 mA (24 VCC), Resto 110 mA (24 VCC)<\/li>\n<li><strong>Rango de temperatura<\/strong>:-20\u00b0C a +60\u00b0C<\/li>\n<li><strong>Protuberancia de la regla de ca\u00edda<\/strong>:14 mm<\/li>\n<li><strong>Profundidad del mandril<\/strong>:Ajustable 25, 28, 30, 33 y 35 mm<\/li>\n<li><strong>Correo<\/strong>:25 mm<\/li>\n<li><strong>Grieta de la puerta<\/strong>:3 \u2013 5 mm<\/li>\n<\/ul>\n<h4>Accesorios<\/h4>\n<ul>\n<li><strong>Cilindros ovalados escandinavos<\/strong><\/li>\n<li><strong>Placa final<\/strong>:ABLOY 4613, 4614, EA308 o 443608 para puertas batientes<\/li>\n<li><strong>Cable de conexi\u00f3n EA220<\/strong>:10 metros<\/li>\n<li><strong>Transmisi\u00f3n por cable<\/strong>:EA280\/EA281<\/li>\n<\/ul>\n<h4>Soluci\u00f3n de seguridad confiable<\/h4>\n<p>Assa Abloy EL402 es la soluci\u00f3n ideal para garantizar la seguridad y la comodidad en una variedad de entornos. Con su construcci\u00f3n robusta y caracter\u00edsticas avanzadas, esta cerradura electromec\u00e1nica es perfecta para la integraci\u00f3n de seguridad moderna. Elija Assa Abloy EL402 para una soluci\u00f3n de seguridad confiable y flexible.<\/p>\n<p><a href=\"https:\/\/static-mpc-spear-production.assaabloy.com\/asfe\/\/Fetchfile.aspx?id=45330\" rel=\"noopener\">Ficha de producto<\/a><\/p>","protected":false},"excerpt":{"rendered":"<header class=\"product-header\" role=\"banner\">\n<div class=\"short description product-short-description\">Assa Abloy EL402 es una cerradura electromec\u00e1nica con profundidad de cerrojo ajustable y caja de doble funci\u00f3n entrelazada. Ideal para comercio, oficinas e industria, esta cerradura ofrece seguridad y comodidad con control el\u00e9ctrico y f\u00e1cil instalaci\u00f3n. Adaptable tanto para puertas de mano derecha como de mano izquierda.<\/div>\n<\/header>","protected":false},"featured_media":144393,"template":"","meta":{"_acf_changed":false},"product_brand":[],"product_cat":[2429],"product_tag":[3131,2286],"class_list":{"0":"post-79599","1":"product","2":"type-product","3":"status-publish","4":"has-post-thumbnail","6":"product_cat-ellas","7":"product_tag-el402","8":"product_tag-ellas-eltryckeslas","9":"product_shipping_class-tunga-paket","10":"pa_brands-abloy","11":"tm-no-options","13":"first","14":"instock","15":"sale","16":"featured","17":"taxable","18":"shipping-taxable","19":"purchasable","20":"product-type-simple"},"acf":[],"_links":{"self":[{"href":"https:\/\/secureus.se\/es\/wp-json\/wp\/v2\/product\/79599","targetHints":{"allow":["GET"]}}],"collection":[{"href":"https:\/\/secureus.se\/es\/wp-json\/wp\/v2\/product"}],"about":[{"href":"https:\/\/secureus.se\/es\/wp-json\/wp\/v2\/types\/product"}],"wp:featuredmedia":[{"embeddable":true,"href":"https:\/\/secureus.se\/es\/wp-json\/wp\/v2\/media\/144393"}],"wp:attachment":[{"href":"https:\/\/secureus.se\/es\/wp-json\/wp\/v2\/media?parent=79599"}],"wp:term":[{"taxonomy":"product_brand","embeddable":true,"href":"https:\/\/secureus.se\/es\/wp-json\/wp\/v2\/product_brand?post=79599"},{"taxonomy":"product_cat","embeddable":true,"href":"https:\/\/secureus.se\/es\/wp-json\/wp\/v2\/product_cat?post=79599"},{"taxonomy":"product_tag","embeddable":true,"href":"https:\/\/secureus.se\/es\/wp-json\/wp\/v2\/product_tag?post=79599"}],"curies":[{"name":"wp","href":"https:\/\/api.w.org\/{rel}","templated":true}]}}