{"id":79602,"date":"2022-03-10T15:40:00","date_gmt":"2022-03-10T14:40:00","guid":{"rendered":"https:\/\/secureus.se\/produkt\/abloy-solenoidlas-el502-rattvand\/"},"modified":"2026-04-01T13:02:02","modified_gmt":"2026-04-01T11:02:02","slug":"abloy-solenoidlas-el502-rattvand","status":"publish","type":"product","link":"https:\/\/secureus.se\/es\/abloy-solenoidlas-el502-rattvand\/","title":{"rendered":"Cerradura solenoide Abloy EL502 para diestros"},"content":{"rendered":"<p>La cerradura solenoide EL502 est\u00e1 adaptada para puertas de alta frecuencia con huecos para m\u00f3dulos. La cerradura es muy adecuada como cierre diurno o interior en comercios, oficinas e industrias o en entradas y zonas p\u00fablicas de edificios de viviendas. Adaptado para instalaci\u00f3n junto con automatizaci\u00f3n de puertas. EL502 NO debe usarse como funci\u00f3n retardante de fuego en un l\u00edmite de celda de fuego y NO debe exponerse a presi\u00f3n de moldeo. Funci\u00f3n correcta. El enclavamiento se libera con control el\u00e9ctrico o con un cilindro\/perilla. Cuando se libera el enclavamiento, la puerta se puede tirar o deslizar para abrirla. Los estuches de doble funci\u00f3n no se retraen, sino que se pliegan para ocultarse.<br \/>\nVoltaje: 12 \u2013 24 VCC (-10% +15%)<br \/>\nConsumo de corriente a 24 VCC: inactivo 0 mA, funcionamiento 110 mA, arranque 270 mA (arranque &lt;0,1 s)<br \/>\nRango de temperatura: -20 a +60\u00b0C<br \/>\nSaliente del marco: 14 mm<br \/>\nProfundidad del mandril: 50 mm<br \/>\nPoste: 22 mm<br \/>\nPlaca final: LP711<br \/>\nCable de conexi\u00f3n: EA220<br \/>\nEspacio entre puertas: 3 \u2013 5 mm<\/p>\n<p>N\u00famero de pieza del proveedor: 1005020000<\/p>","protected":false},"excerpt":{"rendered":"<p>La cerradura solenoide EL502 est\u00e1 adaptada para puertas de alta frecuencia con huecos para m\u00f3dulos. La cerradura es muy adecuada como cierre diurno o interior en comercios, oficinas e industrias o en entradas y zonas p\u00fablicas de edificios de viviendas.<\/p>","protected":false},"featured_media":140894,"template":"","meta":{"_acf_changed":false},"product_brand":[],"product_cat":[2429],"product_tag":[2930,2287,2417],"class_list":{"0":"post-79602","1":"product","2":"type-product","3":"status-publish","4":"has-post-thumbnail","6":"product_cat-ellas","7":"product_tag-abloy-el502","8":"product_tag-ellas-solenoidlas","9":"product_tag-rel-abloy-ellas","10":"product_shipping_class-tunga-paket","11":"pa_brands-abloy","12":"tm-no-options","14":"first","15":"instock","16":"sale","17":"featured","18":"taxable","19":"shipping-taxable","20":"purchasable","21":"product-type-simple"},"acf":[],"_links":{"self":[{"href":"https:\/\/secureus.se\/es\/wp-json\/wp\/v2\/product\/79602","targetHints":{"allow":["GET"]}}],"collection":[{"href":"https:\/\/secureus.se\/es\/wp-json\/wp\/v2\/product"}],"about":[{"href":"https:\/\/secureus.se\/es\/wp-json\/wp\/v2\/types\/product"}],"wp:featuredmedia":[{"embeddable":true,"href":"https:\/\/secureus.se\/es\/wp-json\/wp\/v2\/media\/140894"}],"wp:attachment":[{"href":"https:\/\/secureus.se\/es\/wp-json\/wp\/v2\/media?parent=79602"}],"wp:term":[{"taxonomy":"product_brand","embeddable":true,"href":"https:\/\/secureus.se\/es\/wp-json\/wp\/v2\/product_brand?post=79602"},{"taxonomy":"product_cat","embeddable":true,"href":"https:\/\/secureus.se\/es\/wp-json\/wp\/v2\/product_cat?post=79602"},{"taxonomy":"product_tag","embeddable":true,"href":"https:\/\/secureus.se\/es\/wp-json\/wp\/v2\/product_tag?post=79602"}],"curies":[{"name":"wp","href":"https:\/\/api.w.org\/{rel}","templated":true}]}}