{"id":80828,"date":"2023-06-19T10:00:25","date_gmt":"2023-06-19T08:00:25","guid":{"rendered":"https:\/\/secureus.se\/produkt\/neo-communicator-ethernet-tl280-2\/"},"modified":"2025-12-31T20:48:18","modified_gmt":"2025-12-31T19:48:18","slug":"dsc-communicator-tl280","status":"publish","type":"product","link":"https:\/\/secureus.se\/es\/dsc-communicator-tl280\/","title":{"rendered":"Comunicador DSC Ethernet TL280"},"content":{"rendered":"<p><strong>Monitoreo seguro y flexible con el comunicador DSC TL280:<\/strong> El comunicador DSC TL280 est\u00e1 dise\u00f1ado para proporcionar una comunicaci\u00f3n IP s\u00f3lida y confiable al sistema de alarma Neo.<\/p>\n<p>Permite la programaci\u00f3n remota y es compatible con aplicaciones m\u00f3viles para una mayor facilidad de uso.<\/p>\n<p><strong>Caracter\u00edsticas y beneficios:<\/strong><\/p>\n<ul>\n<li><strong>Soporte completo para programaci\u00f3n remota DLS:<\/strong> Permite a los instaladores reprogramar f\u00e1cilmente el sistema de forma remota.<\/li>\n<li><strong>Administrar formatos de alarma:<\/strong> Admite formatos de alarma SIA y Contact ID para mayor flexibilidad.<\/li>\n<li><strong>Transferencia de imagen:<\/strong> Admite detectores de c\u00e1mara Neo para la transmisi\u00f3n segura de im\u00e1genes al centro de alarma.<\/li>\n<li><strong>Clase de alarma 2:<\/strong> Certificado con certificado SBSC.<\/li>\n<\/ul>\n<p><strong>Tecnolog\u00eda innovadora para una seguridad superior:<\/strong> PowerSeries Neo combina lo mejor de la tecnolog\u00eda cableada e inal\u00e1mbrica para ofrecer una soluci\u00f3n de seguridad integral. Con soporte para hasta 128 zonas y 8 particiones, permite soluciones de seguridad personalizadas para diferentes secciones del hogar o el negocio.<\/p>\n<p><strong>Presupuesto:<\/strong><\/p>\n<ul>\n<li><strong>Consumo de energ\u00eda:<\/strong> 100 mA.<\/li>\n<li><strong>Montaje:<\/strong> Se monta f\u00e1cilmente en el gabinete principal del panel de control con accesorios de conexi\u00f3n r\u00e1pida.<\/li>\n<li><strong>Ambiente:<\/strong> Dise\u00f1ado para operar en un rango de temperatura de 5\u00b0 a 40\u00b0 C.<\/li>\n<\/ul>","protected":false},"excerpt":{"rendered":"<p>DSC Communicator TL280 es un transmisor de alarma integrado para comunicaci\u00f3n IP a trav\u00e9s de una conexi\u00f3n de red cableada al sistema de alarma Neo.<\/p>\n<p>Admite programaci\u00f3n remota DLS y maneja formatos de alarma SIA y Contact ID.<\/p>\n<p>Con soporte de aplicaci\u00f3n m\u00f3vil (Connect Alarm) y funciones de detector de c\u00e1mara para transmisi\u00f3n de im\u00e1genes al centro de alarma, el TL280 ofrece una soluci\u00f3n de seguridad confiable.<\/p>","protected":false},"featured_media":141188,"template":"","meta":{"_acf_changed":false},"product_brand":[],"product_cat":[3320,1322],"product_tag":[3311,3024],"class_list":{"0":"post-80828","1":"product","2":"type-product","3":"status-publish","4":"has-post-thumbnail","6":"product_cat-larmsandare-dsc-larm-neo-power-hybridlarm","7":"product_cat-dsc-larm-neo-power-hybridlarm","8":"product_tag-dsc-neo-svensk-manual","9":"product_tag-neo-gsm-ip-4g-larmsandare","10":"product_shipping_class-postnord-varubrev","11":"pa_brands-4dsc","12":"tm-has-options","14":"first","15":"instock","16":"sale","17":"featured","18":"taxable","19":"shipping-taxable","20":"purchasable","21":"product-type-simple"},"acf":[],"_links":{"self":[{"href":"https:\/\/secureus.se\/es\/wp-json\/wp\/v2\/product\/80828","targetHints":{"allow":["GET"]}}],"collection":[{"href":"https:\/\/secureus.se\/es\/wp-json\/wp\/v2\/product"}],"about":[{"href":"https:\/\/secureus.se\/es\/wp-json\/wp\/v2\/types\/product"}],"wp:featuredmedia":[{"embeddable":true,"href":"https:\/\/secureus.se\/es\/wp-json\/wp\/v2\/media\/141188"}],"wp:attachment":[{"href":"https:\/\/secureus.se\/es\/wp-json\/wp\/v2\/media?parent=80828"}],"wp:term":[{"taxonomy":"product_brand","embeddable":true,"href":"https:\/\/secureus.se\/es\/wp-json\/wp\/v2\/product_brand?post=80828"},{"taxonomy":"product_cat","embeddable":true,"href":"https:\/\/secureus.se\/es\/wp-json\/wp\/v2\/product_cat?post=80828"},{"taxonomy":"product_tag","embeddable":true,"href":"https:\/\/secureus.se\/es\/wp-json\/wp\/v2\/product_tag?post=80828"}],"curies":[{"name":"wp","href":"https:\/\/api.w.org\/{rel}","templated":true}]}}