{"id":81570,"date":"2023-03-17T10:38:00","date_gmt":"2023-03-17T09:38:00","guid":{"rendered":"https:\/\/secureus.se\/produkt\/monteringsfaste-ir-detektor-svart\/"},"modified":"2026-03-09T17:35:42","modified_gmt":"2026-03-09T16:35:42","slug":"ajax-smart-bracket-faste-svart","status":"publish","type":"product","link":"https:\/\/secureus.se\/es\/ajax-smart-bracket-faste-svart\/","title":{"rendered":"Soporte inteligente Ajax, repuesto para soporte de montaje, detector de infrarrojos, color negro"},"content":{"rendered":"<div class=\"flex-1 overflow-hidden\">\n<div class=\"h-full\">\n<div class=\"react-scroll-to-bottom--css-lsyet-79elbk h-full\">\n<div class=\"react-scroll-to-bottom--css-lsyet-1n7m0yu\">\n<div class=\"flex flex-col text-sm md:pb-9\">\n<article class=\"w-full scroll-mb-[var(--thread-trailing-height)] text-token-text-primary focus-visible:outline-2 focus-visible:outline-offset-[-4px]\" dir=\"auto\" data-testid=\"conversation-turn-419\" data-scroll-anchor=\"true\">\n<div class=\"m-auto text-base py-[18px] px-3 md:px-4 w-full md:px-5 lg:px-4 xl:px-5\">\n<div class=\"mx-auto flex flex-1 gap-4 text-base md:gap-5 lg:gap-6 md:max-w-3xl lg:max-w-[40rem] xl:max-w-[48rem]\">\n<div class=\"group\/conversation-turn relative flex w-full min-w-0 flex-col agent-turn\">\n<div class=\"flex-col gap-1 md:gap-3\">\n<div class=\"flex max-w-full flex-col flex-grow\">\n<div class=\"min-h-8 text-message flex w-full flex-col items-end gap-2 whitespace-normal break-words [.text-message+&amp;]:mt-5\" dir=\"auto\" data-message-author-role=\"assistant\" data-message-id=\"a02427e8-f19f-4ec5-8858-f4cd1e288d65\" data-message-model-slug=\"gpt-4o-mini\">\n<div class=\"flex w-full flex-col gap-1 empty:hidden first:pt-[3px]\">\n<div class=\"markdown prose w-full break-words dark:prose-invert light\">\n<h3><strong>Ajax Smart Bracket Monteringsf\u00e4ste IR Detektor Svart<\/strong> erbjuder en enkel och flexibel l\u00f6sning f\u00f6r att installera IR-detektorer inom Ajax s\u00e4kerhetssystem.<\/h3>\n<p>Detta f\u00e4ste g\u00f6r det m\u00f6jligt att montera detektorn p\u00e5 en vertikal yta eller i ett h\u00f6rn, vilket g\u00f6r installationen snabb och effektiv, och s\u00e4kerst\u00e4ller optimal detektering och signalstyrka.<\/p>\n<p><strong>Installationen \u00c4r L\u00e4tt och Flexibel<\/strong><br \/>\nF\u00f6r att installera IR-detektorn med Ajax Smart Bracket, b\u00f6rja med att ta bort monteringspanelen fr\u00e5n detektorn.<\/p>\n<p>Panelen kan sedan f\u00e4stas p\u00e5 en vertikal yta eller i ett h\u00f6rn av rummet med hj\u00e4lp av dubbelh\u00e4ftande tejp eller andra tillf\u00e4lliga f\u00e4sten.<\/p>\n<p>Den rekommenderade installationsh\u00f6jden \u00e4r 2,4 meter f\u00f6r att s\u00e4kerst\u00e4lla b\u00e4sta detektion och signalstyrka.<\/p>\n<p>F\u00f6r att ytterligare optimera installationsplatsen rekommenderas det att k\u00f6ra signalstyrketester f\u00f6r att s\u00e4kerst\u00e4lla att systemet fungerar stabilt, vilket g\u00f6r att eventuella justeringar kan g\u00f6ras vid behov.<\/p>\n<p><strong>Optimerad Signalstyrka och Detektionszon<\/strong><br \/>\nEn av de viktigaste funktionerna med Ajax Smart Bracket \u00e4r m\u00f6jligheten att testa och justera signalstyrkan f\u00f6r att s\u00e4kerst\u00e4lla att din IR-detektor fungerar som den ska.<\/p>\n<p>Den rekommenderade signalstyrkan ska vara tv\u00e5 eller tre staplar p\u00e5 din enhet. Om signalstyrkan \u00e4r f\u00f6r l\u00e5g kan en enkel ompositionering av enheten f\u00f6rb\u00e4ttra signalmottagningen avsev\u00e4rt.<\/p>\n<p>I vissa fall, om signalen fortfarande \u00e4r l\u00e5g eller instabil efter ompositionering, kan en ReX 2 radiosignalavst\u00e5ndsf\u00f6rl\u00e4ngare anv\u00e4ndas f\u00f6r att f\u00f6rb\u00e4ttra r\u00e4ckvidden och stabiliteten.<\/p>\n<p><strong>Justerbar Detektionszon f\u00f6r B\u00e4ttre T\u00e4ckt Omr\u00e5de<\/strong><br \/>\nMonteringsf\u00e4stet g\u00f6r det enkelt att justera detektionszonen f\u00f6r IR-detektorer.<\/p>\n<p>Genom att g\u00f6ra detta kan du se till att omr\u00e5det t\u00e4cks effektivt och att inga hinder blockerar siktlinjen f\u00f6r detektorn. Om detektorn inte reagerar p\u00e5 r\u00f6relse under tester, rekommenderas det att flytta enheten till en b\u00e4ttre plats.<\/p>\n<p><strong>Robust och P\u00e5litlig Montering<\/strong><br \/>\nSmart Bracket \u00e4r designad f\u00f6r att ge p\u00e5litlig och s\u00e4ker montering av din IR-detektor.<\/p>\n<p>Med f\u00e4sten f\u00f6r skruvar och perforerade h\u00e5l f\u00f6r installation, s\u00e4kerst\u00e4lls att enheten \u00e4r fastsatt ordentligt och h\u00e5llbart.<\/p>\n<p>Monteringspanelen \u00e4r byggd f\u00f6r att vara enkel att installera och samtidigt stabil och s\u00e4ker.<\/p>\n<p>F\u00e4stningarna kan g\u00f6ras med de medf\u00f6ljande skruvarna, vilket s\u00e4kerst\u00e4ller en l\u00e5ngvarig och s\u00e4ker installation.<\/p>\n<p><strong>Kompatibilitet och Enkel Anv\u00e4ndning<\/strong><br \/>\nSmart Bracket \u00e4r kompatibelt med Ajax r\u00f6relsedetektorer och andra kameror som anv\u00e4nder Jeweller och Wings-protokollen f\u00f6r kommunikation, vilket g\u00f6r installationen smidig och problemfri.<\/p>\n<p>Den anv\u00e4ndarv\u00e4nliga installationen g\u00f6r det enkelt f\u00f6r alla anv\u00e4ndare att st\u00e4lla in och b\u00f6rja anv\u00e4nda Ajax s\u00e4kerhetssystemet utan kr\u00e5ngel.<\/p>\n<p><strong>Specifikationer<\/strong>:<\/p>\n<ul>\n<li><strong>Kompatibilitet<\/strong>: IR-detektorer och kameror som anv\u00e4nder Jeweller\/Wings-protokollen<\/li>\n<li><strong>Material<\/strong>: Plast<\/li>\n<li><strong>F\u00e4rg<\/strong>: Svart<\/li>\n<li><strong>Installationsh\u00f6jd<\/strong>: Rekommenderad h\u00f6jd 2,4 meter<\/li>\n<li><strong>Montering<\/strong>: Vertikal yta eller h\u00f6rn<\/li>\n<li><strong>Signalstyrka<\/strong>: Justerbar f\u00f6r optimal kommunikation<\/li>\n<li><strong>Installation<\/strong>: Enkel att installera med skruvar eller dubbelh\u00e4ftande tejp<\/li>\n<\/ul>\n<p><strong>F\u00f6rpackningen Inneh\u00e5ller<\/strong>:<\/p>\n<ul>\n<li>1 x Ajax Smart Bracket Monteringsf\u00e4ste IR Detektor<\/li>\n<li>Skruvar f\u00f6r installation<\/li>\n<li>Snabbstartsguide<\/li>\n<\/ul>\n<p><strong>Slutsats<\/strong>:<br \/>\nMed <strong>Ajax Smart Bracket Monteringsf\u00e4ste IR Detektor Svart<\/strong> f\u00e5r du en flexibel och p\u00e5litlig l\u00f6sning f\u00f6r att installera Ajax IR-detektorer och kameror.<\/p>\n<p>Det g\u00f6r det m\u00f6jligt f\u00f6r anv\u00e4ndare att snabbt installera och justera sina enheter f\u00f6r optimal prestanda och s\u00e4kerhet.<\/p>\n<p>Med enkel installation, justerbar signalstyrka och s\u00e4ker montering, s\u00e4kerst\u00e4ller Ajax Smart Bracket att ditt s\u00e4kerhetssystem fungerar effektivt och stabilt.<\/p>\n<\/div>\n<\/div>\n<\/div>\n<\/div>\n<div class=\"mb-2 flex gap-3 empty:hidden -ml-2\">\n<div class=\"items-center justify-start rounded-xl p-1 flex\">\n<div class=\"flex items-center\"><\/div>\n<\/div>\n<\/div>\n<\/div>\n<\/div>\n<\/div>\n<\/div>\n<\/article>\n<\/div>\n<\/div>\n<\/div>\n<\/div>\n<\/div>\n<p>&nbsp;<\/p>\n","protected":false},"excerpt":{"rendered":"<p>El soporte de montaje inteligente Ajax para detector de infrarrojos negro hace que la instalaci\u00f3n de los detectores de infrarrojos Ajax sea sencilla y segura.<\/p>\n<p>Con una instalaci\u00f3n ajustable en una superficie vertical o en una esquina y una intensidad de se\u00f1al mejorada, este soporte de montaje es una soluci\u00f3n confiable para todos los usuarios de Ajax.<\/p>","protected":false},"featured_media":0,"template":"","meta":{"_acf_changed":false},"product_brand":[],"product_cat":[3128],"product_tag":[],"class_list":{"0":"post-81570","1":"product","2":"type-product","3":"status-publish","5":"product_cat-ajax-reservdelar-fasten","6":"product_shipping_class-postnord-varubrev","7":"pa_brands-ajax-systems","8":"pa_color-svart","9":"pa_farg-svart","10":"tm-no-options","12":"first","13":"instock","14":"sale","15":"featured","16":"taxable","17":"shipping-taxable","18":"purchasable","19":"product-type-simple"},"acf":[],"_links":{"self":[{"href":"https:\/\/secureus.se\/es\/wp-json\/wp\/v2\/product\/81570","targetHints":{"allow":["GET"]}}],"collection":[{"href":"https:\/\/secureus.se\/es\/wp-json\/wp\/v2\/product"}],"about":[{"href":"https:\/\/secureus.se\/es\/wp-json\/wp\/v2\/types\/product"}],"wp:attachment":[{"href":"https:\/\/secureus.se\/es\/wp-json\/wp\/v2\/media?parent=81570"}],"wp:term":[{"taxonomy":"product_brand","embeddable":true,"href":"https:\/\/secureus.se\/es\/wp-json\/wp\/v2\/product_brand?post=81570"},{"taxonomy":"product_cat","embeddable":true,"href":"https:\/\/secureus.se\/es\/wp-json\/wp\/v2\/product_cat?post=81570"},{"taxonomy":"product_tag","embeddable":true,"href":"https:\/\/secureus.se\/es\/wp-json\/wp\/v2\/product_tag?post=81570"}],"curies":[{"name":"wp","href":"https:\/\/api.w.org\/{rel}","templated":true}]}}