{"id":81655,"date":"2022-12-27T14:19:51","date_gmt":"2022-12-27T13:19:51","guid":{"rendered":"https:\/\/secureus.se\/?post_type=product&#038;p=81655"},"modified":"2026-03-30T12:19:33","modified_gmt":"2026-03-30T10:19:33","slug":"ajax-motionprotect-outdoor","status":"publish","type":"product","link":"https:\/\/secureus.se\/es\/ajax-motionprotect-outdoor\/","title":{"rendered":"Detector de infrarrojos para exteriores Ajax MotionProtect \u2013 Uso en exteriores \u2013 IP55"},"content":{"rendered":"<h3><strong>Proteja su espacio exterior con Ajax MotionProtect Outdoor<\/strong><\/h3>\n<p>Para garantizar una seguridad eficaz para su hogar o negocio, es fundamental proteger las \u00e1reas exteriores contra intrusiones.<\/p>\n<p>Ajax MotionProtect Outdoor es la soluci\u00f3n perfecta para mantener un alto nivel de seguridad en exteriores, con tecnolog\u00eda y dise\u00f1o avanzados que garantizan una detecci\u00f3n de movimiento confiable sin falsas alarmas.<\/p>\n<p><strong>Algoritmo de dos pasos para la tecnolog\u00eda de falsas alarmas<\/strong><\/p>\n<p>Uno de los mayores desaf\u00edos al utilizar detectores de movimiento en exteriores es poder distinguir entre amenazas reales y se\u00f1ales falsas.<\/p>\n<p>Para resolver este problema, Ajax MotionProtect Outdoor ha desarrollado un algoritmo \u00fanico de dos etapas que utiliza dos sensores PIR y LISA (algoritmo de an\u00e1lisis de se\u00f1al) para analizar y filtrar con precisi\u00f3n las falsas alarmas.<\/p>\n<p>Esto garantiza que s\u00f3lo recibir\u00e1 alertas cuando exista una amenaza real, como la presencia de un intruso.<\/p>\n<p><strong>Detecci\u00f3n inteligente de manipulaci\u00f3n y antienmascaramiento<\/strong><\/p>\n<p>Para evitar que el dispositivo pueda ser manipulado o bloqueado, Ajax MotionProtect Outdoor est\u00e1 equipado con un sistema antienmascaramiento inteligente.<\/p>\n<p>Este sistema detecta si alguien intenta tapar el sensor o interferir de cualquier otra forma con su funcionamiento. Si ocurre tal manipulaci\u00f3n, el dispositivo env\u00eda inmediatamente una alarma, permiti\u00e9ndole tomar medidas r\u00e1pidamente para proteger su propiedad.<\/p>\n<p><strong>Inmunidad y sensibilidad adaptativa de las mascotas<\/strong><\/p>\n<p>MotionProtect Outdoor tambi\u00e9n est\u00e1 equipado con inmunidad a mascotas, lo que significa que el dispositivo no se activar\u00e1 si hay animales peque\u00f1os que se muevan en su propiedad.<\/p>\n<p>El dispositivo tiene una sensibilidad ajustable con tres niveles que se pueden personalizar para optimizar la detecci\u00f3n seg\u00fan sus necesidades y entornos espec\u00edficos. La distancia de detecci\u00f3n de movimiento se puede configurar entre 3 y 15 metros, lo que le permite cubrir grandes \u00e1reas de manera efectiva.<\/p>\n<p><strong>Bater\u00eda de larga duraci\u00f3n y f\u00e1cil instalaci\u00f3n<\/strong><\/p>\n<p>Otra gran ventaja de Ajax MotionProtect Outdoor es la larga duraci\u00f3n de la bater\u00eda. El dispositivo utiliza dos bater\u00edas CR123A preinstaladas que pueden durar hasta 5 a\u00f1os, lo que le permite instalarlo y olvidarse de \u00e9l sin tener que cambiar las bater\u00edas con frecuencia.<\/p>\n<p>La instalaci\u00f3n es sencilla y r\u00e1pida utilizando el panel de montaje SmartBracket y, al escanear el c\u00f3digo QR con la aplicaci\u00f3n Ajax, puede poner en funcionamiento r\u00e1pidamente su detector.<\/p>\n<p><strong>Comunicaci\u00f3n de alta calidad con Ajax Hub<\/strong><\/p>\n<p>Utilizando el protocolo de radio Jeweller, MotionProtect Outdoor mantiene una comunicaci\u00f3n estable con el Ajax Hub.<\/p>\n<p>El alcance inal\u00e1mbrico es de hasta 1700 metros en terreno abierto, lo que permite instalar el detector en partes remotas de su propiedad sin perder la conexi\u00f3n.<\/p>\n<p>Las alarmas se entregan en menos de 0,15 segundos, lo que garantiza una respuesta r\u00e1pida a la intrusi\u00f3n.<\/p>\n<p><strong>Dise\u00f1o resistente a la intemperie y duradero<\/strong><\/p>\n<p>Ajax MotionProtect Outdoor est\u00e1 dise\u00f1ado para soportar todas las condiciones clim\u00e1ticas, desde fr\u00edo extremo hasta calor.<\/p>\n<p>Funciona a temperaturas entre -25\u00b0C y +60\u00b0C y tiene un grado de protecci\u00f3n IP55 que protege contra el polvo y las salpicaduras de agua.<\/p>\n<p>Esto lo hace perfecto para usar en entornos al aire libre, ya sea un d\u00eda lluvioso o durante una ola de calor soleada.<\/p>\n<p><strong>Especificaciones t\u00e9cnicas:<\/strong><\/p>\n<ul>\n<li><strong>Tipo de detector:<\/strong> Detector de movimiento inal\u00e1mbrico para uso exterior<\/li>\n<li><strong>Sensores:<\/strong> Dos sensores PIR<\/li>\n<li><strong>Distancia de detecci\u00f3n de movimiento:<\/strong> Ajustable, hasta 3\u201315 m<\/li>\n<li><strong>\u00c1ngulo de detecci\u00f3n:<\/strong> 90\u00b0 horizontales<\/li>\n<li><strong>Sensibilidad:<\/strong> Ajustable en 3 niveles<\/li>\n<li><strong>Inmunidad de las mascotas:<\/strong> S\u00ed, hasta 80 cm de altura.<\/li>\n<li><strong>Antienmascaramiento:<\/strong> S\u00ed, sistema inteligente<\/li>\n<li><strong>Fuente de alimentaci\u00f3n:<\/strong> 2 pilas CR123A (preinstaladas)<\/li>\n<li><strong>Duraci\u00f3n de la bater\u00eda:<\/strong> Hasta 5 a\u00f1os<\/li>\n<li><strong>\u00c1rea de comunicaci\u00f3n:<\/strong> Hasta 1700 millas de terreno libre<\/li>\n<li><strong>Clase de protecci\u00f3n:<\/strong> IP55 (uso en exteriores)<\/li>\n<li><strong>Temperatura de funcionamiento:<\/strong> -25\u00b0C a +60\u00b0C<\/li>\n<li><strong>Humedad:<\/strong> Hasta 95%<\/li>\n<li><strong>Protocolo de comunicaci\u00f3n:<\/strong> Joyero<\/li>\n<li><strong>Altura de montaje:<\/strong> Recomendado 0,8\u20131,3 m<\/li>\n<li><strong>Dimensiones:<\/strong> 183 \u00d7 70 \u00d7 65 mm<\/li>\n<li><strong>Peso:<\/strong> 322 gramos<\/li>\n<\/ul>\n<p><strong>Contenido del paquete:<\/strong><\/p>\n<ul>\n<li>Detector de movimiento para exteriores Ajax MotionProtect<\/li>\n<li>Panel de montaje SmartBracket<\/li>\n<li>2 pilas CR123A (preinstaladas)<\/li>\n<li>Kit de instalaci\u00f3n<\/li>\n<li>Manual de usuario<\/li>\n<\/ul>\n<p><strong>Conclusi\u00f3n:<\/strong><\/p>\n<p>Ajax MotionProtect Outdoor es la mejor opci\u00f3n para proteger su hogar o negocio contra intrusiones exteriores.<\/p>\n<p>Con funciones avanzadas como algoritmo de falsa alarma de dos etapas, antienmascaramiento e inmunidad a mascotas, este detector de movimiento inal\u00e1mbrico proporciona seguridad confiable y precisa.<\/p>\n<p>Su bater\u00eda de larga duraci\u00f3n, su f\u00e1cil instalaci\u00f3n y su dise\u00f1o duradero lo convierten en la opci\u00f3n perfecta para soluciones de seguridad privadas y comerciales.<\/p>","protected":false},"excerpt":{"rendered":"<p>Ajax MotionProtect Outdoor es un detector de movimiento inal\u00e1mbrico para uso en exteriores, dise\u00f1ado para proteger eficazmente su hogar o negocio.<\/p>\n<p>Con tecnolog\u00eda avanzada de falsas alarmas, antienmascaramiento y una bater\u00eda de larga duraci\u00f3n de hasta 5 a\u00f1os, proporciona seguridad confiable para \u00e1reas al aire libre.<\/p>","protected":false},"featured_media":159005,"template":"","meta":{"_acf_changed":false},"product_brand":[],"product_cat":[3157,1319,3156],"product_tag":[3152,3127,2137,4863],"class_list":{"0":"post-81655","1":"product","2":"type-product","3":"status-publish","4":"has-post-thumbnail","6":"product_cat-utomhussakerhet","7":"product_cat-ajax-larm","8":"product_cat-rorelse-och-kamera","9":"product_tag-cr123-tillbehor","10":"product_tag-kontrollprodukt","11":"product_tag-lager-ajax","12":"product_tag-pf","13":"product_shipping_class-postnord-varubrev","14":"pa_brands-ajax-systems","15":"pa_color-vit","16":"pa_farg-vit","17":"tm-no-options","19":"first","20":"instock","21":"sale","22":"featured","23":"taxable","24":"shipping-taxable","25":"purchasable","26":"product-type-simple"},"acf":[],"_links":{"self":[{"href":"https:\/\/secureus.se\/es\/wp-json\/wp\/v2\/product\/81655","targetHints":{"allow":["GET"]}}],"collection":[{"href":"https:\/\/secureus.se\/es\/wp-json\/wp\/v2\/product"}],"about":[{"href":"https:\/\/secureus.se\/es\/wp-json\/wp\/v2\/types\/product"}],"wp:featuredmedia":[{"embeddable":true,"href":"https:\/\/secureus.se\/es\/wp-json\/wp\/v2\/media\/159005"}],"wp:attachment":[{"href":"https:\/\/secureus.se\/es\/wp-json\/wp\/v2\/media?parent=81655"}],"wp:term":[{"taxonomy":"product_brand","embeddable":true,"href":"https:\/\/secureus.se\/es\/wp-json\/wp\/v2\/product_brand?post=81655"},{"taxonomy":"product_cat","embeddable":true,"href":"https:\/\/secureus.se\/es\/wp-json\/wp\/v2\/product_cat?post=81655"},{"taxonomy":"product_tag","embeddable":true,"href":"https:\/\/secureus.se\/es\/wp-json\/wp\/v2\/product_tag?post=81655"}],"curies":[{"name":"wp","href":"https:\/\/api.w.org\/{rel}","templated":true}]}}