{"id":81676,"date":"2022-11-28T11:05:23","date_gmt":"2022-11-28T10:05:23","guid":{"rendered":"https:\/\/secureus.se\/produkt\/ajax-hub2plus-vit-centralapparat-med-ethernet-lan-samt-wifi-och-4g\/"},"modified":"2026-04-02T10:43:32","modified_gmt":"2026-04-02T08:43:32","slug":"ajax-hub-2-plus-eth-wifi-4g-vit","status":"publish","type":"product","link":"https:\/\/secureus.se\/es\/ajax-hub-2-plus-eth-wifi-4g-vit\/","title":{"rendered":"Ajax Hub 2 Plus Blanco - Unidad central (4G, WiFi, Ethernet)"},"content":{"rendered":"<h3><strong>Ajax Hub 2 Plus Wi-Fi 4G<\/strong> es la \u00faltima innovaci\u00f3n de Ajax Systems y una elecci\u00f3n perfecta para cualquiera que busque un centro de seguridad potente y confiable para su hogar o negocio.<\/h3>\n<p>Esta unidad central est\u00e1 equipada con caracter\u00edsticas de alto rendimiento que la convierten en una parte indispensable de su sistema de seguridad.<\/p>\n<p><strong>Alcance y conectividad inal\u00e1mbrica<\/strong><br \/>\nCon un impresionante alcance inal\u00e1mbrico de hasta 2000 metros, el Ajax Hub 2 Plus puede comunicarse de manera efectiva con todos los dispositivos conectados, incluso si est\u00e1n en varios pisos o en edificios separados.<\/p>\n<p>El dispositivo se puede conectar a hasta cinco unidades ReX (repetidoras) para garantizar que la se\u00f1al llegue a todas partes. Esto hace que Hub 2 Plus sea la opci\u00f3n \u00f3ptima tanto para locales residenciales como para locales comerciales de mayor tama\u00f1o.<\/p>\n<p><strong>Integraci\u00f3n de c\u00e1maras y vigilancia<\/strong><br \/>\nAdem\u00e1s de gestionar dispositivos de seguridad como detectores de movimiento y sensores de puertas, el Hub 2 Plus tambi\u00e9n puede integrar c\u00e1maras y NVR (grabadores de v\u00eddeo en red) de varios fabricantes como Ezviz y Hikvision.<\/p>\n<p>Puede administrar hasta 100 c\u00e1maras simult\u00e1neamente y obtener instant\u00e1neas en caso de alarma. Esta caracter\u00edstica ofrece gran flexibilidad y permite monitorizar f\u00e1cilmente su \u00e1rea.<\/p>\n<p><strong>Comunicaci\u00f3n estable y seguridad<\/strong><br \/>\nAjax Hub 2 Plus utiliza la exclusiva tecnolog\u00eda de Ajax <strong>Joyero<\/strong> y <strong>Alas<\/strong> Protocolo de comunicaci\u00f3n por radio, que garantiza una comunicaci\u00f3n r\u00e1pida y segura entre todos los dispositivos del sistema.<\/p>\n<p>Adem\u00e1s, garantiza <strong>Sistema operativo. Mal\u00e9vich<\/strong>, el sistema operativo en tiempo real, que el dispositivo es estable, inmune a virus y protegido contra ciberataques.<\/p>\n<p>El sistema operativo tambi\u00e9n permite actualizaciones inal\u00e1mbricas, lo que mantiene su sistema actualizado y seguro.<\/p>\n<p><strong>Monitoreo y automatizaci\u00f3n remotos<\/strong><br \/>\nCon <strong>Seguridad Ajax<\/strong> y <strong>Ajax PRO<\/strong> Aplicaciones que le permiten supervisar y configurar f\u00e1cilmente todo el sistema a trav\u00e9s de su tel\u00e9fono inteligente o computadora.<\/p>\n<p>El sistema permite automatizar las medidas de seguridad a trav\u00e9s de <strong>escenarios<\/strong>, como encender luces o cortar el suministro de agua en caso de alarma, lo que le permite personalizar la seguridad seg\u00fan sus necesidades.<\/p>\n<p><strong>Protecci\u00f3n ininterrumpida con respaldo<\/strong><br \/>\nEl Hub 2 Plus tiene un sistema integrado <strong>bater\u00eda de respaldo<\/strong> de 3 Ah, lo que significa que sigue funcionando incluso durante un corte de energ\u00eda.<\/p>\n<p>Esto garantiza que su sistema est\u00e9 protegido las 24 horas del d\u00eda, los 7 d\u00edas de la semana. En caso de intento de sabotaje, usted ser\u00e1 advertido inmediatamente a trav\u00e9s de la aplicaci\u00f3n y recibir\u00e1 una notificaci\u00f3n sobre el incidente.<\/p>\n<p><strong>Especificaciones t\u00e9cnicas<\/strong>:<\/p>\n<ul>\n<li><strong>Comunicaci\u00f3n<\/strong>:LAN, Wi-Fi, 4G<\/li>\n<li><strong>Alcance inal\u00e1mbrico<\/strong>:Hasta 2000 metros<\/li>\n<li><strong>Usuario<\/strong>:Hasta 200<\/li>\n<li><strong>Unidades<\/strong>:Hasta 200<\/li>\n<li><strong>Transmisi\u00f3n de c\u00e1mara<\/strong>:Hasta 100 c\u00e1maras o NVR\n<div><\/div>\n<\/li>\n<li><strong>Escenarios<\/strong>:Hasta 64<\/li>\n<li><strong>Protocolo de alarma<\/strong>: Sur-Gard (ID de contacto), SIA (DC-09)<\/li>\n<li><strong>Tarjeta SIM<\/strong>: 2 piezas (2G, 3G, 4G)<\/li>\n<li><strong>Fuente de alimentaci\u00f3n<\/strong>:110-240 V, 50\/60 Hz<\/li>\n<li><strong>Bater\u00eda de respaldo<\/strong>:Li-Ion 3Ah, hasta 16 horas<\/li>\n<li><strong>Rango de temperatura y humedad<\/strong>:-10 \u00b0C a +40 \u00b0C, 75%<\/li>\n<li><strong>Clasificaci\u00f3n IP<\/strong>:IP50<\/li>\n<\/ul>\n<p><strong>El paquete contiene<\/strong>:<\/p>\n<ul>\n<li>Hub 2 Plus<\/li>\n<li>Cable de alimentaci\u00f3n<\/li>\n<li>Cable de red<\/li>\n<li>Bater\u00eda de respaldo<\/li>\n<\/ul>\n<p><strong>Conexi\u00f3n vers\u00e1til<br \/>\n<\/strong>Hub 2 Plus admite conectividad a trav\u00e9s de LAN, WiFi y 4G, proporcionando flexibilidad y confiabilidad en la comunicaci\u00f3n con el mundo exterior. Puedes conectarlo a diferentes proveedores de Internet y garantizar una comunicaci\u00f3n constante.<\/p>\n<p><strong>Verificaci\u00f3n r\u00e1pida de alarma con foto<br \/>\n<\/strong>En caso de alarma, el Hub 2 Plus puede enviar una serie de im\u00e1genes desde los detectores MotionCam en solo 9 segundos. Esto le permite evaluar r\u00e1pidamente la situaci\u00f3n y transmitir informaci\u00f3n precisa al centro de monitoreo.<\/p>\n<p><strong>Instalaci\u00f3n s\u00faper f\u00e1cil<br \/>\n<\/strong>Para instalar esta alarma avanzada y disfrutar de una seguridad incomparable, descargue la aplicaci\u00f3n Ajax Systems y escanee los c\u00f3digos QR en los dispositivos. Con Hub 2 Plus, usted toma el control de su seguridad, dondequiera que est\u00e9, y obtiene verificaci\u00f3n de alarma instant\u00e1nea con una velocidad y precisi\u00f3n impresionantes.<\/p>","protected":false},"excerpt":{"rendered":"<p>El Ajax Hub 2 Plus WiFi Ethernet y 4G es la unidad central avanzada para su sistema de seguridad, que ofrece un excelente alcance inal\u00e1mbrico, integraci\u00f3n de c\u00e1maras y comunicaci\u00f3n ininterrumpida, ideal tanto para el hogar como para el negocio.<\/p>","protected":false},"featured_media":152095,"template":"","meta":{"_acf_changed":false},"product_brand":[],"product_cat":[3154,1319],"product_tag":[3850,3127,2137,4863],"class_list":{"0":"post-81676","1":"product","2":"type-product","3":"status-publish","4":"has-post-thumbnail","6":"product_cat-centralenheter","7":"product_cat-ajax-larm","8":"product_tag-bastsaljare","9":"product_tag-kontrollprodukt","10":"product_tag-lager-ajax","11":"product_tag-pf","12":"product_shipping_class-postnord-varubrev","13":"pa_brands-ajax-systems","14":"pa_color-vit","15":"pa_farg-vit","16":"tm-no-options","18":"first","19":"instock","20":"sale","21":"featured","22":"taxable","23":"shipping-taxable","24":"purchasable","25":"product-type-simple"},"acf":[],"_links":{"self":[{"href":"https:\/\/secureus.se\/es\/wp-json\/wp\/v2\/product\/81676","targetHints":{"allow":["GET"]}}],"collection":[{"href":"https:\/\/secureus.se\/es\/wp-json\/wp\/v2\/product"}],"about":[{"href":"https:\/\/secureus.se\/es\/wp-json\/wp\/v2\/types\/product"}],"wp:featuredmedia":[{"embeddable":true,"href":"https:\/\/secureus.se\/es\/wp-json\/wp\/v2\/media\/152095"}],"wp:attachment":[{"href":"https:\/\/secureus.se\/es\/wp-json\/wp\/v2\/media?parent=81676"}],"wp:term":[{"taxonomy":"product_brand","embeddable":true,"href":"https:\/\/secureus.se\/es\/wp-json\/wp\/v2\/product_brand?post=81676"},{"taxonomy":"product_cat","embeddable":true,"href":"https:\/\/secureus.se\/es\/wp-json\/wp\/v2\/product_cat?post=81676"},{"taxonomy":"product_tag","embeddable":true,"href":"https:\/\/secureus.se\/es\/wp-json\/wp\/v2\/product_tag?post=81676"}],"curies":[{"name":"wp","href":"https:\/\/api.w.org\/{rel}","templated":true}]}}