{"id":81767,"date":"2022-11-28T13:13:15","date_gmt":"2022-11-28T12:13:15","guid":{"rendered":"https:\/\/secureus.se\/produkt\/monteringsfaste-magnetkontakt-svart\/"},"modified":"2026-03-10T11:02:37","modified_gmt":"2026-03-10T10:02:37","slug":"ajax-smart-bracket-monteringsfaste-dorrsensor-magnetkontakt-2","status":"publish","type":"product","link":"https:\/\/secureus.se\/es\/ajax-smart-bracket-monteringsfaste-dorrsensor-magnetkontakt-2\/","title":{"rendered":"Soporte inteligente Ajax Pieza de repuesto Soporte de montaje \/ accesorio Sensor de puerta\/contacto magn\u00e9tico negro"},"content":{"rendered":"<h3><strong>Soporte inteligente Ajax Soporte de montaje para sensor de puerta y contacto magn\u00e9tico<\/strong><\/h3>\n<p>Ajax Smart Bracket es un soporte de montaje eficaz y f\u00e1cil de usar, dise\u00f1ado para facilitar la instalaci\u00f3n de sensores de puerta y contactos magn\u00e9ticos Ajax.<\/p>\n<p>Este soporte de montaje le permite conectar sensores de forma r\u00e1pida y sencilla a superficies verticales o esquinas, optimizando la cobertura y garantizando el funcionamiento confiable de su sistema de seguridad Ajax.<\/p>\n<p><strong>F\u00e1cil instalaci\u00f3n y ajuste<\/strong><\/p>\n<p>El soporte de montaje Smart Bracket hace que la instalaci\u00f3n de sensores de puerta y contactos magn\u00e9ticos Ajax sea r\u00e1pida y flexible.<\/p>\n<p>Para instalar el detector, comience quitando el panel del soporte inteligente del detector y f\u00edjelo a la superficie deseada usando cinta de doble cara u otros sujetadores temporales.<\/p>\n<p>La altura de instalaci\u00f3n recomendada es de 2,4 metros, que es la altura \u00f3ptima para garantizar el mejor funcionamiento posible de los sensores.<\/p>\n<p>Una caracter\u00edstica importante es la capacidad de probar la intensidad de la se\u00f1al entre el detector y el concentrador.<\/p>\n<p>A trav\u00e9s de la aplicaci\u00f3n Ajax, puede ejecutar pruebas de intensidad de se\u00f1al para asegurarse de que la se\u00f1al sea lo suficientemente fuerte para una comunicaci\u00f3n estable.<\/p>\n<p>La intensidad de se\u00f1al recomendada debe ser de dos o tres barras. Si la se\u00f1al es m\u00e1s baja, simplemente reposicionar el dispositivo, incluso solo 20 cm, puede mejorar significativamente la intensidad de la se\u00f1al.<\/p>\n<p>Si la intensidad de la se\u00f1al sigue siendo baja o inestable despu\u00e9s del reposicionamiento, se recomienda utilizar ReX 2, un extensor de rango de se\u00f1al de radio.<\/p>\n<p><strong>Ajuste de las zonas de detecci\u00f3n<\/strong><\/p>\n<p>Para optimizar el rango de detecci\u00f3n, puede ejecutar una prueba de zona de detecci\u00f3n.<\/p>\n<p>Caminando por las instalaciones y observando los LED, puede ajustar la zona de detecci\u00f3n del sensor para asegurarse de que responda al movimiento dentro del \u00e1rea deseada.<\/p>\n<p>Los sensores de puerta y contactos magn\u00e9ticos Ajax tienen un rango de detecci\u00f3n m\u00e1ximo de 12 metros, y al probar y ajustar el dispositivo puede asegurarse de obtener una detecci\u00f3n de movimiento precisa y confiable.<\/p>\n<p><strong>Alta flexibilidad y compatibilidad<\/strong><\/p>\n<p>El soporte inteligente est\u00e1 dise\u00f1ado para ser compatible con todos los sensores de puerta y contactos magn\u00e9ticos de Ajax.<\/p>\n<p>El panel de montaje tambi\u00e9n tiene orificios espec\u00edficos que le permiten atornillar la unidad a una superficie segura y estable, y si utiliza otros sujetadores, aseg\u00farese de que no da\u00f1en o deformen el panel de montaje.<\/p>\n<p>El soporte inteligente hace que la instalaci\u00f3n sea m\u00e1s flexible y sencilla, lo que supone una gran ventaja cuando se desea montar sensores en posiciones espec\u00edficas para obtener la mejor cobertura y detecci\u00f3n.<\/p>\n<p><strong>Funci\u00f3n duradera y de larga duraci\u00f3n<\/strong><\/p>\n<p>El soporte inteligente Ajax est\u00e1 fabricado con materiales duraderos que garantizan un uso a largo plazo.<\/p>\n<p>Esto hace que el soporte sea una soluci\u00f3n ideal para sistemas de seguridad privados y comerciales, donde una instalaci\u00f3n estable y confiable es crucial para mantener la seguridad.<\/p>\n<p>El soporte de montaje est\u00e1 dise\u00f1ado para uso en interiores y ofrece una f\u00e1cil instalaci\u00f3n sin afectar la funci\u00f3n ni la seguridad del dispositivo.<\/p>\n<p><strong>Presupuesto:<\/strong><\/p>\n<ul>\n<li><strong>Tipo de accesorio:<\/strong> Soporte de montaje para sensores de puerta y contactos magn\u00e9ticos<\/li>\n<li><strong>Altura de instalaci\u00f3n:<\/strong> Recomendado 2,4 metros<\/li>\n<li><strong>M\u00e9todo de instalaci\u00f3n:<\/strong> Se fija a superficies verticales o esquinas.<\/li>\n<li><strong>Material:<\/strong> Durable y resistente a la intemperie.<\/li>\n<li><strong>Compatibilidad:<\/strong> Compatible con sensores de puerta y contactos magn\u00e9ticos Ajax.<\/li>\n<li><strong>Prueba de intensidad de la se\u00f1al:<\/strong> S\u00ed, con la aplicaci\u00f3n Ajax<\/li>\n<li><strong>Ajuste de la zona de detecci\u00f3n:<\/strong> S\u00ed<\/li>\n<li><strong>Sujetadores:<\/strong> Incluye tornillos y la opci\u00f3n de utilizar otros sujetadores.<\/li>\n<\/ul>\n<p><strong>Conclusi\u00f3n:<\/strong><\/p>\n<p>Ajax Smart Bracket es una soluci\u00f3n pr\u00e1ctica y flexible para instalar sensores de puertas y contactos magn\u00e9ticos Ajax.<\/p>\n<p>Con su f\u00e1cil instalaci\u00f3n, caracter\u00edsticas ajustables y dise\u00f1o duradero, el soporte inteligente proporciona una manera confiable de optimizar su sistema de seguridad para garantizar una detecci\u00f3n precisa y efectiva.<\/p>\n<p>&nbsp;<\/p>\n<p>&nbsp;<\/p>","protected":false},"excerpt":{"rendered":"<p>Ajax Smart Bracket es un soporte de montaje dise\u00f1ado para sensores de puerta y contactos magn\u00e9ticos Ajax.<\/p>\n<p>Este pr\u00e1ctico accesorio facilita la instalaci\u00f3n y el ajuste de sensores en superficies verticales o esquinas, garantizando un funcionamiento confiable y estable de su sistema de seguridad.<\/p>","protected":false},"featured_media":0,"template":"","meta":{"_acf_changed":false},"product_brand":[],"product_cat":[3128],"product_tag":[],"class_list":{"0":"post-81767","1":"product","2":"type-product","3":"status-publish","5":"product_cat-ajax-reservdelar-fasten","6":"product_shipping_class-postnord-varubrev","7":"pa_brands-ajax-systems","8":"pa_color-svart","9":"pa_farg-svart","10":"tm-no-options","12":"first","13":"instock","14":"sale","15":"featured","16":"taxable","17":"shipping-taxable","18":"purchasable","19":"product-type-simple"},"acf":[],"_links":{"self":[{"href":"https:\/\/secureus.se\/es\/wp-json\/wp\/v2\/product\/81767","targetHints":{"allow":["GET"]}}],"collection":[{"href":"https:\/\/secureus.se\/es\/wp-json\/wp\/v2\/product"}],"about":[{"href":"https:\/\/secureus.se\/es\/wp-json\/wp\/v2\/types\/product"}],"wp:attachment":[{"href":"https:\/\/secureus.se\/es\/wp-json\/wp\/v2\/media?parent=81767"}],"wp:term":[{"taxonomy":"product_brand","embeddable":true,"href":"https:\/\/secureus.se\/es\/wp-json\/wp\/v2\/product_brand?post=81767"},{"taxonomy":"product_cat","embeddable":true,"href":"https:\/\/secureus.se\/es\/wp-json\/wp\/v2\/product_cat?post=81767"},{"taxonomy":"product_tag","embeddable":true,"href":"https:\/\/secureus.se\/es\/wp-json\/wp\/v2\/product_tag?post=81767"}],"curies":[{"name":"wp","href":"https:\/\/api.w.org\/{rel}","templated":true}]}}