{"id":81788,"date":"2022-11-28T13:13:05","date_gmt":"2022-11-28T12:13:05","guid":{"rendered":"https:\/\/secureus.se\/produkt\/ajax-motionprotect-plus-svart-kombidetektor-husdjur-12m-tradlos\/"},"modified":"2026-03-30T12:21:31","modified_gmt":"2026-03-30T10:21:31","slug":"ajax-motionprotect-plus-husdjur-svart","status":"publish","type":"product","link":"https:\/\/secureus.se\/es\/ajax-motionprotect-plus-husdjur-svart\/","title":{"rendered":"Ajax MotionProtect Plus - Detector IR\/MV combinado - Inmune a mascotas - Para entornos m\u00e1s duros - Negro"},"content":{"rendered":"<h3><strong>Ajax MotionProtect Plus: el detector de movimiento perfecto para el hogar y la oficina<\/strong><\/h3>\n<p>Ajax MotionProtect Plus es un detector de movimiento inal\u00e1mbrico innovador y confiable que ofrece seguridad superior para su hogar o negocio.<\/p>\n<p>Equipado con un sensor PIR (sensor infrarrojo pasivo) y un sensor de microondas, MotionProtect Plus puede identificar movimiento de manera r\u00e1pida y efectiva, incluso en entornos dif\u00edciles con interferencias como aire acondicionado, llamas abiertas o luces parpadeantes.<\/p>\n<p>Su avanzada tecnolog\u00eda lo convierte en la elecci\u00f3n perfecta para garantizar una detecci\u00f3n confiable y precisa sin causar falsas alarmas.<\/p>\n<p><strong>Tecnolog\u00eda avanzada para una detecci\u00f3n superior<\/strong><\/p>\n<p>MotionProtect Plus combina dos sistemas de detecci\u00f3n (sensores PIR y sensores de microondas) que permiten una gran precisi\u00f3n en la detecci\u00f3n del movimiento humano.<\/p>\n<p>El sensor PIR reacciona a las diferencias de temperatura, mientras que el sensor de microondas filtra las interferencias causadas por el aire acondicionado, las cortinas, el deslumbramiento o los reflejos.<\/p>\n<p>Esta combinaci\u00f3n permite al dispositivo distinguir entre amenazas reales e interferencias potenciales, reduciendo as\u00ed el riesgo de falsas alarmas.<\/p>\n<p><strong>Detecci\u00f3n de seguridad para mascotas<\/strong><\/p>\n<p>Una de las caracter\u00edsticas m\u00e1s notables de MotionProtect Plus es su inmunidad a las mascotas.<\/p>\n<p>Est\u00e1 dise\u00f1ado para ignorar el movimiento de mascotas que pesen hasta 20 kg y midan hasta 50 cm de altura, lo que lo hace perfecto para hogares con animales.<\/p>\n<p>Esto reduce el riesgo de falsas alarmas causadas por mascotas y hace posible utilizar el detector en hogares con mascotas peque\u00f1as y grandes.<\/p>\n<p><strong>Rendimiento confiable y duradero<\/strong><\/p>\n<p>MotionProtect Plus tiene una bater\u00eda de larga duraci\u00f3n de hasta 5 a\u00f1os, lo que le permite instalarlo y olvidarse de \u00e9l sin tener que cambiar las bater\u00edas con frecuencia.<\/p>\n<p>El detector tambi\u00e9n est\u00e1 equipado con una gesti\u00f3n de energ\u00eda avanzada, lo que lo hace duradero y confiable a largo plazo.<\/p>\n<p>Es compatible con todos los concentradores Ajax y funciona perfectamente con el resto del sistema de seguridad para brindar una protecci\u00f3n integral.<\/p>\n<p><strong>Comunicaci\u00f3n segura y protecci\u00f3n contra manipulaciones<\/strong><\/p>\n<p>Para garantizar que su seguridad no se vea comprometida por interferencias, MotionProtect Plus utiliza la tecnolog\u00eda de radio Jeweler de Ajax.<\/p>\n<p>Esto le permite comunicarse eficazmente con el concentrador Ajax y otros dispositivos, incluso a distancia.<\/p>\n<p>Tambi\u00e9n est\u00e1 equipado con un sistema de detecci\u00f3n de sabotaje e interferencias que hace sonar inmediatamente una alarma si alguien intenta manipular el dispositivo.<\/p>\n<p>Toda comunicaci\u00f3n est\u00e1 encriptada con el algoritmo AES, lo que significa que el sistema est\u00e1 protegido contra accesos no autorizados y escuchas ilegales.<\/p>\n<p><strong>Instalaci\u00f3n y configuraci\u00f3n<\/strong><\/p>\n<p>Ajax MotionProtect Plus es f\u00e1cil de instalar y configurar. Viene con una bater\u00eda CR123A preinstalada y se puede conectar r\u00e1pidamente al sistema a trav\u00e9s de la aplicaci\u00f3n Ajax escaneando el c\u00f3digo QR.<\/p>\n<p>Al utilizar el panel de montaje SmartBracket, la unidad se puede fijar a una superficie vertical o en una esquina, lo que hace que la instalaci\u00f3n sea r\u00e1pida y flexible.<\/p>\n<p>Para garantizar el mejor rendimiento posible, tambi\u00e9n puede realizar pruebas de intensidad de la se\u00f1al y ajustar la zona de detecci\u00f3n del detector.<\/p>\n<p><strong>Especificaciones t\u00e9cnicas:<\/strong><\/p>\n<ul>\n<li><strong>Tipo de detector:<\/strong> Detector combinado inal\u00e1mbrico con sensor PIR y microondas<\/li>\n<li><strong>Distancia de detecci\u00f3n de movimiento:<\/strong> Hasta 12 metros<\/li>\n<li><strong>\u00c1ngulos de detecci\u00f3n:<\/strong> Horizontal \u2013 88,5\u00b0, Vertical \u2013 80\u00b0<\/li>\n<li><strong>Hora de entrega de la alarma:<\/strong> 0,15 segundos<\/li>\n<li><strong>Sensibilidad:<\/strong> Ajustable, 3 niveles<\/li>\n<li><strong>Seguridad de las mascotas:<\/strong> Hasta 20 kg, altura hasta 50 cm.<\/li>\n<li><strong>Fuente de alimentaci\u00f3n:<\/strong> Bater\u00eda CR123A (preinstalada)<\/li>\n<li><strong>Duraci\u00f3n de la bater\u00eda:<\/strong> Hasta 5 a\u00f1os<\/li>\n<li><strong>Protocolo de comunicaci\u00f3n:<\/strong> Joyero<\/li>\n<li><strong>Temperatura de funcionamiento:<\/strong> \u221210\u00b0C a +40\u00b0C<\/li>\n<li><strong>Humedad:<\/strong> Hasta 75%<\/li>\n<li><strong>Dimensiones:<\/strong> 110 \u00d7 65 \u00d7 50 mm<\/li>\n<li><strong>Peso:<\/strong> 96 gramos<\/li>\n<\/ul>\n<p><strong>Contenido del paquete:<\/strong><\/p>\n<ul>\n<li>Detector de movimiento MotionProtect Plus<\/li>\n<li>Panel de montaje SmartBracket<\/li>\n<li>Bater\u00eda CR123A (preinstalada)<\/li>\n<li>Kit de instalaci\u00f3n<\/li>\n<li>Manual de usuario<\/li>\n<\/ul>\n<p><strong>Conclusi\u00f3n:<\/strong><\/p>\n<p>Ajax MotionProtect Plus es una soluci\u00f3n confiable y flexible para garantizar la detecci\u00f3n de movimiento y la inmunidad a las mascotas en su hogar o negocio.<\/p>\n<p>Con sus funciones avanzadas, bater\u00eda de larga duraci\u00f3n y protocolos de seguridad robustos, proporciona una protecci\u00f3n eficaz y duradera contra intrusos.<\/p>\n<p>Al filtrar las interferencias e ignorar las mascotas, MotionProtect Plus proporciona una detecci\u00f3n precisa y confiable para todo tipo de entornos.<\/p>","protected":false},"excerpt":{"rendered":"<p>Ajax MotionProtect Plus es un detector combinado inal\u00e1mbrico avanzado con sensor de microondas e inmunidad a mascotas.<\/p>\n<p>Detecta movimiento y filtra las interferencias del aire acondicionado y el parpadeo de la luz, con un alcance de hasta 12 metros.<\/p>","protected":false},"featured_media":155439,"template":"","meta":{"_acf_changed":false},"product_brand":[],"product_cat":[3156,1319],"product_tag":[3152,3127,4863],"class_list":{"0":"post-81788","1":"product","2":"type-product","3":"status-publish","4":"has-post-thumbnail","6":"product_cat-rorelse-och-kamera","7":"product_cat-ajax-larm","8":"product_tag-cr123-tillbehor","9":"product_tag-kontrollprodukt","10":"product_tag-pf","11":"product_shipping_class-postnord-varubrev","12":"pa_brands-ajax-systems","13":"pa_color-svart","14":"pa_farg-vit","15":"tm-no-options","17":"first","18":"instock","19":"sale","20":"featured","21":"taxable","22":"shipping-taxable","23":"purchasable","24":"product-type-simple"},"acf":[],"_links":{"self":[{"href":"https:\/\/secureus.se\/es\/wp-json\/wp\/v2\/product\/81788","targetHints":{"allow":["GET"]}}],"collection":[{"href":"https:\/\/secureus.se\/es\/wp-json\/wp\/v2\/product"}],"about":[{"href":"https:\/\/secureus.se\/es\/wp-json\/wp\/v2\/types\/product"}],"wp:featuredmedia":[{"embeddable":true,"href":"https:\/\/secureus.se\/es\/wp-json\/wp\/v2\/media\/155439"}],"wp:attachment":[{"href":"https:\/\/secureus.se\/es\/wp-json\/wp\/v2\/media?parent=81788"}],"wp:term":[{"taxonomy":"product_brand","embeddable":true,"href":"https:\/\/secureus.se\/es\/wp-json\/wp\/v2\/product_brand?post=81788"},{"taxonomy":"product_cat","embeddable":true,"href":"https:\/\/secureus.se\/es\/wp-json\/wp\/v2\/product_cat?post=81788"},{"taxonomy":"product_tag","embeddable":true,"href":"https:\/\/secureus.se\/es\/wp-json\/wp\/v2\/product_tag?post=81788"}],"curies":[{"name":"wp","href":"https:\/\/api.w.org\/{rel}","templated":true}]}}