{"id":81816,"date":"2022-11-28T13:12:59","date_gmt":"2022-11-28T12:12:59","guid":{"rendered":"https:\/\/secureus.se\/produkt\/ajax-glassprotect-glaskrossdetektor-9m-tradlos-svart\/"},"modified":"2026-03-10T11:01:57","modified_gmt":"2026-03-10T10:01:57","slug":"ajax-glassprotect-glaskross-svart","status":"publish","type":"product","link":"https:\/\/secureus.se\/es\/ajax-glassprotect-glaskross-svart\/","title":{"rendered":"Detector de rotura de cristales Ajax GlassProtect de 9 m, inal\u00e1mbrico, color negro"},"content":{"rendered":"<h3><strong>Ajax GlassProtect: detector inal\u00e1mbrico de rotura de cristales para mayor protecci\u00f3n<\/strong><\/h3>\n<p>Ajax GlassProtect es un detector de rotura de vidrios inal\u00e1mbrico de alta tecnolog\u00eda que ofrece protecci\u00f3n confiable para su hogar o negocio.<\/p>\n<p>Dise\u00f1ado para detectar r\u00e1pidamente la rotura de vidrios desde hasta 9 metros de distancia, este detector utiliza un micr\u00f3fono electret sensible que graba el sonido del vidrio roto, incluidos los sonidos de baja y alta frecuencia.<\/p>\n<p>GlassProtect reacciona inmediatamente ante una rotura de vidrio y env\u00eda una se\u00f1al de alarma a su sistema Ajax, garantizando que tanto los usuarios como las empresas de seguridad est\u00e9n informados r\u00e1pidamente de cualquier intrusi\u00f3n.<\/p>\n<p><strong>Previene falsas alarmas con tecnolog\u00eda avanzada<\/strong><\/p>\n<p>Una de las principales ventajas de Ajax GlassProtect es su capacidad para minimizar las falsas alarmas.<\/p>\n<p>Al utilizar la detecci\u00f3n de rotura de cristales de dos factores, que combina el sonido del cristal rompi\u00e9ndose y el cristal cayendo, puede distinguir con precisi\u00f3n intrusiones reales de otras perturbaciones como truenos, ladridos de perros o sonidos de coches que pasan.<\/p>\n<p>Esto significa que el detector solo reacciona a amenazas reales, reduciendo el riesgo de falsas alarmas y brind\u00e1ndole una soluci\u00f3n de seguridad m\u00e1s segura y confiable.<\/p>\n<p><strong>Comunicaci\u00f3n segura y alarma antimanipulaci\u00f3n<\/strong><\/p>\n<p>Ajax GlassProtect utiliza la radio Jeweler de Ajax para comunicarse con su sistema de seguridad.<\/p>\n<p>Esto permite que el detector funcione a distancias de hasta 1000 metros sin obst\u00e1culos, garantizando que todas las alarmas y datos se transmitan de manera eficiente.<\/p>\n<p>Para mejorar a\u00fan m\u00e1s la seguridad, GlassProtect tiene una funci\u00f3n a prueba de manipulaciones que activa inmediatamente una alarma si alguien intenta manipular el dispositivo o quitarlo del panel de montaje.<\/p>\n<p><strong>Bater\u00eda de larga duraci\u00f3n y f\u00e1cil instalaci\u00f3n<\/strong><\/p>\n<p>Con la bater\u00eda CR123A incluida, que tiene una larga vida \u00fatil de hasta 7 a\u00f1os, Ajax GlassProtect ofrece un funcionamiento duradero y sin necesidad de mantenimiento.<\/p>\n<p>Esto lo hace ideal tanto para propiedades residenciales como comerciales, donde la confiabilidad y el funcionamiento duradero son importantes.<\/p>\n<p>La instalaci\u00f3n tambi\u00e9n es muy sencilla: una vez que la bater\u00eda est\u00e1 preinstalada y el dispositivo est\u00e1 listo para usar, conecta r\u00e1pidamente GlassProtect a tu concentrador Ajax a trav\u00e9s de la aplicaci\u00f3n y m\u00f3ntalo en el panel SmartBracket incluido.<\/p>\n<p><strong>Inteligente y eficaz para todo tipo de ventanas<\/strong><\/p>\n<p>GlassProtect funciona de manera excelente en entornos donde es importante proteger ventanas y vidrios.<\/p>\n<p>No es sensible a otros sonidos como truenos o ladridos de perros, lo que significa que proporciona una detecci\u00f3n precisa sin verse afectado por interferencias externas.<\/p>\n<p>El detector est\u00e1 dise\u00f1ado para detectar roturas de vidrio dentro de un rango de detecci\u00f3n de 180\u00b0 y se puede instalar f\u00e1cilmente en una pared o en el marco de una ventana.<\/p>\n<p>Para obtener mejores resultados, el dispositivo debe colocarse entre cortinas u otros obst\u00e1culos para garantizar que responda a la rotura del vidrio sin ser filtrado por otros sonidos u objetos.<\/p>\n<p><strong>Especificaciones t\u00e9cnicas:<\/strong><\/p>\n<ul>\n<li><strong>Tipo de detector:<\/strong> Detector de rotura de cristales inal\u00e1mbrico<\/li>\n<li><strong>Distancia de detecci\u00f3n:<\/strong> Hasta 9 metros<\/li>\n<li><strong>\u00c1ngulo de detecci\u00f3n:<\/strong> 180\u00b0<\/li>\n<li><strong>Duraci\u00f3n de la bater\u00eda:<\/strong> Hasta 7 a\u00f1os<\/li>\n<li><strong>Protocolo de comunicaci\u00f3n:<\/strong> Joyero<\/li>\n<li><strong>Fuente de alimentaci\u00f3n:<\/strong> Bater\u00eda CR123A (3 V, preinstalada)<\/li>\n<li><strong>M\u00e9todo de instalaci\u00f3n:<\/strong> Interior<\/li>\n<li><strong>Rango de temperatura:<\/strong> -10\u00b0C a +40\u00b0C<\/li>\n<li><strong>Humedad:<\/strong> Hasta 75%<\/li>\n<li><strong>Dimensiones:<\/strong> Di\u00e1metro: 20 mm, Altura: 90 mm<\/li>\n<li><strong>Peso:<\/strong> 30 gramos<\/li>\n<li><strong>Alarma de manipulaci\u00f3n:<\/strong> S\u00ed<\/li>\n<li><strong>Compatibilidad:<\/strong> Funciona con todos los concentradores Ajax, extensores de rango, ocBridge Plus, uartBridge<\/li>\n<\/ul>\n<p><strong>Conclusi\u00f3n:<\/strong><\/p>\n<p>Ajax GlassProtect ofrece una soluci\u00f3n confiable y segura para proteger su hogar o negocio contra intrusiones a trav\u00e9s de vidrios rotos.<\/p>\n<p>Con bater\u00eda de larga duraci\u00f3n, tecnolog\u00eda avanzada para evitar falsas alarmas y f\u00e1cil instalaci\u00f3n, GlassProtect es la elecci\u00f3n perfecta para quienes desean un sistema de seguridad contra rotura de vidrios confiable y efectivo.<\/p>","protected":false},"excerpt":{"rendered":"<p>Ajax GlassProtect es un detector de rotura de cristales inal\u00e1mbrico que detecta roturas de cristales hasta a 9 metros de distancia.<\/p>\n<p>Con tecnolog\u00eda avanzada para evitar falsas alarmas y una duraci\u00f3n de bater\u00eda de hasta 7 a\u00f1os, proporciona protecci\u00f3n confiable para su hogar o negocio.<\/p>","protected":false},"featured_media":152146,"template":"","meta":{"_acf_changed":false},"product_brand":[],"product_cat":[3160,1319,3162],"product_tag":[3152,3127,4863],"class_list":{"0":"post-81816","1":"product","2":"type-product","3":"status-publish","4":"has-post-thumbnail","6":"product_cat-skalskydd","7":"product_cat-ajax-larm","8":"product_cat-glaskrossdetektor","9":"product_tag-cr123-tillbehor","10":"product_tag-kontrollprodukt","11":"product_tag-pf","12":"product_shipping_class-postnord-varubrev","13":"pa_brands-ajax-systems","14":"pa_color-svart","15":"pa_farg-svart","16":"tm-no-options","18":"first","19":"instock","20":"sale","21":"featured","22":"taxable","23":"shipping-taxable","24":"purchasable","25":"product-type-simple"},"acf":[],"_links":{"self":[{"href":"https:\/\/secureus.se\/es\/wp-json\/wp\/v2\/product\/81816","targetHints":{"allow":["GET"]}}],"collection":[{"href":"https:\/\/secureus.se\/es\/wp-json\/wp\/v2\/product"}],"about":[{"href":"https:\/\/secureus.se\/es\/wp-json\/wp\/v2\/types\/product"}],"wp:featuredmedia":[{"embeddable":true,"href":"https:\/\/secureus.se\/es\/wp-json\/wp\/v2\/media\/152146"}],"wp:attachment":[{"href":"https:\/\/secureus.se\/es\/wp-json\/wp\/v2\/media?parent=81816"}],"wp:term":[{"taxonomy":"product_brand","embeddable":true,"href":"https:\/\/secureus.se\/es\/wp-json\/wp\/v2\/product_brand?post=81816"},{"taxonomy":"product_cat","embeddable":true,"href":"https:\/\/secureus.se\/es\/wp-json\/wp\/v2\/product_cat?post=81816"},{"taxonomy":"product_tag","embeddable":true,"href":"https:\/\/secureus.se\/es\/wp-json\/wp\/v2\/product_tag?post=81816"}],"curies":[{"name":"wp","href":"https:\/\/api.w.org\/{rel}","templated":true}]}}