{"id":81844,"date":"2022-11-28T12:54:08","date_gmt":"2022-11-28T11:54:08","guid":{"rendered":"https:\/\/secureus.se\/produkt\/monteringsfaste-ridadetektor-svart\/"},"modified":"2026-03-10T11:01:39","modified_gmt":"2026-03-10T10:01:39","slug":"ajax-smart-bracket-svart-7","status":"publish","type":"product","link":"https:\/\/secureus.se\/es\/ajax-smart-bracket-svart-7\/","title":{"rendered":"Repuesto de soporte inteligente Ajax Soporte de montaje \/ accesorios Detector de cortina negro"},"content":{"rendered":"<h3><strong>Soporte de montaje inteligente Ajax para detector de cortina: f\u00e1cil instalaci\u00f3n y colocaci\u00f3n estable<\/strong><\/h3>\n<p>El soporte inteligente Ajax es el accesorio perfecto para garantizar una f\u00e1cil instalaci\u00f3n y una correcta colocaci\u00f3n de su detector de cortina Ajax.<\/p>\n<p>Esta soluci\u00f3n de montaje duradera y flexible le permite fijar el detector de cortina a una superficie vertical o en una esquina de la habitaci\u00f3n para garantizar que el \u00e1rea de detecci\u00f3n cubra mejor el \u00e1rea deseada.<\/p>\n<p>Los detectores de cortina son particularmente \u00fatiles para proteger \u00e1reas abiertas m\u00e1s grandes, como ventanas, puertas u otros puntos de intrusi\u00f3n donde se pueda detectar movimiento.<\/p>\n<p>Para optimizar el rendimiento de su detector de cortina, la instalaci\u00f3n adecuada es crucial, y el soporte de montaje Smart Bracket le permite obtener los mejores resultados posibles sin una instalaci\u00f3n complicada.<\/p>\n<p><strong>Instalaci\u00f3n f\u00e1cil y r\u00e1pida<\/strong><\/p>\n<p>El soporte inteligente est\u00e1 dise\u00f1ado para ser f\u00e1cil de usar y duradero.<\/p>\n<p>Para instalarlo, retire el panel de montaje del detector de cortina y fije el panel del soporte inteligente a una superficie vertical o una esquina de la habitaci\u00f3n usando cinta de doble cara u otros sujetadores temporales.<\/p>\n<p>La altura de instalaci\u00f3n recomendada para el soporte es de 2,4 metros para obtener la mejor cobertura posible del detector. Una vez colocado el soporte, puedes ajustar f\u00e1cilmente la ubicaci\u00f3n del detector para garantizar que funcione de manera eficaz.<\/p>\n<p><strong>Intensidad y cobertura de se\u00f1al \u00f3ptimas<\/strong><\/p>\n<p>El soporte inteligente Ajax permite probar f\u00e1cilmente la intensidad de la se\u00f1al despu\u00e9s de la instalaci\u00f3n.<\/p>\n<p>Con la aplicaci\u00f3n Ajax, puede realizar r\u00e1pidamente pruebas de intensidad de se\u00f1al para garantizar que el detector de cortina tenga una se\u00f1al estable y fuerte.<\/p>\n<p>Si la intensidad de la se\u00f1al es baja, un simple ajuste de la ubicaci\u00f3n del dispositivo puede mejorar significativamente la recepci\u00f3n de la se\u00f1al.<\/p>\n<p>Si despu\u00e9s de la reubicaci\u00f3n la intensidad de la se\u00f1al sigue siendo insuficiente, se puede utilizar el extensor de se\u00f1al de radio ReX 2 para amplificar a\u00fan m\u00e1s la se\u00f1al.<\/p>\n<p><strong>Dise\u00f1o flexible y sostenible<\/strong><\/p>\n<p>El soporte inteligente Ajax est\u00e1 dise\u00f1ado para ser duradero y flexible.<\/p>\n<p>Est\u00e1 dise\u00f1ado para admitir detectores de cortina Ajax y otros dispositivos similares, lo que lo convierte en un accesorio \u00fatil para su sistema de seguridad.<\/p>\n<p>El soporte inteligente est\u00e1 fabricado para garantizar que los dispositivos est\u00e9n montados de forma estable y protegidos de cualquier da\u00f1o que pueda ocurrir durante la instalaci\u00f3n o el uso.<\/p>\n<p><strong>Compatibilidad y seguridad<\/strong><\/p>\n<p>El soporte de montaje Smart Bracket es compatible con el detector de cortina Ajax y es perfecto tanto para nuevas instalaciones como para actualizaciones de sistemas existentes.<\/p>\n<p>Al utilizar la aplicaci\u00f3n Ajax, puede programar y ajustar f\u00e1cilmente el sistema para garantizar que todos los componentes funcionen de manera \u00f3ptima.<\/p>\n<p>La instalaci\u00f3n estable y la seguridad evitan que el dispositivo sea manipulado o da\u00f1ado, garantizando que su detector funcione de la mejor manera posible en caso de una posible intrusi\u00f3n.<\/p>\n<p><strong>Presupuesto:<\/strong><\/p>\n<ul>\n<li><strong>Tipo de accesorio:<\/strong> Soporte de montaje para detector de cortina Ajax<\/li>\n<li><strong>Altura de instalaci\u00f3n:<\/strong> Recomendado 2,4 metros<\/li>\n<li><strong>M\u00e9todo de instalaci\u00f3n:<\/strong> Se fija a superficies verticales o esquinas.<\/li>\n<li><strong>Material:<\/strong> Durable y resistente a la intemperie.<\/li>\n<li><strong>Compatibilidad:<\/strong> Compatible con el detector de cortina Ajax<\/li>\n<li><strong>Prueba de intensidad de la se\u00f1al:<\/strong> S\u00ed, a trav\u00e9s de la aplicaci\u00f3n Ajax<\/li>\n<li><strong>Sujetadores:<\/strong> Incluye tornillos y la opci\u00f3n de utilizar otros sujetadores.<\/li>\n<\/ul>\n<p><strong>Conclusi\u00f3n:<\/strong><\/p>\n<p>El soporte inteligente Ajax es una soluci\u00f3n pr\u00e1ctica y eficaz para instalar su detector de cortina Ajax.<\/p>\n<p>Al garantizar la ubicaci\u00f3n adecuada y optimizar la intensidad de la se\u00f1al, puede estar seguro de que su sistema de seguridad funciona de manera \u00f3ptima.<\/p>\n<p>Con una f\u00e1cil instalaci\u00f3n y un rendimiento duradero, el soporte inteligente es una parte esencial del sistema de seguridad Ajax.<\/p>","protected":false},"excerpt":{"rendered":"<p>Ajax Smart Bracket es un soporte de montaje para detectores de cortina Ajax que hace que la instalaci\u00f3n sea f\u00e1cil y segura.<\/p>\n<p>Con este soporte, puede montar r\u00e1pidamente el detector de cortina en una superficie vertical o en una esquina para una cobertura \u00f3ptima de su sistema de seguridad.<\/p>","protected":false},"featured_media":0,"template":"","meta":{"_acf_changed":false},"product_brand":[],"product_cat":[3128],"product_tag":[2137,4863],"class_list":{"0":"post-81844","1":"product","2":"type-product","3":"status-publish","5":"product_cat-ajax-reservdelar-fasten","6":"product_tag-lager-ajax","7":"product_tag-pf","8":"product_shipping_class-postnord-varubrev","9":"pa_brands-ajax-systems","10":"pa_color-svart","11":"pa_farg-svart","12":"tm-no-options","14":"first","15":"instock","16":"sale","17":"featured","18":"taxable","19":"shipping-taxable","20":"purchasable","21":"product-type-simple"},"acf":[],"_links":{"self":[{"href":"https:\/\/secureus.se\/es\/wp-json\/wp\/v2\/product\/81844","targetHints":{"allow":["GET"]}}],"collection":[{"href":"https:\/\/secureus.se\/es\/wp-json\/wp\/v2\/product"}],"about":[{"href":"https:\/\/secureus.se\/es\/wp-json\/wp\/v2\/types\/product"}],"wp:attachment":[{"href":"https:\/\/secureus.se\/es\/wp-json\/wp\/v2\/media?parent=81844"}],"wp:term":[{"taxonomy":"product_brand","embeddable":true,"href":"https:\/\/secureus.se\/es\/wp-json\/wp\/v2\/product_brand?post=81844"},{"taxonomy":"product_cat","embeddable":true,"href":"https:\/\/secureus.se\/es\/wp-json\/wp\/v2\/product_cat?post=81844"},{"taxonomy":"product_tag","embeddable":true,"href":"https:\/\/secureus.se\/es\/wp-json\/wp\/v2\/product_tag?post=81844"}],"curies":[{"name":"wp","href":"https:\/\/api.w.org\/{rel}","templated":true}]}}