{"id":81849,"date":"2022-11-28T11:05:23","date_gmt":"2022-11-28T10:05:23","guid":{"rendered":"https:\/\/secureus.se\/produkt\/ajax-hub2-vit-centralapparat-med-ethernet-lan-samt-2g\/"},"modified":"2026-04-05T17:36:30","modified_gmt":"2026-04-05T15:36:30","slug":"ajax-hub-2-entralapparat-med-eth-vit","status":"publish","type":"product","link":"https:\/\/secureus.se\/es\/ajax-hub-2-entralapparat-med-eth-vit\/","title":{"rendered":"Unidad central Ajax Hub 2 - Ethernet Blanco"},"content":{"rendered":"<h3>Ajax Hub 2 Ethernet es el cerebro de su sistema de seguridad y un concentrador central para conectar todos los dispositivos inal\u00e1mbricos Ajax.<\/h3>\n<p>Con la capacidad de conectarse a trav\u00e9s de un cable de red a su enrutador, este panel de control ofrece una comunicaci\u00f3n estable y r\u00e1pida para todo su sistema de seguridad.<\/p>\n<p>Perfecto tanto para hogares como para peque\u00f1as empresas, el Hub 2 Ethernet tiene un alcance impresionante de hasta 2000 metros en terreno abierto y la capacidad de conectar hasta cinco repetidores (ReX\/ReX2), lo que le da un alcance inal\u00e1mbrico total de 35 km\u00b2.<\/p>\n<p><strong>Integraci\u00f3n de c\u00e1maras y escenario<\/strong>:<br \/>\nUna de las caracter\u00edsticas m\u00e1s potentes del Ajax Hub 2 Ethernet es su capacidad de administrar hasta 25 c\u00e1maras y NVR.<\/p>\n<p>Con la transmisi\u00f3n de c\u00e1mara, puede obtener instant\u00e1neas r\u00e1pidamente en caso de alarma, lo que le brinda verificaci\u00f3n visual del evento. Esta funci\u00f3n se puede adaptar f\u00e1cilmente para funcionar con c\u00e1maras de diferentes fabricantes, incluidas marcas populares como Ezviz y Hikvision, lo que proporciona flexibilidad y adaptabilidad para diferentes necesidades de seguridad.<\/p>\n<p><strong>F\u00e1cil instalaci\u00f3n y uso<\/strong>:<br \/>\nLa f\u00e1cil instalaci\u00f3n y uso son un hecho para el Ajax Hub 2 Ethernet. Simplemente conecte el dispositivo a su enrutador a trav\u00e9s del cable de red y config\u00farelo a trav\u00e9s de la aplicaci\u00f3n Ajax para comenzar a usarlo.<\/p>\n<p>Tambi\u00e9n puedes crear hasta 32 escenarios para automatizar tu sistema de seguridad, como encender las luces en caso de alarma o cortar el suministro de agua para evitar fugas.<\/p>\n<p><strong>Actualizaciones de firmware y seguridad<\/strong>:<br \/>\nEl Hub 2 Ethernet se actualiza autom\u00e1ticamente a trav\u00e9s de actualizaciones de firmware, lo que garantiza que el sistema est\u00e9 siempre actualizado con las \u00faltimas funciones de seguridad.<\/p>\n<p>Las actualizaciones se realizan de forma r\u00e1pida y eficiente, sin interrumpir su seguridad. El concentrador tambi\u00e9n cuenta con una bater\u00eda de respaldo de iones de litio que proporciona hasta 16 horas de funcionamiento durante un corte de energ\u00eda, lo que garantiza seguridad continua incluso si se interrumpe el suministro de energ\u00eda.<\/p>\n<p><strong>Compatibilidad y escalabilidad<\/strong>:<br \/>\nEl Hub 2 Ethernet es compatible con todos los dispositivos Ajax, lo que lo convierte en una opci\u00f3n flexible para diversas soluciones de seguridad.<\/p>\n<p>Podr\u00e1s conectar hasta 100 dispositivos y crear hasta 9 grupos o \u00e1reas para gestionar m\u00e1s f\u00e1cilmente la seguridad en diferentes partes del edificio.<\/p>\n<p>Para proporcionar una descripci\u00f3n m\u00e1s detallada, puede crear hasta 50 habitaciones y realizar un seguimiento de los modos de seguridad y las alarmas de cada dispositivo.<\/p>\n<p><strong>Informaci\u00f3n t\u00e9cnica<\/strong>:<\/p>\n<ul>\n<li><strong>Comunicaci\u00f3n<\/strong>:LAN, 2G (GSM900\/DCS1800)<\/li>\n<li><strong>Alcance inal\u00e1mbrico<\/strong>:Hasta 2000 metros en terreno abierto<\/li>\n<li><strong>Transmisi\u00f3n de c\u00e1mara<\/strong>:Hasta 25 c\u00e1maras o NVR<\/li>\n<li><strong>Tarjeta SIM<\/strong>: 2 piezas (para red 2G)<\/li>\n<li><strong>Fuente de alimentaci\u00f3n<\/strong>:110-240 V, 50\/60 Hz<\/li>\n<li><strong>Bater\u00eda de respaldo<\/strong>: Li-Ion 2Ah (hasta 16 horas)<\/li>\n<li><strong>Rango de temperatura<\/strong>:-10\u00b0C a +40\u00b0C<\/li>\n<li><strong>Clasificaci\u00f3n IP<\/strong>:IP50<\/li>\n<li><strong>Medida<\/strong>:160 \u00d7 160 \u00d7 36 mm<\/li>\n<li><strong>Peso<\/strong>:400 gramos<\/li>\n<\/ul>\n<p><strong>Qu\u00e9 incluye el paquete<\/strong>:<\/p>\n<ul>\n<li>Concentrador 2 Ethernet<\/li>\n<li>Cable de alimentaci\u00f3n<\/li>\n<li>Cable de red<\/li>\n<li>Bater\u00eda de respaldo<\/li>\n<\/ul>","protected":false},"excerpt":{"rendered":"<p>Ajax Hub 2 Ethernet es un panel de control potente y confiable que le permite conectar dispositivos inal\u00e1mbricos Ajax a su sistema de seguridad a trav\u00e9s de un cable de red.<\/p>\n<p>Perfecto tanto para hogares como para peque\u00f1as empresas, con excelente alcance y funcionalidad avanzada para transmisi\u00f3n de c\u00e1mara y escenarios.<\/p>","protected":false},"featured_media":152095,"template":"","meta":{"_acf_changed":false},"product_brand":[],"product_cat":[3154,1319],"product_tag":[3127,2137,4863],"class_list":{"0":"post-81849","1":"product","2":"type-product","3":"status-publish","4":"has-post-thumbnail","6":"product_cat-centralenheter","7":"product_cat-ajax-larm","8":"product_tag-kontrollprodukt","9":"product_tag-lager-ajax","10":"product_tag-pf","11":"product_shipping_class-postnord-varubrev","12":"pa_brands-ajax-systems","13":"pa_color-vit","14":"pa_farg-vit","15":"tm-no-options","17":"first","18":"instock","19":"sale","20":"featured","21":"taxable","22":"shipping-taxable","23":"purchasable","24":"product-type-simple"},"acf":[],"_links":{"self":[{"href":"https:\/\/secureus.se\/es\/wp-json\/wp\/v2\/product\/81849","targetHints":{"allow":["GET"]}}],"collection":[{"href":"https:\/\/secureus.se\/es\/wp-json\/wp\/v2\/product"}],"about":[{"href":"https:\/\/secureus.se\/es\/wp-json\/wp\/v2\/types\/product"}],"wp:featuredmedia":[{"embeddable":true,"href":"https:\/\/secureus.se\/es\/wp-json\/wp\/v2\/media\/152095"}],"wp:attachment":[{"href":"https:\/\/secureus.se\/es\/wp-json\/wp\/v2\/media?parent=81849"}],"wp:term":[{"taxonomy":"product_brand","embeddable":true,"href":"https:\/\/secureus.se\/es\/wp-json\/wp\/v2\/product_brand?post=81849"},{"taxonomy":"product_cat","embeddable":true,"href":"https:\/\/secureus.se\/es\/wp-json\/wp\/v2\/product_cat?post=81849"},{"taxonomy":"product_tag","embeddable":true,"href":"https:\/\/secureus.se\/es\/wp-json\/wp\/v2\/product_tag?post=81849"}],"curies":[{"name":"wp","href":"https:\/\/api.w.org\/{rel}","templated":true}]}}