{"id":81864,"date":"2022-11-28T12:53:57","date_gmt":"2022-11-28T11:53:57","guid":{"rendered":"https:\/\/secureus.se\/produkt\/monteringsfaste-magnetkontakt-vit\/"},"modified":"2026-03-13T13:18:24","modified_gmt":"2026-03-13T12:18:24","slug":"ajax-smart-bracket-monteringsfaste-dorrsensor-magnetkontakt","status":"publish","type":"product","link":"https:\/\/secureus.se\/es\/ajax-smart-bracket-monteringsfaste-dorrsensor-magnetkontakt\/","title":{"rendered":"Repuesto Ajax: Soporte de montaje para DoorProtect\/GlassProtect (solo sensor, no incluye im\u00e1n) \u2013 Blanco"},"content":{"rendered":"<h3><strong>Soporte inteligente Ajax Soporte de montaje para sensor de puerta y contacto magn\u00e9tico<\/strong><\/h3>\n<p>Ajax Smart Bracket es un soporte de montaje eficaz y f\u00e1cil de usar, dise\u00f1ado para facilitar la instalaci\u00f3n de sensores de puerta y contactos magn\u00e9ticos Ajax.<\/p>\n<p>Este soporte de montaje le permite conectar sensores de forma r\u00e1pida y sencilla a superficies verticales o esquinas, optimizando la cobertura y garantizando el funcionamiento confiable de su sistema de seguridad Ajax.<\/p>","protected":false},"excerpt":{"rendered":"<p>Soporte de montaje como pieza de repuesto para Ajax DoorProtect y GlassProtect.<br \/>\n<strong><br \/>\nNota<\/strong>:Este soporte est\u00e1 dise\u00f1ado para la parte del sensor en s\u00ed (sensor de puerta\/ventana), no para la parte del im\u00e1n.<\/p>","protected":false},"featured_media":0,"template":"","meta":{"_acf_changed":false},"product_brand":[],"product_cat":[3128],"product_tag":[4863],"class_list":{"0":"post-81864","1":"product","2":"type-product","3":"status-publish","5":"product_cat-ajax-reservdelar-fasten","6":"product_tag-pf","7":"product_shipping_class-postnord-varubrev","8":"pa_brands-ajax-systems","9":"pa_color-vit","10":"pa_farg-vit","11":"tm-no-options","13":"first","14":"instock","15":"featured","16":"taxable","17":"shipping-taxable","18":"purchasable","19":"product-type-simple"},"acf":[],"_links":{"self":[{"href":"https:\/\/secureus.se\/es\/wp-json\/wp\/v2\/product\/81864","targetHints":{"allow":["GET"]}}],"collection":[{"href":"https:\/\/secureus.se\/es\/wp-json\/wp\/v2\/product"}],"about":[{"href":"https:\/\/secureus.se\/es\/wp-json\/wp\/v2\/types\/product"}],"wp:attachment":[{"href":"https:\/\/secureus.se\/es\/wp-json\/wp\/v2\/media?parent=81864"}],"wp:term":[{"taxonomy":"product_brand","embeddable":true,"href":"https:\/\/secureus.se\/es\/wp-json\/wp\/v2\/product_brand?post=81864"},{"taxonomy":"product_cat","embeddable":true,"href":"https:\/\/secureus.se\/es\/wp-json\/wp\/v2\/product_cat?post=81864"},{"taxonomy":"product_tag","embeddable":true,"href":"https:\/\/secureus.se\/es\/wp-json\/wp\/v2\/product_tag?post=81864"}],"curies":[{"name":"wp","href":"https:\/\/api.w.org\/{rel}","templated":true}]}}