{"id":81877,"date":"2022-11-28T12:06:12","date_gmt":"2022-11-28T11:06:12","guid":{"rendered":"https:\/\/secureus.se\/produkt\/ajax-combiprotect-ir-glaskrossdetektor-12m-tradlos-svart\/"},"modified":"2026-03-15T09:17:29","modified_gmt":"2026-03-15T08:17:29","slug":"ajax-combiprotect-ir-glaskross-12m-svart","status":"publish","type":"product","link":"https:\/\/secureus.se\/es\/ajax-combiprotect-ir-glaskross-12m-svart\/","title":{"rendered":"Sensor de movimiento Ajax CombiProtect + detector de rotura de cristales integrado, color negro"},"content":{"rendered":"<h3>Ajax CombiProtect es una soluci\u00f3n de seguridad innovadora y avanzada que combina dos funciones importantes: detecci\u00f3n de movimiento y detecci\u00f3n de rotura de cristales, en un mismo dispositivo.<\/h3>\n<p>Este detector inal\u00e1mbrico proporciona una protecci\u00f3n completa al garantizar que tanto las intrusiones a trav\u00e9s de puertas y ventanas como la posible rotura de cristales se detecten r\u00e1pidamente.<\/p>\n<p>El sensor de movimiento tiene un alcance de hasta 12 metros, lo que le permite monitorear un \u00e1rea grande, y utiliza un sensor PIR (infrarrojo pasivo) para detectar movimiento.<\/p>\n<p>El sensor tambi\u00e9n est\u00e1 equipado con inmunidad animal, lo que significa que las mascotas que pesan hasta 20 kg y una altura de hasta 50 cm son ignoradas, minimizando el riesgo de falsas alarmas causadas por animales en movimiento.<\/p>\n<p>El detector de rotura de cristales tiene un alcance de hasta 9 metros y est\u00e1 equipado con un micr\u00f3fono electret que reacciona al sonido de los cristales rotos.<\/p>\n<p>Para evitar falsas alarmas, se requiere una secuencia espec\u00edfica de sonidos (primero un golpe apagado, seguido del sonido de cristales cayendo) que evita activaciones no deseadas, por ejemplo, de truenos o de un perro ladrando.<\/p>\n<p>El dispositivo est\u00e1 dise\u00f1ado para ser altamente confiable y seguro. CombiProtect tiene funciones de autenticaci\u00f3n integradas para evitar la manipulaci\u00f3n y el sabotaje.<\/p>\n<p>Si se intenta manipular el dispositivo, se activa una alarma que env\u00eda inmediatamente una se\u00f1al al concentrador del sistema Ajax.<\/p>\n<p>El detector puede funcionar hasta 5 a\u00f1os con una bater\u00eda CR123A preinstalada y funciona eficazmente a temperaturas entre -10 \u00b0C y +40 \u00b0C.<\/p>\n<p>Se comunica de forma inal\u00e1mbrica con el hub a trav\u00e9s de Ajax Jeweller, un protocolo seguro que garantiza una transmisi\u00f3n de datos confiable y segura hasta 1.200 metros en terreno abierto.<\/p>\n<p>En caso de cualquier interferencia o bloqueo de la se\u00f1al, el sistema Ajax cambia a otra frecuencia de radio para garantizar una comunicaci\u00f3n constante.<\/p>\n<p>CombiProtect es f\u00e1cil de instalar y configurar a trav\u00e9s de la aplicaci\u00f3n m\u00f3vil Ajax, donde el usuario puede agregar r\u00e1pidamente el dispositivo al sistema y personalizar configuraciones como la sensibilidad y las funciones de alarma.<\/p>\n<p>Con su combinaci\u00f3n de detecci\u00f3n de movimiento y rotura de cristales, Ajax CombiProtect es la elecci\u00f3n perfecta para proteger su hogar o negocio contra intrusiones y rotura de cristales.<\/p>\n<p><strong>Especificaciones t\u00e9cnicas<\/strong>:<\/p>\n<ul>\n<li><strong>Detecci\u00f3n de movimiento<\/strong>:Hasta 12 metros<\/li>\n<li><strong>Detecci\u00f3n de rotura de cristales<\/strong>:Hasta 9 metros<\/li>\n<li><strong>Inmunidad animal<\/strong>:S\u00ed, hasta 20 kg, 50 cm de altura.<\/li>\n<li><strong>Duraci\u00f3n de la bater\u00eda<\/strong>:Hasta 5 a\u00f1os<\/li>\n<li><strong>Temperatura de funcionamiento<\/strong>:-10\u00b0C a +40\u00b0C<\/li>\n<li><strong>Comunicaci\u00f3n<\/strong>Protocolo Ajax Jeweller (hasta 1200 metros de alcance)<\/li>\n<li><strong>Alarma de manipulaci\u00f3n<\/strong>: S\u00ed<\/li>\n<li><strong>Fuente de alimentaci\u00f3n<\/strong>: 1 bater\u00eda CR123A (3 V, preinstalada)<\/li>\n<li><strong>Clase de protecci\u00f3n<\/strong>:IP55<\/li>\n<li><strong>Peso<\/strong>:92 gramos<\/li>\n<li><strong>Tama\u00f1o<\/strong>:110 x 65 x 50 mm<\/li>\n<\/ul>","protected":false},"excerpt":{"rendered":"<p>Ajax CombiProtect es un sensor de movimiento inal\u00e1mbrico y detector de rotura de cristales que combina dos funciones de seguridad en un solo dispositivo.<\/p>\n<p>Detecta movimiento hasta 12 metros y cristales rotos hasta 9 metros de la ventana.<\/p>\n<p>Con tecnolog\u00eda avanzada que incluye inmunidad animal y canales de comunicaci\u00f3n encriptados, este detector ofrece seguridad confiable para hogares y negocios.<\/p>","protected":false},"featured_media":155439,"template":"","meta":{"_acf_changed":false},"product_brand":[],"product_cat":[3156,1319,3162,3155],"product_tag":[3127,4863],"class_list":{"0":"post-81877","1":"product","2":"type-product","3":"status-publish","4":"has-post-thumbnail","6":"product_cat-rorelse-och-kamera","7":"product_cat-ajax-larm","8":"product_cat-glaskrossdetektor","9":"product_cat-larmenheter","10":"product_tag-kontrollprodukt","11":"product_tag-pf","12":"product_shipping_class-postnord-varubrev","13":"pa_brands-ajax-systems","14":"pa_color-svart","15":"pa_farg-svart","16":"tm-no-options","18":"first","19":"instock","20":"sale","21":"featured","22":"taxable","23":"shipping-taxable","24":"purchasable","25":"product-type-simple"},"acf":[],"_links":{"self":[{"href":"https:\/\/secureus.se\/es\/wp-json\/wp\/v2\/product\/81877","targetHints":{"allow":["GET"]}}],"collection":[{"href":"https:\/\/secureus.se\/es\/wp-json\/wp\/v2\/product"}],"about":[{"href":"https:\/\/secureus.se\/es\/wp-json\/wp\/v2\/types\/product"}],"wp:featuredmedia":[{"embeddable":true,"href":"https:\/\/secureus.se\/es\/wp-json\/wp\/v2\/media\/155439"}],"wp:attachment":[{"href":"https:\/\/secureus.se\/es\/wp-json\/wp\/v2\/media?parent=81877"}],"wp:term":[{"taxonomy":"product_brand","embeddable":true,"href":"https:\/\/secureus.se\/es\/wp-json\/wp\/v2\/product_brand?post=81877"},{"taxonomy":"product_cat","embeddable":true,"href":"https:\/\/secureus.se\/es\/wp-json\/wp\/v2\/product_cat?post=81877"},{"taxonomy":"product_tag","embeddable":true,"href":"https:\/\/secureus.se\/es\/wp-json\/wp\/v2\/product_tag?post=81877"}],"curies":[{"name":"wp","href":"https:\/\/api.w.org\/{rel}","templated":true}]}}